{"id":1589,"date":"2024-03-25T17:37:43","date_gmt":"2024-03-25T14:37:43","guid":{"rendered":"https:\/\/peakguesthouses.com\/?page_id=1589"},"modified":"2024-03-25T17:53:49","modified_gmt":"2024-03-25T14:53:49","slug":"nar-bis-zu-6-personen-2","status":"publish","type":"page","link":"https:\/\/peakguesthouses.com\/de\/bungalows\/nar-bis-zu-6-personen-2\/","title":{"rendered":"Erma &#8211; 6 Personen"},"content":{"rendered":"<div class=\"symple-pricing-table \"> <div class=\"symple-pricing symple-one-half symple-column-first \"><div class=\"symple-pricing-header\"><h5>Erma<\/h5><div class=\"symple-pricing-cost\">90.\u2013 \u20ac<\/div><div class=\"symple-pricing-per\">per day<\/div><\/div><div class=\"symple-pricing-content\">\n<ul>\n<li>6 Personen<\/li>\n<li>Etagenbett<\/li>\n<li>alle Betten in einem Zimmer<\/li>\n<li>getrennte Sanit\u00e4ranlage<\/li>\n<li>Inklusive aller Bettwaren<\/li>\n<li>Elektrizit\u00e4t<\/li>\n<\/ul>\n<\/div><\/div> <\/div><div class=\"symple-clear-floats\"><\/div>\n<div class=\"tiled-gallery type-rectangular tiled-gallery-unresized\" data-original-width=\"720\" data-carousel-extra='{&quot;blog_id&quot;:1,&quot;permalink&quot;:&quot;https:\\\/\\\/peakguesthouses.com\\\/de\\\/bungalows\\\/nar-bis-zu-6-personen-2\\\/&quot;,&quot;likes_blog_id&quot;:117353292}' itemscope itemtype=\"http:\/\/schema.org\/ImageGallery\" > <div class=\"gallery-row\" style=\"width: 720px; height: 218px;\" data-original-width=\"720\" data-original-height=\"218\" > <div class=\"gallery-group images-1\" style=\"width: 289px; height: 218px;\" data-original-width=\"289\" data-original-height=\"218\" > <div class=\"tiled-gallery-item tiled-gallery-item-large\" itemprop=\"associatedMedia\" itemscope itemtype=\"http:\/\/schema.org\/ImageObject\"> <a href=\"https:\/\/i0.wp.com\/peakguesthouses.com\/wp-content\/uploads\/2024\/03\/WhatsApp-Image-2024-03-25-at-15.28.29.jpeg?ssl=1\" border=\"0\" itemprop=\"url\"> <meta itemprop=\"width\" content=\"285\"> <meta itemprop=\"height\" content=\"214\"> <img class=\"\" data-attachment-id=\"1593\" data-orig-file=\"https:\/\/peakguesthouses.com\/wp-content\/uploads\/2024\/03\/WhatsApp-Image-2024-03-25-at-15.28.29.jpeg\" data-orig-size=\"1600,1202\" data-comments-opened=\"\" data-image-meta=\"{&quot;aperture&quot;:&quot;0&quot;,&quot;credit&quot;:&quot;&quot;,&quot;camera&quot;:&quot;&quot;,&quot;caption&quot;:&quot;&quot;,&quot;created_timestamp&quot;:&quot;0&quot;,&quot;copyright&quot;:&quot;&quot;,&quot;focal_length&quot;:&quot;0&quot;,&quot;iso&quot;:&quot;0&quot;,&quot;shutter_speed&quot;:&quot;0&quot;,&quot;title&quot;:&quot;&quot;,&quot;orientation&quot;:&quot;0&quot;}\" data-image-title=\"WhatsApp Image 2024-03-25 at 15.28.29\" data-image-description=\"\" data-medium-file=\"https:\/\/i0.wp.com\/peakguesthouses.com\/wp-content\/uploads\/2024\/03\/WhatsApp-Image-2024-03-25-at-15.28.29.jpeg?fit=300%2C225&#038;ssl=1\" data-large-file=\"https:\/\/i0.wp.com\/peakguesthouses.com\/wp-content\/uploads\/2024\/03\/WhatsApp-Image-2024-03-25-at-15.28.29.jpeg?fit=720%2C541&#038;ssl=1\" src=\"https:\/\/i0.wp.com\/peakguesthouses.com\/wp-content\/uploads\/2024\/03\/WhatsApp-Image-2024-03-25-at-15.28.29.jpeg?w=285&#038;h=214&#038;ssl=1\" srcset=\"https:\/\/i0.wp.com\/peakguesthouses.com\/wp-content\/uploads\/2024\/03\/WhatsApp-Image-2024-03-25-at-15.28.29.jpeg?w=1600&amp;ssl=1 1600w, https:\/\/i0.wp.com\/peakguesthouses.com\/wp-content\/uploads\/2024\/03\/WhatsApp-Image-2024-03-25-at-15.28.29.jpeg?resize=300%2C225&amp;ssl=1 300w, https:\/\/i0.wp.com\/peakguesthouses.com\/wp-content\/uploads\/2024\/03\/WhatsApp-Image-2024-03-25-at-15.28.29.jpeg?resize=1024%2C769&amp;ssl=1 1024w, https:\/\/i0.wp.com\/peakguesthouses.com\/wp-content\/uploads\/2024\/03\/WhatsApp-Image-2024-03-25-at-15.28.29.jpeg?resize=768%2C577&amp;ssl=1 768w, https:\/\/i0.wp.com\/peakguesthouses.com\/wp-content\/uploads\/2024\/03\/WhatsApp-Image-2024-03-25-at-15.28.29.jpeg?resize=1536%2C1154&amp;ssl=1 1536w, https:\/\/i0.wp.com\/peakguesthouses.com\/wp-content\/uploads\/2024\/03\/WhatsApp-Image-2024-03-25-at-15.28.29.jpeg?w=1440&amp;ssl=1 1440w\" width=\"285\" height=\"214\" loading=\"lazy\" data-original-width=\"285\" data-original-height=\"214\" itemprop=\"http:\/\/schema.org\/image\" title=\"WhatsApp Image 2024-03-25 at 15.28.29\" alt=\"WhatsApp Image 2024-03-25 at 15.28.29\" style=\"width: 285px; height: 214px;\" \/> <\/a> <\/div> <\/div> <!-- close group --> <div class=\"gallery-group images-1\" style=\"width: 164px; height: 218px;\" data-original-width=\"164\" data-original-height=\"218\" > <div class=\"tiled-gallery-item tiled-gallery-item-small\" itemprop=\"associatedMedia\" itemscope itemtype=\"http:\/\/schema.org\/ImageObject\"> <a href=\"https:\/\/i0.wp.com\/peakguesthouses.com\/wp-content\/uploads\/2024\/03\/WhatsApp-Image-2024-03-25-at-15.28.13.jpeg?ssl=1\" border=\"0\" itemprop=\"url\"> <meta itemprop=\"width\" content=\"160\"> <meta itemprop=\"height\" content=\"214\"> <img class=\"\" data-attachment-id=\"1591\" data-orig-file=\"https:\/\/peakguesthouses.com\/wp-content\/uploads\/2024\/03\/WhatsApp-Image-2024-03-25-at-15.28.13.jpeg\" data-orig-size=\"1200,1600\" data-comments-opened=\"\" data-image-meta=\"{&quot;aperture&quot;:&quot;0&quot;,&quot;credit&quot;:&quot;&quot;,&quot;camera&quot;:&quot;&quot;,&quot;caption&quot;:&quot;&quot;,&quot;created_timestamp&quot;:&quot;0&quot;,&quot;copyright&quot;:&quot;&quot;,&quot;focal_length&quot;:&quot;0&quot;,&quot;iso&quot;:&quot;0&quot;,&quot;shutter_speed&quot;:&quot;0&quot;,&quot;title&quot;:&quot;&quot;,&quot;orientation&quot;:&quot;0&quot;}\" data-image-title=\"WhatsApp Image 2024-03-25 at 15.28.13\" data-image-description=\"\" data-medium-file=\"https:\/\/i0.wp.com\/peakguesthouses.com\/wp-content\/uploads\/2024\/03\/WhatsApp-Image-2024-03-25-at-15.28.13.jpeg?fit=225%2C300&#038;ssl=1\" data-large-file=\"https:\/\/i0.wp.com\/peakguesthouses.com\/wp-content\/uploads\/2024\/03\/WhatsApp-Image-2024-03-25-at-15.28.13.jpeg?fit=720%2C960&#038;ssl=1\" src=\"https:\/\/i0.wp.com\/peakguesthouses.com\/wp-content\/uploads\/2024\/03\/WhatsApp-Image-2024-03-25-at-15.28.13.jpeg?w=160&#038;h=214&#038;ssl=1\" srcset=\"https:\/\/i0.wp.com\/peakguesthouses.com\/wp-content\/uploads\/2024\/03\/WhatsApp-Image-2024-03-25-at-15.28.13.jpeg?w=1200&amp;ssl=1 1200w, https:\/\/i0.wp.com\/peakguesthouses.com\/wp-content\/uploads\/2024\/03\/WhatsApp-Image-2024-03-25-at-15.28.13.jpeg?resize=225%2C300&amp;ssl=1 225w, https:\/\/i0.wp.com\/peakguesthouses.com\/wp-content\/uploads\/2024\/03\/WhatsApp-Image-2024-03-25-at-15.28.13.jpeg?resize=768%2C1024&amp;ssl=1 768w, https:\/\/i0.wp.com\/peakguesthouses.com\/wp-content\/uploads\/2024\/03\/WhatsApp-Image-2024-03-25-at-15.28.13.jpeg?resize=1152%2C1536&amp;ssl=1 1152w\" width=\"160\" height=\"214\" loading=\"lazy\" data-original-width=\"160\" data-original-height=\"214\" itemprop=\"http:\/\/schema.org\/image\" title=\"WhatsApp Image 2024-03-25 at 15.28.13\" alt=\"WhatsApp Image 2024-03-25 at 15.28.13\" style=\"width: 160px; height: 214px;\" \/> <\/a> <\/div> <\/div> <!-- close group --> <div class=\"gallery-group images-1\" style=\"width: 103px; height: 218px;\" data-original-width=\"103\" data-original-height=\"218\" > <div class=\"tiled-gallery-item tiled-gallery-item-small\" itemprop=\"associatedMedia\" itemscope itemtype=\"http:\/\/schema.org\/ImageObject\"> <a href=\"https:\/\/i0.wp.com\/peakguesthouses.com\/wp-content\/uploads\/2024\/03\/WhatsApp-Image-2024-03-25-at-15.28.45.jpeg?ssl=1\" border=\"0\" itemprop=\"url\"> <meta itemprop=\"width\" content=\"99\"> <meta itemprop=\"height\" content=\"214\"> <img class=\"\" data-attachment-id=\"1595\" data-orig-file=\"https:\/\/peakguesthouses.com\/wp-content\/uploads\/2024\/03\/WhatsApp-Image-2024-03-25-at-15.28.45.jpeg\" data-orig-size=\"739,1600\" data-comments-opened=\"\" data-image-meta=\"{&quot;aperture&quot;:&quot;0&quot;,&quot;credit&quot;:&quot;&quot;,&quot;camera&quot;:&quot;&quot;,&quot;caption&quot;:&quot;&quot;,&quot;created_timestamp&quot;:&quot;0&quot;,&quot;copyright&quot;:&quot;&quot;,&quot;focal_length&quot;:&quot;0&quot;,&quot;iso&quot;:&quot;0&quot;,&quot;shutter_speed&quot;:&quot;0&quot;,&quot;title&quot;:&quot;&quot;,&quot;orientation&quot;:&quot;0&quot;}\" data-image-title=\"WhatsApp Image 2024-03-25 at 15.28.45\" data-image-description=\"\" data-medium-file=\"https:\/\/i0.wp.com\/peakguesthouses.com\/wp-content\/uploads\/2024\/03\/WhatsApp-Image-2024-03-25-at-15.28.45.jpeg?fit=139%2C300&#038;ssl=1\" data-large-file=\"https:\/\/i0.wp.com\/peakguesthouses.com\/wp-content\/uploads\/2024\/03\/WhatsApp-Image-2024-03-25-at-15.28.45.jpeg?fit=473%2C1024&#038;ssl=1\" src=\"https:\/\/i0.wp.com\/peakguesthouses.com\/wp-content\/uploads\/2024\/03\/WhatsApp-Image-2024-03-25-at-15.28.45.jpeg?w=99&#038;h=214&#038;ssl=1\" srcset=\"https:\/\/i0.wp.com\/peakguesthouses.com\/wp-content\/uploads\/2024\/03\/WhatsApp-Image-2024-03-25-at-15.28.45.jpeg?w=739&amp;ssl=1 739w, https:\/\/i0.wp.com\/peakguesthouses.com\/wp-content\/uploads\/2024\/03\/WhatsApp-Image-2024-03-25-at-15.28.45.jpeg?resize=139%2C300&amp;ssl=1 139w, https:\/\/i0.wp.com\/peakguesthouses.com\/wp-content\/uploads\/2024\/03\/WhatsApp-Image-2024-03-25-at-15.28.45.jpeg?resize=473%2C1024&amp;ssl=1 473w, https:\/\/i0.wp.com\/peakguesthouses.com\/wp-content\/uploads\/2024\/03\/WhatsApp-Image-2024-03-25-at-15.28.45.jpeg?resize=709%2C1536&amp;ssl=1 709w\" width=\"99\" height=\"214\" loading=\"lazy\" data-original-width=\"99\" data-original-height=\"214\" itemprop=\"http:\/\/schema.org\/image\" title=\"WhatsApp Image 2024-03-25 at 15.28.45\" alt=\"WhatsApp Image 2024-03-25 at 15.28.45\" style=\"width: 99px; height: 214px;\" \/> <\/a> <\/div> <\/div> <!-- close group --> <div class=\"gallery-group images-1\" style=\"width: 164px; height: 218px;\" data-original-width=\"164\" data-original-height=\"218\" > <div class=\"tiled-gallery-item tiled-gallery-item-small\" itemprop=\"associatedMedia\" itemscope itemtype=\"http:\/\/schema.org\/ImageObject\"> <a href=\"https:\/\/i0.wp.com\/peakguesthouses.com\/wp-content\/uploads\/2024\/03\/WhatsApp-Image-2024-03-25-at-15.29.57.jpeg?ssl=1\" border=\"0\" itemprop=\"url\"> <meta itemprop=\"width\" content=\"160\"> <meta itemprop=\"height\" content=\"214\"> <img class=\"\" data-attachment-id=\"1597\" data-orig-file=\"https:\/\/peakguesthouses.com\/wp-content\/uploads\/2024\/03\/WhatsApp-Image-2024-03-25-at-15.29.57.jpeg\" data-orig-size=\"1200,1600\" data-comments-opened=\"\" data-image-meta=\"{&quot;aperture&quot;:&quot;0&quot;,&quot;credit&quot;:&quot;&quot;,&quot;camera&quot;:&quot;&quot;,&quot;caption&quot;:&quot;&quot;,&quot;created_timestamp&quot;:&quot;0&quot;,&quot;copyright&quot;:&quot;&quot;,&quot;focal_length&quot;:&quot;0&quot;,&quot;iso&quot;:&quot;0&quot;,&quot;shutter_speed&quot;:&quot;0&quot;,&quot;title&quot;:&quot;&quot;,&quot;orientation&quot;:&quot;0&quot;}\" data-image-title=\"WhatsApp Image 2024-03-25 at 15.29.57\" data-image-description=\"\" data-medium-file=\"https:\/\/i0.wp.com\/peakguesthouses.com\/wp-content\/uploads\/2024\/03\/WhatsApp-Image-2024-03-25-at-15.29.57.jpeg?fit=225%2C300&#038;ssl=1\" data-large-file=\"https:\/\/i0.wp.com\/peakguesthouses.com\/wp-content\/uploads\/2024\/03\/WhatsApp-Image-2024-03-25-at-15.29.57.jpeg?fit=720%2C960&#038;ssl=1\" src=\"https:\/\/i0.wp.com\/peakguesthouses.com\/wp-content\/uploads\/2024\/03\/WhatsApp-Image-2024-03-25-at-15.29.57.jpeg?w=160&#038;h=214&#038;ssl=1\" srcset=\"https:\/\/i0.wp.com\/peakguesthouses.com\/wp-content\/uploads\/2024\/03\/WhatsApp-Image-2024-03-25-at-15.29.57.jpeg?w=1200&amp;ssl=1 1200w, https:\/\/i0.wp.com\/peakguesthouses.com\/wp-content\/uploads\/2024\/03\/WhatsApp-Image-2024-03-25-at-15.29.57.jpeg?resize=225%2C300&amp;ssl=1 225w, https:\/\/i0.wp.com\/peakguesthouses.com\/wp-content\/uploads\/2024\/03\/WhatsApp-Image-2024-03-25-at-15.29.57.jpeg?resize=768%2C1024&amp;ssl=1 768w, https:\/\/i0.wp.com\/peakguesthouses.com\/wp-content\/uploads\/2024\/03\/WhatsApp-Image-2024-03-25-at-15.29.57.jpeg?resize=1152%2C1536&amp;ssl=1 1152w\" width=\"160\" height=\"214\" loading=\"lazy\" data-original-width=\"160\" data-original-height=\"214\" itemprop=\"http:\/\/schema.org\/image\" title=\"WhatsApp Image 2024-03-25 at 15.29.57\" alt=\"WhatsApp Image 2024-03-25 at 15.29.57\" style=\"width: 160px; height: 214px;\" \/> <\/a> <\/div> <\/div> <!-- close group --> <\/div> <!-- close row --> <\/div>\n<p>&nbsp;<\/p>\n","protected":false},"excerpt":{"rendered":"<p>&nbsp;<\/p>\n","protected":false},"author":3,"featured_media":1593,"parent":1552,"menu_order":0,"comment_status":"closed","ping_status":"closed","template":"","meta":{"footnotes":""},"class_list":["post-1589","page","type-page","status-publish","has-post-thumbnail","hentry"],"yoast_head":"<!-- This site is optimized with the Yoast SEO plugin v27.4 - https:\/\/yoast.com\/product\/yoast-seo-wordpress\/ -->\n<title>Gelassenheit bei Sonnenuntergang: Geyikbayiris Bungalows f\u00fcr Kletterbegeisterte<\/title>\n<meta name=\"description\" content=\"Wenn die Sonne nach einem aufregenden Klettertag untergeht, bieten unsere einfachen Bungalows in Geyikbayiri einen friedlichen R\u00fcckzugsort. Erleben Sie den Zauber der D\u00e4mmerung und erholen Sie sich f\u00fcr einen weiteren Tag voller Entdeckungen inmitten der Ruhe der Natur.\" \/>\n<meta name=\"robots\" content=\"index, follow, max-snippet:-1, max-image-preview:large, max-video-preview:-1\" \/>\n<link rel=\"canonical\" href=\"https:\/\/peakguesthouses.com\/de\/bungalows\/nar-bis-zu-6-personen-2\/\" \/>\n<meta property=\"og:locale\" content=\"de_DE\" \/>\n<meta property=\"og:type\" content=\"article\" \/>\n<meta property=\"og:title\" content=\"Gelassenheit bei Sonnenuntergang: Geyikbayiris Bungalows f\u00fcr Kletterbegeisterte\" \/>\n<meta property=\"og:description\" content=\"Wenn die Sonne nach einem aufregenden Klettertag untergeht, bieten unsere einfachen Bungalows in Geyikbayiri einen friedlichen R\u00fcckzugsort. Erleben Sie den Zauber der D\u00e4mmerung und erholen Sie sich f\u00fcr einen weiteren Tag voller Entdeckungen inmitten der Ruhe der Natur.\" \/>\n<meta property=\"og:url\" content=\"https:\/\/peakguesthouses.com\/de\/bungalows\/nar-bis-zu-6-personen-2\/\" \/>\n<meta property=\"og:site_name\" content=\"Peakguesthouses\" \/>\n<meta property=\"article:publisher\" content=\"https:\/\/www.facebook.com\/antalyaclimbing.geyikbayiri\" \/>\n<meta property=\"article:modified_time\" content=\"2024-03-25T14:53:49+00:00\" \/>\n<meta property=\"og:image\" content=\"https:\/\/i0.wp.com\/peakguesthouses.com\/wp-content\/uploads\/2024\/03\/WhatsApp-Image-2024-03-25-at-15.28.29.jpeg?fit=1600%2C1202&ssl=1\" \/>\n\t<meta property=\"og:image:width\" content=\"1600\" \/>\n\t<meta property=\"og:image:height\" content=\"1202\" \/>\n\t<meta property=\"og:image:type\" content=\"image\/jpeg\" \/>\n<script type=\"application\/ld+json\" class=\"yoast-schema-graph\">{\"@context\":\"https:\\\/\\\/schema.org\",\"@graph\":[{\"@type\":\"WebPage\",\"@id\":\"https:\\\/\\\/peakguesthouses.com\\\/de\\\/bungalows\\\/nar-bis-zu-6-personen-2\\\/\",\"url\":\"https:\\\/\\\/peakguesthouses.com\\\/de\\\/bungalows\\\/nar-bis-zu-6-personen-2\\\/\",\"name\":\"Gelassenheit bei Sonnenuntergang: Geyikbayiris Bungalows f\u00fcr Kletterbegeisterte\",\"isPartOf\":{\"@id\":\"https:\\\/\\\/www.peakguesthouses.com\\\/de\\\/#website\"},\"primaryImageOfPage\":{\"@id\":\"https:\\\/\\\/peakguesthouses.com\\\/de\\\/bungalows\\\/nar-bis-zu-6-personen-2\\\/#primaryimage\"},\"image\":{\"@id\":\"https:\\\/\\\/peakguesthouses.com\\\/de\\\/bungalows\\\/nar-bis-zu-6-personen-2\\\/#primaryimage\"},\"thumbnailUrl\":\"https:\\\/\\\/i0.wp.com\\\/peakguesthouses.com\\\/wp-content\\\/uploads\\\/2024\\\/03\\\/WhatsApp-Image-2024-03-25-at-15.28.29.jpeg?fit=1600%2C1202&ssl=1\",\"datePublished\":\"2024-03-25T14:37:43+00:00\",\"dateModified\":\"2024-03-25T14:53:49+00:00\",\"description\":\"Wenn die Sonne nach einem aufregenden Klettertag untergeht, bieten unsere einfachen Bungalows in Geyikbayiri einen friedlichen R\u00fcckzugsort. Erleben Sie den Zauber der D\u00e4mmerung und erholen Sie sich f\u00fcr einen weiteren Tag voller Entdeckungen inmitten der Ruhe der Natur.\",\"breadcrumb\":{\"@id\":\"https:\\\/\\\/peakguesthouses.com\\\/de\\\/bungalows\\\/nar-bis-zu-6-personen-2\\\/#breadcrumb\"},\"inLanguage\":\"de\",\"potentialAction\":[{\"@type\":\"ReadAction\",\"target\":[\"https:\\\/\\\/peakguesthouses.com\\\/de\\\/bungalows\\\/nar-bis-zu-6-personen-2\\\/\"]}]},{\"@type\":\"ImageObject\",\"inLanguage\":\"de\",\"@id\":\"https:\\\/\\\/peakguesthouses.com\\\/de\\\/bungalows\\\/nar-bis-zu-6-personen-2\\\/#primaryimage\",\"url\":\"https:\\\/\\\/i0.wp.com\\\/peakguesthouses.com\\\/wp-content\\\/uploads\\\/2024\\\/03\\\/WhatsApp-Image-2024-03-25-at-15.28.29.jpeg?fit=1600%2C1202&ssl=1\",\"contentUrl\":\"https:\\\/\\\/i0.wp.com\\\/peakguesthouses.com\\\/wp-content\\\/uploads\\\/2024\\\/03\\\/WhatsApp-Image-2024-03-25-at-15.28.29.jpeg?fit=1600%2C1202&ssl=1\",\"width\":1600,\"height\":1202},{\"@type\":\"BreadcrumbList\",\"@id\":\"https:\\\/\\\/peakguesthouses.com\\\/de\\\/bungalows\\\/nar-bis-zu-6-personen-2\\\/#breadcrumb\",\"itemListElement\":[{\"@type\":\"ListItem\",\"position\":1,\"name\":\"Home\",\"item\":\"https:\\\/\\\/peakguesthouses.com\\\/de\\\/\"},{\"@type\":\"ListItem\",\"position\":2,\"name\":\"Bungalows\",\"item\":\"https:\\\/\\\/peakguesthouses.com\\\/de\\\/bungalows\\\/\"},{\"@type\":\"ListItem\",\"position\":3,\"name\":\"Erma &#8211; 6 Personen\"}]},{\"@type\":\"WebSite\",\"@id\":\"https:\\\/\\\/www.peakguesthouses.com\\\/de\\\/#website\",\"url\":\"https:\\\/\\\/www.peakguesthouses.com\\\/de\\\/\",\"name\":\"Peakguesthouses\",\"description\":\"Geyikbayiri, Turkey, Rock Climbing and more...\",\"potentialAction\":[{\"@type\":\"SearchAction\",\"target\":{\"@type\":\"EntryPoint\",\"urlTemplate\":\"https:\\\/\\\/www.peakguesthouses.com\\\/de\\\/?s={search_term_string}\"},\"query-input\":{\"@type\":\"PropertyValueSpecification\",\"valueRequired\":true,\"valueName\":\"search_term_string\"}}],\"inLanguage\":\"de\"}]}<\/script>\n<!-- \/ Yoast SEO plugin. -->","yoast_head_json":{"title":"Gelassenheit bei Sonnenuntergang: Geyikbayiris Bungalows f\u00fcr Kletterbegeisterte","description":"Wenn die Sonne nach einem aufregenden Klettertag untergeht, bieten unsere einfachen Bungalows in Geyikbayiri einen friedlichen R\u00fcckzugsort. Erleben Sie den Zauber der D\u00e4mmerung und erholen Sie sich f\u00fcr einen weiteren Tag voller Entdeckungen inmitten der Ruhe der Natur.","robots":{"index":"index","follow":"follow","max-snippet":"max-snippet:-1","max-image-preview":"max-image-preview:large","max-video-preview":"max-video-preview:-1"},"canonical":"https:\/\/peakguesthouses.com\/de\/bungalows\/nar-bis-zu-6-personen-2\/","og_locale":"de_DE","og_type":"article","og_title":"Gelassenheit bei Sonnenuntergang: Geyikbayiris Bungalows f\u00fcr Kletterbegeisterte","og_description":"Wenn die Sonne nach einem aufregenden Klettertag untergeht, bieten unsere einfachen Bungalows in Geyikbayiri einen friedlichen R\u00fcckzugsort. Erleben Sie den Zauber der D\u00e4mmerung und erholen Sie sich f\u00fcr einen weiteren Tag voller Entdeckungen inmitten der Ruhe der Natur.","og_url":"https:\/\/peakguesthouses.com\/de\/bungalows\/nar-bis-zu-6-personen-2\/","og_site_name":"Peakguesthouses","article_publisher":"https:\/\/www.facebook.com\/antalyaclimbing.geyikbayiri","article_modified_time":"2024-03-25T14:53:49+00:00","og_image":[{"width":1600,"height":1202,"url":"https:\/\/i0.wp.com\/peakguesthouses.com\/wp-content\/uploads\/2024\/03\/WhatsApp-Image-2024-03-25-at-15.28.29.jpeg?fit=1600%2C1202&ssl=1","type":"image\/jpeg"}],"schema":{"@context":"https:\/\/schema.org","@graph":[{"@type":"WebPage","@id":"https:\/\/peakguesthouses.com\/de\/bungalows\/nar-bis-zu-6-personen-2\/","url":"https:\/\/peakguesthouses.com\/de\/bungalows\/nar-bis-zu-6-personen-2\/","name":"Gelassenheit bei Sonnenuntergang: Geyikbayiris Bungalows f\u00fcr Kletterbegeisterte","isPartOf":{"@id":"https:\/\/www.peakguesthouses.com\/de\/#website"},"primaryImageOfPage":{"@id":"https:\/\/peakguesthouses.com\/de\/bungalows\/nar-bis-zu-6-personen-2\/#primaryimage"},"image":{"@id":"https:\/\/peakguesthouses.com\/de\/bungalows\/nar-bis-zu-6-personen-2\/#primaryimage"},"thumbnailUrl":"https:\/\/i0.wp.com\/peakguesthouses.com\/wp-content\/uploads\/2024\/03\/WhatsApp-Image-2024-03-25-at-15.28.29.jpeg?fit=1600%2C1202&ssl=1","datePublished":"2024-03-25T14:37:43+00:00","dateModified":"2024-03-25T14:53:49+00:00","description":"Wenn die Sonne nach einem aufregenden Klettertag untergeht, bieten unsere einfachen Bungalows in Geyikbayiri einen friedlichen R\u00fcckzugsort. Erleben Sie den Zauber der D\u00e4mmerung und erholen Sie sich f\u00fcr einen weiteren Tag voller Entdeckungen inmitten der Ruhe der Natur.","breadcrumb":{"@id":"https:\/\/peakguesthouses.com\/de\/bungalows\/nar-bis-zu-6-personen-2\/#breadcrumb"},"inLanguage":"de","potentialAction":[{"@type":"ReadAction","target":["https:\/\/peakguesthouses.com\/de\/bungalows\/nar-bis-zu-6-personen-2\/"]}]},{"@type":"ImageObject","inLanguage":"de","@id":"https:\/\/peakguesthouses.com\/de\/bungalows\/nar-bis-zu-6-personen-2\/#primaryimage","url":"https:\/\/i0.wp.com\/peakguesthouses.com\/wp-content\/uploads\/2024\/03\/WhatsApp-Image-2024-03-25-at-15.28.29.jpeg?fit=1600%2C1202&ssl=1","contentUrl":"https:\/\/i0.wp.com\/peakguesthouses.com\/wp-content\/uploads\/2024\/03\/WhatsApp-Image-2024-03-25-at-15.28.29.jpeg?fit=1600%2C1202&ssl=1","width":1600,"height":1202},{"@type":"BreadcrumbList","@id":"https:\/\/peakguesthouses.com\/de\/bungalows\/nar-bis-zu-6-personen-2\/#breadcrumb","itemListElement":[{"@type":"ListItem","position":1,"name":"Home","item":"https:\/\/peakguesthouses.com\/de\/"},{"@type":"ListItem","position":2,"name":"Bungalows","item":"https:\/\/peakguesthouses.com\/de\/bungalows\/"},{"@type":"ListItem","position":3,"name":"Erma &#8211; 6 Personen"}]},{"@type":"WebSite","@id":"https:\/\/www.peakguesthouses.com\/de\/#website","url":"https:\/\/www.peakguesthouses.com\/de\/","name":"Peakguesthouses","description":"Geyikbayiri, Turkey, Rock Climbing and more...","potentialAction":[{"@type":"SearchAction","target":{"@type":"EntryPoint","urlTemplate":"https:\/\/www.peakguesthouses.com\/de\/?s={search_term_string}"},"query-input":{"@type":"PropertyValueSpecification","valueRequired":true,"valueName":"search_term_string"}}],"inLanguage":"de"}]}},"jetpack_sharing_enabled":true,"_links":{"self":[{"href":"https:\/\/peakguesthouses.com\/de\/wp-json\/wp\/v2\/pages\/1589","targetHints":{"allow":["GET"]}}],"collection":[{"href":"https:\/\/peakguesthouses.com\/de\/wp-json\/wp\/v2\/pages"}],"about":[{"href":"https:\/\/peakguesthouses.com\/de\/wp-json\/wp\/v2\/types\/page"}],"author":[{"embeddable":true,"href":"https:\/\/peakguesthouses.com\/de\/wp-json\/wp\/v2\/users\/3"}],"replies":[{"embeddable":true,"href":"https:\/\/peakguesthouses.com\/de\/wp-json\/wp\/v2\/comments?post=1589"}],"version-history":[{"count":6,"href":"https:\/\/peakguesthouses.com\/de\/wp-json\/wp\/v2\/pages\/1589\/revisions"}],"predecessor-version":[{"id":1617,"href":"https:\/\/peakguesthouses.com\/de\/wp-json\/wp\/v2\/pages\/1589\/revisions\/1617"}],"up":[{"embeddable":true,"href":"https:\/\/peakguesthouses.com\/de\/wp-json\/wp\/v2\/pages\/1552"}],"wp:featuredmedia":[{"embeddable":true,"href":"https:\/\/peakguesthouses.com\/de\/wp-json\/wp\/v2\/media\/1593"}],"wp:attachment":[{"href":"https:\/\/peakguesthouses.com\/de\/wp-json\/wp\/v2\/media?parent=1589"}],"curies":[{"name":"wp","href":"https:\/\/api.w.org\/{rel}","templated":true}]}}