{"id":1575,"date":"2014-09-25T22:49:46","date_gmt":"2014-09-25T19:49:46","guid":{"rendered":"https:\/\/peakguesthouses.com\/essen-sie\/"},"modified":"2024-03-21T11:49:17","modified_gmt":"2024-03-21T08:49:17","slug":"essen-sie","status":"publish","type":"page","link":"https:\/\/peakguesthouses.com\/de\/essen-sie\/","title":{"rendered":"Essen"},"content":{"rendered":"<p>Erleben Sie die t\u00e4gliche Frische in unserem Restaurant, das ein k\u00f6stliches Fr\u00fchst\u00fcck und Abendessen serviert.<\/p>\n<p>F\u00fcr diejenigen, die gerne kochen, steht unsere voll ausgestattete K\u00fcche zu Ihrer Verf\u00fcgung. Lassen Sie Ihren inneren Koch heraus, mischen Sie sich unter Ihre Mitreisenden und kreieren Sie Ihre kulinarischen K\u00f6stlichkeiten. Genie\u00dfen Sie die Annehmlichkeiten unseres Speiseangebots oder bringen Sie Ihre kulinarischen Talente auf Ihre Weise zum Ausdruck.<\/p>\n","protected":false},"excerpt":{"rendered":"<p>Erleben Sie die t\u00e4gliche Frische in unserem Restaurant, das ein k\u00f6stliches Fr\u00fchst\u00fcck und Abendessen serviert. F\u00fcr diejenigen, die gerne kochen, steht unsere voll ausgestattete K\u00fcche zu Ihrer Verf\u00fcgung. Lassen Sie Ihren inneren Koch heraus, mischen Sie sich unter Ihre Mitreisenden<\/p>\n","protected":false},"author":2,"featured_media":0,"parent":0,"menu_order":0,"comment_status":"closed","ping_status":"closed","template":"page-templates\/business-two.php","meta":{"footnotes":""},"class_list":["post-1575","page","type-page","status-publish","hentry"],"yoast_head":"<!-- This site is optimized with the Yoast SEO plugin v27.4 - https:\/\/yoast.com\/product\/yoast-seo-wordpress\/ -->\n<title>Essen - Peakguesthouses<\/title>\n<meta name=\"description\" content=\"F\u00fcr diejenigen, die gerne kochen, steht unsere voll ausgestattete K\u00fcche zu Ihrer Verf\u00fcgung. Lassen Sie Ihren inneren Koch heraus, mischen Sie sich unter Ihre Mitreisenden und kreieren Sie Ihre kulinarischen K\u00f6stlichkeiten. Genie\u00dfen Sie die Annehmlichkeiten unseres Speiseangebots oder bringen Sie Ihre kulinarischen Talente auf Ihre Weise zum Ausdruck.\" \/>\n<meta name=\"robots\" content=\"index, follow, max-snippet:-1, max-image-preview:large, max-video-preview:-1\" \/>\n<link rel=\"canonical\" href=\"https:\/\/peakguesthouses.com\/de\/essen-sie\/\" \/>\n<meta property=\"og:locale\" content=\"de_DE\" \/>\n<meta property=\"og:type\" content=\"article\" \/>\n<meta property=\"og:title\" content=\"Essen - Peakguesthouses\" \/>\n<meta property=\"og:description\" content=\"F\u00fcr diejenigen, die gerne kochen, steht unsere voll ausgestattete K\u00fcche zu Ihrer Verf\u00fcgung. Lassen Sie Ihren inneren Koch heraus, mischen Sie sich unter Ihre Mitreisenden und kreieren Sie Ihre kulinarischen K\u00f6stlichkeiten. Genie\u00dfen Sie die Annehmlichkeiten unseres Speiseangebots oder bringen Sie Ihre kulinarischen Talente auf Ihre Weise zum Ausdruck.\" \/>\n<meta property=\"og:url\" content=\"https:\/\/peakguesthouses.com\/de\/essen-sie\/\" \/>\n<meta property=\"og:site_name\" content=\"Peakguesthouses\" \/>\n<meta property=\"article:publisher\" content=\"https:\/\/www.facebook.com\/antalyaclimbing.geyikbayiri\" \/>\n<meta property=\"article:modified_time\" content=\"2024-03-21T08:49:17+00:00\" \/>\n<script type=\"application\/ld+json\" class=\"yoast-schema-graph\">{\"@context\":\"https:\\\/\\\/schema.org\",\"@graph\":[{\"@type\":\"WebPage\",\"@id\":\"https:\\\/\\\/peakguesthouses.com\\\/de\\\/essen-sie\\\/\",\"url\":\"https:\\\/\\\/peakguesthouses.com\\\/de\\\/essen-sie\\\/\",\"name\":\"Essen - Peakguesthouses\",\"isPartOf\":{\"@id\":\"https:\\\/\\\/www.peakguesthouses.com\\\/de\\\/#website\"},\"datePublished\":\"2014-09-25T19:49:46+00:00\",\"dateModified\":\"2024-03-21T08:49:17+00:00\",\"description\":\"F\u00fcr diejenigen, die gerne kochen, steht unsere voll ausgestattete K\u00fcche zu Ihrer Verf\u00fcgung. Lassen Sie Ihren inneren Koch heraus, mischen Sie sich unter Ihre Mitreisenden und kreieren Sie Ihre kulinarischen K\u00f6stlichkeiten. Genie\u00dfen Sie die Annehmlichkeiten unseres Speiseangebots oder bringen Sie Ihre kulinarischen Talente auf Ihre Weise zum Ausdruck.\",\"breadcrumb\":{\"@id\":\"https:\\\/\\\/peakguesthouses.com\\\/de\\\/essen-sie\\\/#breadcrumb\"},\"inLanguage\":\"de\",\"potentialAction\":[{\"@type\":\"ReadAction\",\"target\":[\"https:\\\/\\\/peakguesthouses.com\\\/de\\\/essen-sie\\\/\"]}]},{\"@type\":\"BreadcrumbList\",\"@id\":\"https:\\\/\\\/peakguesthouses.com\\\/de\\\/essen-sie\\\/#breadcrumb\",\"itemListElement\":[{\"@type\":\"ListItem\",\"position\":1,\"name\":\"Home\",\"item\":\"https:\\\/\\\/peakguesthouses.com\\\/de\\\/\"},{\"@type\":\"ListItem\",\"position\":2,\"name\":\"Essen\"}]},{\"@type\":\"WebSite\",\"@id\":\"https:\\\/\\\/www.peakguesthouses.com\\\/de\\\/#website\",\"url\":\"https:\\\/\\\/www.peakguesthouses.com\\\/de\\\/\",\"name\":\"Peakguesthouses\",\"description\":\"Geyikbayiri, Turkey, Rock Climbing and more...\",\"potentialAction\":[{\"@type\":\"SearchAction\",\"target\":{\"@type\":\"EntryPoint\",\"urlTemplate\":\"https:\\\/\\\/www.peakguesthouses.com\\\/de\\\/?s={search_term_string}\"},\"query-input\":{\"@type\":\"PropertyValueSpecification\",\"valueRequired\":true,\"valueName\":\"search_term_string\"}}],\"inLanguage\":\"de\"}]}<\/script>\n<!-- \/ Yoast SEO plugin. -->","yoast_head_json":{"title":"Essen - Peakguesthouses","description":"F\u00fcr diejenigen, die gerne kochen, steht unsere voll ausgestattete K\u00fcche zu Ihrer Verf\u00fcgung. Lassen Sie Ihren inneren Koch heraus, mischen Sie sich unter Ihre Mitreisenden und kreieren Sie Ihre kulinarischen K\u00f6stlichkeiten. Genie\u00dfen Sie die Annehmlichkeiten unseres Speiseangebots oder bringen Sie Ihre kulinarischen Talente auf Ihre Weise zum Ausdruck.","robots":{"index":"index","follow":"follow","max-snippet":"max-snippet:-1","max-image-preview":"max-image-preview:large","max-video-preview":"max-video-preview:-1"},"canonical":"https:\/\/peakguesthouses.com\/de\/essen-sie\/","og_locale":"de_DE","og_type":"article","og_title":"Essen - Peakguesthouses","og_description":"F\u00fcr diejenigen, die gerne kochen, steht unsere voll ausgestattete K\u00fcche zu Ihrer Verf\u00fcgung. Lassen Sie Ihren inneren Koch heraus, mischen Sie sich unter Ihre Mitreisenden und kreieren Sie Ihre kulinarischen K\u00f6stlichkeiten. Genie\u00dfen Sie die Annehmlichkeiten unseres Speiseangebots oder bringen Sie Ihre kulinarischen Talente auf Ihre Weise zum Ausdruck.","og_url":"https:\/\/peakguesthouses.com\/de\/essen-sie\/","og_site_name":"Peakguesthouses","article_publisher":"https:\/\/www.facebook.com\/antalyaclimbing.geyikbayiri","article_modified_time":"2024-03-21T08:49:17+00:00","schema":{"@context":"https:\/\/schema.org","@graph":[{"@type":"WebPage","@id":"https:\/\/peakguesthouses.com\/de\/essen-sie\/","url":"https:\/\/peakguesthouses.com\/de\/essen-sie\/","name":"Essen - Peakguesthouses","isPartOf":{"@id":"https:\/\/www.peakguesthouses.com\/de\/#website"},"datePublished":"2014-09-25T19:49:46+00:00","dateModified":"2024-03-21T08:49:17+00:00","description":"F\u00fcr diejenigen, die gerne kochen, steht unsere voll ausgestattete K\u00fcche zu Ihrer Verf\u00fcgung. Lassen Sie Ihren inneren Koch heraus, mischen Sie sich unter Ihre Mitreisenden und kreieren Sie Ihre kulinarischen K\u00f6stlichkeiten. Genie\u00dfen Sie die Annehmlichkeiten unseres Speiseangebots oder bringen Sie Ihre kulinarischen Talente auf Ihre Weise zum Ausdruck.","breadcrumb":{"@id":"https:\/\/peakguesthouses.com\/de\/essen-sie\/#breadcrumb"},"inLanguage":"de","potentialAction":[{"@type":"ReadAction","target":["https:\/\/peakguesthouses.com\/de\/essen-sie\/"]}]},{"@type":"BreadcrumbList","@id":"https:\/\/peakguesthouses.com\/de\/essen-sie\/#breadcrumb","itemListElement":[{"@type":"ListItem","position":1,"name":"Home","item":"https:\/\/peakguesthouses.com\/de\/"},{"@type":"ListItem","position":2,"name":"Essen"}]},{"@type":"WebSite","@id":"https:\/\/www.peakguesthouses.com\/de\/#website","url":"https:\/\/www.peakguesthouses.com\/de\/","name":"Peakguesthouses","description":"Geyikbayiri, Turkey, Rock Climbing and more...","potentialAction":[{"@type":"SearchAction","target":{"@type":"EntryPoint","urlTemplate":"https:\/\/www.peakguesthouses.com\/de\/?s={search_term_string}"},"query-input":{"@type":"PropertyValueSpecification","valueRequired":true,"valueName":"search_term_string"}}],"inLanguage":"de"}]}},"jetpack_sharing_enabled":true,"_links":{"self":[{"href":"https:\/\/peakguesthouses.com\/de\/wp-json\/wp\/v2\/pages\/1575","targetHints":{"allow":["GET"]}}],"collection":[{"href":"https:\/\/peakguesthouses.com\/de\/wp-json\/wp\/v2\/pages"}],"about":[{"href":"https:\/\/peakguesthouses.com\/de\/wp-json\/wp\/v2\/types\/page"}],"author":[{"embeddable":true,"href":"https:\/\/peakguesthouses.com\/de\/wp-json\/wp\/v2\/users\/2"}],"replies":[{"embeddable":true,"href":"https:\/\/peakguesthouses.com\/de\/wp-json\/wp\/v2\/comments?post=1575"}],"version-history":[{"count":1,"href":"https:\/\/peakguesthouses.com\/de\/wp-json\/wp\/v2\/pages\/1575\/revisions"}],"predecessor-version":[{"id":1584,"href":"https:\/\/peakguesthouses.com\/de\/wp-json\/wp\/v2\/pages\/1575\/revisions\/1584"}],"wp:attachment":[{"href":"https:\/\/peakguesthouses.com\/de\/wp-json\/wp\/v2\/media?parent=1575"}],"curies":[{"name":"wp","href":"https:\/\/api.w.org\/{rel}","templated":true}]}}