{"id":1570,"date":"2014-09-25T23:05:13","date_gmt":"2014-09-25T20:05:13","guid":{"rendered":"https:\/\/peakguesthouses.com\/waesche-handtuecher\/"},"modified":"2014-09-25T23:05:13","modified_gmt":"2014-09-25T20:05:13","slug":"waesche-handtuecher","status":"publish","type":"page","link":"https:\/\/peakguesthouses.com\/de\/waesche-handtuecher\/","title":{"rendered":"W\u00e4sche\/Handt\u00fccher"},"content":{"rendered":"<p>Wenn Sie Handt\u00fccher und Bettw\u00e4sche ben\u00f6tigen, k\u00f6nnen Sie Aysel oder Ercan fragen, ob sie noch welche besorgen k\u00f6nnen.<\/p>\n<p>&nbsp;<\/p>\n<div class=\"tiled-gallery type-rectangular tiled-gallery-unresized\" data-original-width=\"720\" data-carousel-extra='{&quot;blog_id&quot;:1,&quot;permalink&quot;:&quot;https:\\\/\\\/peakguesthouses.com\\\/de\\\/waesche-handtuecher\\\/&quot;,&quot;likes_blog_id&quot;:117353292}' itemscope itemtype=\"http:\/\/schema.org\/ImageGallery\" > <div class=\"gallery-row\" style=\"width: 720px; height: 204px;\" data-original-width=\"720\" data-original-height=\"204\" > <div class=\"gallery-group images-1\" style=\"width: 360px; height: 204px;\" data-original-width=\"360\" data-original-height=\"204\" > <div class=\"tiled-gallery-item tiled-gallery-item-large\" itemprop=\"associatedMedia\" itemscope itemtype=\"http:\/\/schema.org\/ImageObject\"> <a href=\"https:\/\/peakguesthouses.com\/de\/towels_07-2\/\" border=\"0\" itemprop=\"url\"> <meta itemprop=\"width\" content=\"356\"> <meta itemprop=\"height\" content=\"200\"> <img class=\"\" data-attachment-id=\"1523\" data-orig-file=\"https:\/\/peakguesthouses.com\/wp-content\/uploads\/2014\/09\/Towels_07.jpg\" data-orig-size=\"3264,1832\" data-comments-opened=\"\" data-image-meta=\"{&quot;aperture&quot;:&quot;2.8&quot;,&quot;credit&quot;:&quot;&quot;,&quot;camera&quot;:&quot;Canon DIGITAL IXUS 80 IS&quot;,&quot;caption&quot;:&quot;&quot;,&quot;created_timestamp&quot;:&quot;1408791983&quot;,&quot;copyright&quot;:&quot;&quot;,&quot;focal_length&quot;:&quot;6.2&quot;,&quot;iso&quot;:&quot;200&quot;,&quot;shutter_speed&quot;:&quot;0.0166666666667&quot;,&quot;title&quot;:&quot;&quot;,&quot;orientation&quot;:&quot;1&quot;}\" data-image-title=\"Towels_07\" data-image-description=\"\" data-medium-file=\"https:\/\/i0.wp.com\/peakguesthouses.com\/wp-content\/uploads\/2014\/09\/Towels_07.jpg?fit=300%2C168&#038;ssl=1\" data-large-file=\"https:\/\/i0.wp.com\/peakguesthouses.com\/wp-content\/uploads\/2014\/09\/Towels_07.jpg?fit=720%2C404&#038;ssl=1\" src=\"https:\/\/i0.wp.com\/peakguesthouses.com\/wp-content\/uploads\/2014\/09\/Towels_07.jpg?w=356&#038;h=200&#038;ssl=1\" srcset=\"https:\/\/i0.wp.com\/peakguesthouses.com\/wp-content\/uploads\/2014\/09\/Towels_07.jpg?w=3264&amp;ssl=1 3264w, https:\/\/i0.wp.com\/peakguesthouses.com\/wp-content\/uploads\/2014\/09\/Towels_07.jpg?resize=300%2C168&amp;ssl=1 300w, https:\/\/i0.wp.com\/peakguesthouses.com\/wp-content\/uploads\/2014\/09\/Towels_07.jpg?resize=1024%2C574&amp;ssl=1 1024w, https:\/\/i0.wp.com\/peakguesthouses.com\/wp-content\/uploads\/2014\/09\/Towels_07.jpg?w=1440&amp;ssl=1 1440w, https:\/\/i0.wp.com\/peakguesthouses.com\/wp-content\/uploads\/2014\/09\/Towels_07.jpg?w=2160&amp;ssl=1 2160w\" width=\"356\" height=\"200\" loading=\"lazy\" data-original-width=\"356\" data-original-height=\"200\" itemprop=\"http:\/\/schema.org\/image\" title=\"Towels_07\" alt=\"Towels_07\" style=\"width: 356px; height: 200px;\" \/> <\/a> <\/div> <\/div> <!-- close group --> <div class=\"gallery-group images-1\" style=\"width: 360px; height: 204px;\" data-original-width=\"360\" data-original-height=\"204\" > <div class=\"tiled-gallery-item tiled-gallery-item-large\" itemprop=\"associatedMedia\" itemscope itemtype=\"http:\/\/schema.org\/ImageObject\"> <a href=\"https:\/\/peakguesthouses.com\/de\/towels_06-2\/\" border=\"0\" itemprop=\"url\"> <meta itemprop=\"width\" content=\"356\"> <meta itemprop=\"height\" content=\"200\"> <img class=\"\" data-attachment-id=\"1522\" data-orig-file=\"https:\/\/peakguesthouses.com\/wp-content\/uploads\/2014\/09\/Towels_06.jpg\" data-orig-size=\"3264,1832\" data-comments-opened=\"\" data-image-meta=\"{&quot;aperture&quot;:&quot;2.8&quot;,&quot;credit&quot;:&quot;&quot;,&quot;camera&quot;:&quot;Canon DIGITAL IXUS 80 IS&quot;,&quot;caption&quot;:&quot;&quot;,&quot;created_timestamp&quot;:&quot;1408791974&quot;,&quot;copyright&quot;:&quot;&quot;,&quot;focal_length&quot;:&quot;6.2&quot;,&quot;iso&quot;:&quot;200&quot;,&quot;shutter_speed&quot;:&quot;0.0166666666667&quot;,&quot;title&quot;:&quot;&quot;,&quot;orientation&quot;:&quot;1&quot;}\" data-image-title=\"Towels_06\" data-image-description=\"\" data-medium-file=\"https:\/\/i0.wp.com\/peakguesthouses.com\/wp-content\/uploads\/2014\/09\/Towels_06.jpg?fit=300%2C168&#038;ssl=1\" data-large-file=\"https:\/\/i0.wp.com\/peakguesthouses.com\/wp-content\/uploads\/2014\/09\/Towels_06.jpg?fit=720%2C404&#038;ssl=1\" src=\"https:\/\/i0.wp.com\/peakguesthouses.com\/wp-content\/uploads\/2014\/09\/Towels_06.jpg?w=356&#038;h=200&#038;ssl=1\" srcset=\"https:\/\/i0.wp.com\/peakguesthouses.com\/wp-content\/uploads\/2014\/09\/Towels_06.jpg?w=3264&amp;ssl=1 3264w, https:\/\/i0.wp.com\/peakguesthouses.com\/wp-content\/uploads\/2014\/09\/Towels_06.jpg?resize=300%2C168&amp;ssl=1 300w, https:\/\/i0.wp.com\/peakguesthouses.com\/wp-content\/uploads\/2014\/09\/Towels_06.jpg?resize=1024%2C574&amp;ssl=1 1024w, https:\/\/i0.wp.com\/peakguesthouses.com\/wp-content\/uploads\/2014\/09\/Towels_06.jpg?w=1440&amp;ssl=1 1440w, https:\/\/i0.wp.com\/peakguesthouses.com\/wp-content\/uploads\/2014\/09\/Towels_06.jpg?w=2160&amp;ssl=1 2160w\" width=\"356\" height=\"200\" loading=\"lazy\" data-original-width=\"356\" data-original-height=\"200\" itemprop=\"http:\/\/schema.org\/image\" title=\"Towels_06\" alt=\"Towels_06\" style=\"width: 356px; height: 200px;\" \/> <\/a> <\/div> <\/div> <!-- close group --> <\/div> <!-- close row --> <div class=\"gallery-row\" style=\"width: 720px; height: 204px;\" data-original-width=\"720\" data-original-height=\"204\" > <div class=\"gallery-group images-1\" style=\"width: 360px; height: 204px;\" data-original-width=\"360\" data-original-height=\"204\" > <div class=\"tiled-gallery-item tiled-gallery-item-large\" itemprop=\"associatedMedia\" itemscope itemtype=\"http:\/\/schema.org\/ImageObject\"> <a href=\"https:\/\/peakguesthouses.com\/de\/towels_05-2\/\" border=\"0\" itemprop=\"url\"> <meta itemprop=\"width\" content=\"356\"> <meta itemprop=\"height\" content=\"200\"> <img class=\"\" data-attachment-id=\"1521\" data-orig-file=\"https:\/\/peakguesthouses.com\/wp-content\/uploads\/2014\/09\/Towels_05.jpg\" data-orig-size=\"3264,1832\" data-comments-opened=\"\" data-image-meta=\"{&quot;aperture&quot;:&quot;2.8&quot;,&quot;credit&quot;:&quot;&quot;,&quot;camera&quot;:&quot;Canon DIGITAL IXUS 80 IS&quot;,&quot;caption&quot;:&quot;&quot;,&quot;created_timestamp&quot;:&quot;1408792065&quot;,&quot;copyright&quot;:&quot;&quot;,&quot;focal_length&quot;:&quot;6.2&quot;,&quot;iso&quot;:&quot;200&quot;,&quot;shutter_speed&quot;:&quot;0.0166666666667&quot;,&quot;title&quot;:&quot;&quot;,&quot;orientation&quot;:&quot;1&quot;}\" data-image-title=\"Towels_05\" data-image-description=\"\" data-medium-file=\"https:\/\/i0.wp.com\/peakguesthouses.com\/wp-content\/uploads\/2014\/09\/Towels_05.jpg?fit=300%2C168&#038;ssl=1\" data-large-file=\"https:\/\/i0.wp.com\/peakguesthouses.com\/wp-content\/uploads\/2014\/09\/Towels_05.jpg?fit=720%2C404&#038;ssl=1\" src=\"https:\/\/i0.wp.com\/peakguesthouses.com\/wp-content\/uploads\/2014\/09\/Towels_05.jpg?w=356&#038;h=200&#038;ssl=1\" srcset=\"https:\/\/i0.wp.com\/peakguesthouses.com\/wp-content\/uploads\/2014\/09\/Towels_05.jpg?w=3264&amp;ssl=1 3264w, https:\/\/i0.wp.com\/peakguesthouses.com\/wp-content\/uploads\/2014\/09\/Towels_05.jpg?resize=300%2C168&amp;ssl=1 300w, https:\/\/i0.wp.com\/peakguesthouses.com\/wp-content\/uploads\/2014\/09\/Towels_05.jpg?resize=1024%2C574&amp;ssl=1 1024w, https:\/\/i0.wp.com\/peakguesthouses.com\/wp-content\/uploads\/2014\/09\/Towels_05.jpg?w=1440&amp;ssl=1 1440w, https:\/\/i0.wp.com\/peakguesthouses.com\/wp-content\/uploads\/2014\/09\/Towels_05.jpg?w=2160&amp;ssl=1 2160w\" width=\"356\" height=\"200\" loading=\"lazy\" data-original-width=\"356\" data-original-height=\"200\" itemprop=\"http:\/\/schema.org\/image\" title=\"Towels_05\" alt=\"Towels_05\" style=\"width: 356px; height: 200px;\" \/> <\/a> <\/div> <\/div> <!-- close group --> <div class=\"gallery-group images-1\" style=\"width: 360px; height: 204px;\" data-original-width=\"360\" data-original-height=\"204\" > <div class=\"tiled-gallery-item tiled-gallery-item-large\" itemprop=\"associatedMedia\" itemscope itemtype=\"http:\/\/schema.org\/ImageObject\"> <a href=\"https:\/\/peakguesthouses.com\/de\/towels_04-2\/\" border=\"0\" itemprop=\"url\"> <meta itemprop=\"width\" content=\"356\"> <meta itemprop=\"height\" content=\"200\"> <img class=\"\" data-attachment-id=\"1520\" data-orig-file=\"https:\/\/peakguesthouses.com\/wp-content\/uploads\/2014\/09\/Towels_04.jpg\" data-orig-size=\"3264,1832\" data-comments-opened=\"\" data-image-meta=\"{&quot;aperture&quot;:&quot;2.8&quot;,&quot;credit&quot;:&quot;&quot;,&quot;camera&quot;:&quot;Canon DIGITAL IXUS 80 IS&quot;,&quot;caption&quot;:&quot;&quot;,&quot;created_timestamp&quot;:&quot;1408792048&quot;,&quot;copyright&quot;:&quot;&quot;,&quot;focal_length&quot;:&quot;6.2&quot;,&quot;iso&quot;:&quot;200&quot;,&quot;shutter_speed&quot;:&quot;0.0166666666667&quot;,&quot;title&quot;:&quot;&quot;,&quot;orientation&quot;:&quot;1&quot;}\" data-image-title=\"Towels_04\" data-image-description=\"\" data-medium-file=\"https:\/\/i0.wp.com\/peakguesthouses.com\/wp-content\/uploads\/2014\/09\/Towels_04.jpg?fit=300%2C168&#038;ssl=1\" data-large-file=\"https:\/\/i0.wp.com\/peakguesthouses.com\/wp-content\/uploads\/2014\/09\/Towels_04.jpg?fit=720%2C404&#038;ssl=1\" src=\"https:\/\/i0.wp.com\/peakguesthouses.com\/wp-content\/uploads\/2014\/09\/Towels_04.jpg?w=356&#038;h=200&#038;ssl=1\" srcset=\"https:\/\/i0.wp.com\/peakguesthouses.com\/wp-content\/uploads\/2014\/09\/Towels_04.jpg?w=3264&amp;ssl=1 3264w, https:\/\/i0.wp.com\/peakguesthouses.com\/wp-content\/uploads\/2014\/09\/Towels_04.jpg?resize=300%2C168&amp;ssl=1 300w, https:\/\/i0.wp.com\/peakguesthouses.com\/wp-content\/uploads\/2014\/09\/Towels_04.jpg?resize=1024%2C574&amp;ssl=1 1024w, https:\/\/i0.wp.com\/peakguesthouses.com\/wp-content\/uploads\/2014\/09\/Towels_04.jpg?w=1440&amp;ssl=1 1440w, https:\/\/i0.wp.com\/peakguesthouses.com\/wp-content\/uploads\/2014\/09\/Towels_04.jpg?w=2160&amp;ssl=1 2160w\" width=\"356\" height=\"200\" loading=\"lazy\" data-original-width=\"356\" data-original-height=\"200\" itemprop=\"http:\/\/schema.org\/image\" title=\"Towels_04\" alt=\"Towels_04\" style=\"width: 356px; height: 200px;\" \/> <\/a> <\/div> <\/div> <!-- close group --> <\/div> <!-- close row --> <div class=\"gallery-row\" style=\"width: 720px; height: 204px;\" data-original-width=\"720\" data-original-height=\"204\" > <div class=\"gallery-group images-1\" style=\"width: 360px; height: 204px;\" data-original-width=\"360\" data-original-height=\"204\" > <div class=\"tiled-gallery-item tiled-gallery-item-large\" itemprop=\"associatedMedia\" itemscope itemtype=\"http:\/\/schema.org\/ImageObject\"> <a href=\"https:\/\/peakguesthouses.com\/de\/towels_03-2\/\" border=\"0\" itemprop=\"url\"> <meta itemprop=\"width\" content=\"356\"> <meta itemprop=\"height\" content=\"200\"> <img class=\"\" data-attachment-id=\"1519\" data-orig-file=\"https:\/\/peakguesthouses.com\/wp-content\/uploads\/2014\/09\/Towels_03.jpg\" data-orig-size=\"3264,1832\" data-comments-opened=\"\" data-image-meta=\"{&quot;aperture&quot;:&quot;2.8&quot;,&quot;credit&quot;:&quot;&quot;,&quot;camera&quot;:&quot;Canon DIGITAL IXUS 80 IS&quot;,&quot;caption&quot;:&quot;&quot;,&quot;created_timestamp&quot;:&quot;1408792034&quot;,&quot;copyright&quot;:&quot;&quot;,&quot;focal_length&quot;:&quot;6.2&quot;,&quot;iso&quot;:&quot;200&quot;,&quot;shutter_speed&quot;:&quot;0.0166666666667&quot;,&quot;title&quot;:&quot;&quot;,&quot;orientation&quot;:&quot;1&quot;}\" data-image-title=\"Towels_03\" data-image-description=\"\" data-medium-file=\"https:\/\/i0.wp.com\/peakguesthouses.com\/wp-content\/uploads\/2014\/09\/Towels_03.jpg?fit=300%2C168&#038;ssl=1\" data-large-file=\"https:\/\/i0.wp.com\/peakguesthouses.com\/wp-content\/uploads\/2014\/09\/Towels_03.jpg?fit=720%2C404&#038;ssl=1\" src=\"https:\/\/i0.wp.com\/peakguesthouses.com\/wp-content\/uploads\/2014\/09\/Towels_03.jpg?w=356&#038;h=200&#038;ssl=1\" srcset=\"https:\/\/i0.wp.com\/peakguesthouses.com\/wp-content\/uploads\/2014\/09\/Towels_03.jpg?w=3264&amp;ssl=1 3264w, https:\/\/i0.wp.com\/peakguesthouses.com\/wp-content\/uploads\/2014\/09\/Towels_03.jpg?resize=300%2C168&amp;ssl=1 300w, https:\/\/i0.wp.com\/peakguesthouses.com\/wp-content\/uploads\/2014\/09\/Towels_03.jpg?resize=1024%2C574&amp;ssl=1 1024w, https:\/\/i0.wp.com\/peakguesthouses.com\/wp-content\/uploads\/2014\/09\/Towels_03.jpg?w=1440&amp;ssl=1 1440w, https:\/\/i0.wp.com\/peakguesthouses.com\/wp-content\/uploads\/2014\/09\/Towels_03.jpg?w=2160&amp;ssl=1 2160w\" width=\"356\" height=\"200\" loading=\"lazy\" data-original-width=\"356\" data-original-height=\"200\" itemprop=\"http:\/\/schema.org\/image\" title=\"Towels_03\" alt=\"Towels_03\" style=\"width: 356px; height: 200px;\" \/> <\/a> <\/div> <\/div> <!-- close group --> <div class=\"gallery-group images-1\" style=\"width: 360px; height: 204px;\" data-original-width=\"360\" data-original-height=\"204\" > <div class=\"tiled-gallery-item tiled-gallery-item-large\" itemprop=\"associatedMedia\" itemscope itemtype=\"http:\/\/schema.org\/ImageObject\"> <a href=\"https:\/\/peakguesthouses.com\/de\/towels_01-2\/\" border=\"0\" itemprop=\"url\"> <meta itemprop=\"width\" content=\"356\"> <meta itemprop=\"height\" content=\"200\"> <img class=\"\" data-attachment-id=\"1517\" data-orig-file=\"https:\/\/peakguesthouses.com\/wp-content\/uploads\/2014\/09\/Towels_01.jpg\" data-orig-size=\"3264,1832\" data-comments-opened=\"\" data-image-meta=\"{&quot;aperture&quot;:&quot;2.8&quot;,&quot;credit&quot;:&quot;&quot;,&quot;camera&quot;:&quot;Canon DIGITAL IXUS 80 IS&quot;,&quot;caption&quot;:&quot;&quot;,&quot;created_timestamp&quot;:&quot;1408792004&quot;,&quot;copyright&quot;:&quot;&quot;,&quot;focal_length&quot;:&quot;6.2&quot;,&quot;iso&quot;:&quot;200&quot;,&quot;shutter_speed&quot;:&quot;0.0166666666667&quot;,&quot;title&quot;:&quot;&quot;,&quot;orientation&quot;:&quot;1&quot;}\" data-image-title=\"Towels_01\" data-image-description=\"\" data-medium-file=\"https:\/\/i0.wp.com\/peakguesthouses.com\/wp-content\/uploads\/2014\/09\/Towels_01.jpg?fit=300%2C168&#038;ssl=1\" data-large-file=\"https:\/\/i0.wp.com\/peakguesthouses.com\/wp-content\/uploads\/2014\/09\/Towels_01.jpg?fit=720%2C404&#038;ssl=1\" src=\"https:\/\/i0.wp.com\/peakguesthouses.com\/wp-content\/uploads\/2014\/09\/Towels_01.jpg?w=356&#038;h=200&#038;ssl=1\" srcset=\"https:\/\/i0.wp.com\/peakguesthouses.com\/wp-content\/uploads\/2014\/09\/Towels_01.jpg?w=3264&amp;ssl=1 3264w, https:\/\/i0.wp.com\/peakguesthouses.com\/wp-content\/uploads\/2014\/09\/Towels_01.jpg?resize=300%2C168&amp;ssl=1 300w, https:\/\/i0.wp.com\/peakguesthouses.com\/wp-content\/uploads\/2014\/09\/Towels_01.jpg?resize=1024%2C574&amp;ssl=1 1024w, https:\/\/i0.wp.com\/peakguesthouses.com\/wp-content\/uploads\/2014\/09\/Towels_01.jpg?w=1440&amp;ssl=1 1440w, https:\/\/i0.wp.com\/peakguesthouses.com\/wp-content\/uploads\/2014\/09\/Towels_01.jpg?w=2160&amp;ssl=1 2160w\" width=\"356\" height=\"200\" loading=\"lazy\" data-original-width=\"356\" data-original-height=\"200\" itemprop=\"http:\/\/schema.org\/image\" title=\"Towels_01\" alt=\"Towels_01\" style=\"width: 356px; height: 200px;\" \/> <\/a> <\/div> <\/div> <!-- close group --> <\/div> <!-- close row --> <div class=\"gallery-row\" style=\"width: 720px; height: 406px;\" data-original-width=\"720\" data-original-height=\"406\" > <div class=\"gallery-group images-1\" style=\"width: 720px; height: 406px;\" data-original-width=\"720\" data-original-height=\"406\" > <div class=\"tiled-gallery-item tiled-gallery-item-large\" itemprop=\"associatedMedia\" itemscope itemtype=\"http:\/\/schema.org\/ImageObject\"> <a href=\"https:\/\/peakguesthouses.com\/de\/towels_02-2\/\" border=\"0\" itemprop=\"url\"> <meta itemprop=\"width\" content=\"716\"> <meta itemprop=\"height\" content=\"402\"> <img class=\"\" data-attachment-id=\"1518\" data-orig-file=\"https:\/\/peakguesthouses.com\/wp-content\/uploads\/2014\/09\/Towels_02.jpg\" data-orig-size=\"3264,1832\" data-comments-opened=\"\" data-image-meta=\"{&quot;aperture&quot;:&quot;2.8&quot;,&quot;credit&quot;:&quot;&quot;,&quot;camera&quot;:&quot;Canon DIGITAL IXUS 80 IS&quot;,&quot;caption&quot;:&quot;&quot;,&quot;created_timestamp&quot;:&quot;1408792010&quot;,&quot;copyright&quot;:&quot;&quot;,&quot;focal_length&quot;:&quot;6.2&quot;,&quot;iso&quot;:&quot;200&quot;,&quot;shutter_speed&quot;:&quot;0.0166666666667&quot;,&quot;title&quot;:&quot;&quot;,&quot;orientation&quot;:&quot;1&quot;}\" data-image-title=\"Towels_02\" data-image-description=\"\" data-medium-file=\"https:\/\/i0.wp.com\/peakguesthouses.com\/wp-content\/uploads\/2014\/09\/Towels_02.jpg?fit=300%2C168&#038;ssl=1\" data-large-file=\"https:\/\/i0.wp.com\/peakguesthouses.com\/wp-content\/uploads\/2014\/09\/Towels_02.jpg?fit=720%2C404&#038;ssl=1\" src=\"https:\/\/i0.wp.com\/peakguesthouses.com\/wp-content\/uploads\/2014\/09\/Towels_02.jpg?w=716&#038;h=402&#038;ssl=1\" srcset=\"https:\/\/i0.wp.com\/peakguesthouses.com\/wp-content\/uploads\/2014\/09\/Towels_02.jpg?w=3264&amp;ssl=1 3264w, https:\/\/i0.wp.com\/peakguesthouses.com\/wp-content\/uploads\/2014\/09\/Towels_02.jpg?resize=300%2C168&amp;ssl=1 300w, https:\/\/i0.wp.com\/peakguesthouses.com\/wp-content\/uploads\/2014\/09\/Towels_02.jpg?resize=1024%2C574&amp;ssl=1 1024w, https:\/\/i0.wp.com\/peakguesthouses.com\/wp-content\/uploads\/2014\/09\/Towels_02.jpg?w=1440&amp;ssl=1 1440w, https:\/\/i0.wp.com\/peakguesthouses.com\/wp-content\/uploads\/2014\/09\/Towels_02.jpg?w=2160&amp;ssl=1 2160w\" width=\"716\" height=\"402\" loading=\"lazy\" data-original-width=\"716\" data-original-height=\"402\" itemprop=\"http:\/\/schema.org\/image\" title=\"Towels_02\" alt=\"Towels_02\" style=\"width: 716px; height: 402px;\" \/> <\/a> <\/div> <\/div> <!-- close group --> <\/div> <!-- close row --> <\/div>\n<p>&nbsp;<\/p>\n<p>&nbsp;<\/p>\n","protected":false},"excerpt":{"rendered":"<p>Wenn Sie Handt\u00fccher und Bettw\u00e4sche ben\u00f6tigen, k\u00f6nnen Sie Aysel oder Ercan fragen, ob sie noch welche besorgen k\u00f6nnen. &nbsp; &nbsp; &nbsp;<\/p>\n","protected":false},"author":2,"featured_media":1523,"parent":0,"menu_order":0,"comment_status":"closed","ping_status":"closed","template":"","meta":{"footnotes":""},"class_list":["post-1570","page","type-page","status-publish","has-post-thumbnail","hentry"],"yoast_head":"<!-- This site is optimized with the Yoast SEO plugin v27.4 - https:\/\/yoast.com\/product\/yoast-seo-wordpress\/ -->\n<title>W\u00e4sche\/Handt\u00fccher - Peakguesthouses<\/title>\n<meta name=\"robots\" content=\"index, follow, max-snippet:-1, max-image-preview:large, max-video-preview:-1\" \/>\n<link rel=\"canonical\" href=\"https:\/\/peakguesthouses.com\/de\/waesche-handtuecher\/\" \/>\n<meta property=\"og:locale\" content=\"de_DE\" \/>\n<meta property=\"og:type\" content=\"article\" \/>\n<meta property=\"og:title\" content=\"W\u00e4sche\/Handt\u00fccher - Peakguesthouses\" \/>\n<meta property=\"og:description\" content=\"Wenn Sie Handt\u00fccher und Bettw\u00e4sche ben\u00f6tigen, k\u00f6nnen Sie Aysel oder Ercan fragen, ob sie noch welche besorgen k\u00f6nnen. &nbsp; &nbsp; &nbsp;\" \/>\n<meta property=\"og:url\" content=\"https:\/\/peakguesthouses.com\/de\/waesche-handtuecher\/\" \/>\n<meta property=\"og:site_name\" content=\"Peakguesthouses\" \/>\n<meta property=\"article:publisher\" content=\"https:\/\/www.facebook.com\/antalyaclimbing.geyikbayiri\" \/>\n<meta property=\"og:image\" content=\"https:\/\/i0.wp.com\/peakguesthouses.com\/wp-content\/uploads\/2014\/09\/Towels_07.jpg?fit=3264%2C1832&ssl=1\" \/>\n\t<meta property=\"og:image:width\" content=\"3264\" \/>\n\t<meta property=\"og:image:height\" content=\"1832\" \/>\n\t<meta property=\"og:image:type\" content=\"image\/jpeg\" \/>\n<script type=\"application\/ld+json\" class=\"yoast-schema-graph\">{\"@context\":\"https:\\\/\\\/schema.org\",\"@graph\":[{\"@type\":\"WebPage\",\"@id\":\"https:\\\/\\\/peakguesthouses.com\\\/de\\\/waesche-handtuecher\\\/\",\"url\":\"https:\\\/\\\/peakguesthouses.com\\\/de\\\/waesche-handtuecher\\\/\",\"name\":\"W\u00e4sche\\\/Handt\u00fccher - Peakguesthouses\",\"isPartOf\":{\"@id\":\"https:\\\/\\\/www.peakguesthouses.com\\\/de\\\/#website\"},\"primaryImageOfPage\":{\"@id\":\"https:\\\/\\\/peakguesthouses.com\\\/de\\\/waesche-handtuecher\\\/#primaryimage\"},\"image\":{\"@id\":\"https:\\\/\\\/peakguesthouses.com\\\/de\\\/waesche-handtuecher\\\/#primaryimage\"},\"thumbnailUrl\":\"https:\\\/\\\/i0.wp.com\\\/peakguesthouses.com\\\/wp-content\\\/uploads\\\/2014\\\/09\\\/Towels_07.jpg?fit=3264%2C1832&ssl=1\",\"datePublished\":\"2014-09-25T20:05:13+00:00\",\"breadcrumb\":{\"@id\":\"https:\\\/\\\/peakguesthouses.com\\\/de\\\/waesche-handtuecher\\\/#breadcrumb\"},\"inLanguage\":\"de\",\"potentialAction\":[{\"@type\":\"ReadAction\",\"target\":[\"https:\\\/\\\/peakguesthouses.com\\\/de\\\/waesche-handtuecher\\\/\"]}]},{\"@type\":\"ImageObject\",\"inLanguage\":\"de\",\"@id\":\"https:\\\/\\\/peakguesthouses.com\\\/de\\\/waesche-handtuecher\\\/#primaryimage\",\"url\":\"https:\\\/\\\/i0.wp.com\\\/peakguesthouses.com\\\/wp-content\\\/uploads\\\/2014\\\/09\\\/Towels_07.jpg?fit=3264%2C1832&ssl=1\",\"contentUrl\":\"https:\\\/\\\/i0.wp.com\\\/peakguesthouses.com\\\/wp-content\\\/uploads\\\/2014\\\/09\\\/Towels_07.jpg?fit=3264%2C1832&ssl=1\",\"width\":3264,\"height\":1832},{\"@type\":\"BreadcrumbList\",\"@id\":\"https:\\\/\\\/peakguesthouses.com\\\/de\\\/waesche-handtuecher\\\/#breadcrumb\",\"itemListElement\":[{\"@type\":\"ListItem\",\"position\":1,\"name\":\"Home\",\"item\":\"https:\\\/\\\/peakguesthouses.com\\\/de\\\/\"},{\"@type\":\"ListItem\",\"position\":2,\"name\":\"W\u00e4sche\\\/Handt\u00fccher\"}]},{\"@type\":\"WebSite\",\"@id\":\"https:\\\/\\\/www.peakguesthouses.com\\\/de\\\/#website\",\"url\":\"https:\\\/\\\/www.peakguesthouses.com\\\/de\\\/\",\"name\":\"Peakguesthouses\",\"description\":\"Geyikbayiri, Turkey, Rock Climbing and more...\",\"potentialAction\":[{\"@type\":\"SearchAction\",\"target\":{\"@type\":\"EntryPoint\",\"urlTemplate\":\"https:\\\/\\\/www.peakguesthouses.com\\\/de\\\/?s={search_term_string}\"},\"query-input\":{\"@type\":\"PropertyValueSpecification\",\"valueRequired\":true,\"valueName\":\"search_term_string\"}}],\"inLanguage\":\"de\"}]}<\/script>\n<!-- \/ Yoast SEO plugin. -->","yoast_head_json":{"title":"W\u00e4sche\/Handt\u00fccher - Peakguesthouses","robots":{"index":"index","follow":"follow","max-snippet":"max-snippet:-1","max-image-preview":"max-image-preview:large","max-video-preview":"max-video-preview:-1"},"canonical":"https:\/\/peakguesthouses.com\/de\/waesche-handtuecher\/","og_locale":"de_DE","og_type":"article","og_title":"W\u00e4sche\/Handt\u00fccher - Peakguesthouses","og_description":"Wenn Sie Handt\u00fccher und Bettw\u00e4sche ben\u00f6tigen, k\u00f6nnen Sie Aysel oder Ercan fragen, ob sie noch welche besorgen k\u00f6nnen. &nbsp; &nbsp; &nbsp;","og_url":"https:\/\/peakguesthouses.com\/de\/waesche-handtuecher\/","og_site_name":"Peakguesthouses","article_publisher":"https:\/\/www.facebook.com\/antalyaclimbing.geyikbayiri","og_image":[{"width":3264,"height":1832,"url":"https:\/\/i0.wp.com\/peakguesthouses.com\/wp-content\/uploads\/2014\/09\/Towels_07.jpg?fit=3264%2C1832&ssl=1","type":"image\/jpeg"}],"schema":{"@context":"https:\/\/schema.org","@graph":[{"@type":"WebPage","@id":"https:\/\/peakguesthouses.com\/de\/waesche-handtuecher\/","url":"https:\/\/peakguesthouses.com\/de\/waesche-handtuecher\/","name":"W\u00e4sche\/Handt\u00fccher - Peakguesthouses","isPartOf":{"@id":"https:\/\/www.peakguesthouses.com\/de\/#website"},"primaryImageOfPage":{"@id":"https:\/\/peakguesthouses.com\/de\/waesche-handtuecher\/#primaryimage"},"image":{"@id":"https:\/\/peakguesthouses.com\/de\/waesche-handtuecher\/#primaryimage"},"thumbnailUrl":"https:\/\/i0.wp.com\/peakguesthouses.com\/wp-content\/uploads\/2014\/09\/Towels_07.jpg?fit=3264%2C1832&ssl=1","datePublished":"2014-09-25T20:05:13+00:00","breadcrumb":{"@id":"https:\/\/peakguesthouses.com\/de\/waesche-handtuecher\/#breadcrumb"},"inLanguage":"de","potentialAction":[{"@type":"ReadAction","target":["https:\/\/peakguesthouses.com\/de\/waesche-handtuecher\/"]}]},{"@type":"ImageObject","inLanguage":"de","@id":"https:\/\/peakguesthouses.com\/de\/waesche-handtuecher\/#primaryimage","url":"https:\/\/i0.wp.com\/peakguesthouses.com\/wp-content\/uploads\/2014\/09\/Towels_07.jpg?fit=3264%2C1832&ssl=1","contentUrl":"https:\/\/i0.wp.com\/peakguesthouses.com\/wp-content\/uploads\/2014\/09\/Towels_07.jpg?fit=3264%2C1832&ssl=1","width":3264,"height":1832},{"@type":"BreadcrumbList","@id":"https:\/\/peakguesthouses.com\/de\/waesche-handtuecher\/#breadcrumb","itemListElement":[{"@type":"ListItem","position":1,"name":"Home","item":"https:\/\/peakguesthouses.com\/de\/"},{"@type":"ListItem","position":2,"name":"W\u00e4sche\/Handt\u00fccher"}]},{"@type":"WebSite","@id":"https:\/\/www.peakguesthouses.com\/de\/#website","url":"https:\/\/www.peakguesthouses.com\/de\/","name":"Peakguesthouses","description":"Geyikbayiri, Turkey, Rock Climbing and more...","potentialAction":[{"@type":"SearchAction","target":{"@type":"EntryPoint","urlTemplate":"https:\/\/www.peakguesthouses.com\/de\/?s={search_term_string}"},"query-input":{"@type":"PropertyValueSpecification","valueRequired":true,"valueName":"search_term_string"}}],"inLanguage":"de"}]}},"jetpack_sharing_enabled":true,"_links":{"self":[{"href":"https:\/\/peakguesthouses.com\/de\/wp-json\/wp\/v2\/pages\/1570","targetHints":{"allow":["GET"]}}],"collection":[{"href":"https:\/\/peakguesthouses.com\/de\/wp-json\/wp\/v2\/pages"}],"about":[{"href":"https:\/\/peakguesthouses.com\/de\/wp-json\/wp\/v2\/types\/page"}],"author":[{"embeddable":true,"href":"https:\/\/peakguesthouses.com\/de\/wp-json\/wp\/v2\/users\/2"}],"replies":[{"embeddable":true,"href":"https:\/\/peakguesthouses.com\/de\/wp-json\/wp\/v2\/comments?post=1570"}],"version-history":[{"count":0,"href":"https:\/\/peakguesthouses.com\/de\/wp-json\/wp\/v2\/pages\/1570\/revisions"}],"wp:featuredmedia":[{"embeddable":true,"href":"https:\/\/peakguesthouses.com\/de\/wp-json\/wp\/v2\/media\/1523"}],"wp:attachment":[{"href":"https:\/\/peakguesthouses.com\/de\/wp-json\/wp\/v2\/media?parent=1570"}],"curies":[{"name":"wp","href":"https:\/\/api.w.org\/{rel}","templated":true}]}}