{"id":1566,"date":"2014-07-31T10:24:16","date_gmt":"2014-07-31T07:24:16","guid":{"rendered":"https:\/\/peakguesthouses.com\/tuerkisches-hamam\/"},"modified":"2024-03-21T11:42:55","modified_gmt":"2024-03-21T08:42:55","slug":"tuerkisches-hamam","status":"publish","type":"page","link":"https:\/\/peakguesthouses.com\/de\/resttage\/tuerkisches-hamam\/","title":{"rendered":"T\u00fcrkisches Hamam"},"content":{"rendered":"<p><strong>Entspannung wiederentdecken: Ein t\u00fcrkischer Hamam-Retreat nach dem Klettern<\/strong><\/p>\n<div class=\"flex-1 overflow-hidden\">\n<div class=\"react-scroll-to-bottom--css-gdjjf-79elbk h-full dark:bg-gray-800\">\n<div class=\"react-scroll-to-bottom--css-gdjjf-1n7m0yu\">\n<div class=\"flex flex-col text-sm dark:bg-gray-800\">\n<div class=\"group final-completion w-full text-token-text-primary border-b border-black\/10 gizmo:border-0 dark:border-gray-900\/50 gizmo:dark:border-0 bg-gray-50 gizmo:bg-transparent dark:bg-[#444654] gizmo:dark:bg-transparent\" data-testid=\"conversation-turn-51\">\n<div class=\"p-4 justify-center text-base md:gap-6 md:py-6 m-auto\">\n<div class=\"flex flex-1 gap-4 text-base mx-auto md:gap-6 gizmo:gap-3 gizmo:md:px-5 gizmo:lg:px-1 gizmo:xl:px-5 md:max-w-2xl lg:max-w-[38rem] gizmo:md:max-w-3xl gizmo:lg:max-w-[40rem] gizmo:xl:max-w-[48rem] xl:max-w-3xl }\">\n<div class=\"relative flex w-[calc(100%-50px)] flex-col gizmo:w-full lg:w-[calc(100%-115px)] agent-turn\">\n<div class=\"flex-col gap-1 md:gap-3\">\n<div class=\"flex flex-grow flex-col gap-3 max-w-full\">\n<div class=\"min-h-[20px] flex flex-col items-start gap-3 whitespace-pre-wrap break-words overflow-x-auto\">\n<div class=\"markdown prose w-full break-words dark:prose-invert light\">\n<p>Nach Tagen anspruchsvoller Klettereien und aufregender Aufstiege kommt der Moment, an dem sich K\u00f6rper und Geist nach Erholung sehnen. Es ist die ideale Zeit, um eine einzigartige Entspannungsreise anzutreten &#8211; einen Besuch in einem traditionellen t\u00fcrkischen Hamam.<\/p>\n<p><strong>Stellen Sie sich das vor:<\/strong> Sie haben zerkl\u00fcftete Felsen bezwungen und ungeahnte H\u00f6hen erreicht. Ihre Muskeln sind m\u00fcde, aber gest\u00e4rkt, und Ihr Geist ist erf\u00fcllt vom Nachhall Ihrer Klettertriumphe. Dies ist der perfekte Zeitpunkt, um eine Pause einzulegen und sich mit der ultimativen Erfahrung der Selbstf\u00fcrsorge zu belohnen.<\/p>\n<p><strong>Das t\u00fcrkische Hamam:<\/strong> Es ist nicht einfach nur ein Badehaus, sondern ein Heiligtum mit jahrhundertealten, beruhigenden Traditionen. Wenn Sie die kunstvoll verzierten Kammern betreten, lassen Sie die Strapazen Ihrer Kletterabenteuer hinter sich und betreten eine Welt der Ruhe.<\/p>\n<p><strong>Das Ritual:<\/strong> Das t\u00fcrkische Hamam-Erlebnis ist ein altehrw\u00fcrdiges Ritual, das mit sanfter W\u00e4rme beginnt. Die beheizte Marmorplattform l\u00e4dt Sie ein, sich zur\u00fcckzulehnen, und die W\u00e4rme \u00f6ffnet Ihre Poren und bereitet Ihren K\u00f6rper auf die kommenden Verw\u00f6hnmomente vor.<\/p>\n<p><strong>Verw\u00f6hnung und Reinigung:<\/strong> Geschultes Personal f\u00fchrt ein sorgf\u00e4ltiges Peeling mit einem speziellen Handschuh, dem &#8220;Kese&#8221;, durch. Das Ergebnis ist belebend und reinigend. Ihre Haut wird sich wie neu anf\u00fchlen. Ein luxuri\u00f6ser Seifenschaum, der mit traditioneller t\u00fcrkischer Seife hergestellt wird, verleiht dem Erlebnis eine zus\u00e4tzliche Ebene des Verw\u00f6hnens.<\/p>\n<p><strong>Entspannung und Erneuerung:<\/strong> Nach den Reinigungsritualen k\u00f6nnen Sie sich auf der beheizten Marmorplattform zur\u00fccklehnen, wo Ihr K\u00f6rper die wohltuende W\u00e4rme aufnimmt. Es ist ein Moment der tiefen Ruhe und Entspannung, genau das, was man nach den Herausforderungen des Kletterns braucht.<\/p>\n<p><strong>Wer kann sie verwirklichen?<\/strong>  Aysel, Ihr erfahrener F\u00fchrer und Gastgeber, kann f\u00fcr Sie diesen besonderen R\u00fcckzugsort nach dem Klettern organisieren. Sie wei\u00df, wie wichtig es ist, K\u00f6rper und Geist zu verj\u00fcngen, und sie wird daf\u00fcr sorgen, dass jedes Detail beachtet wird.<\/p>\n<p>Wenn Sie sich also an Ihrem Ruhetag nach den anstrengenden Klettertouren richtig entspannen und verw\u00f6hnen lassen wollen, sollten Sie einen Besuch in einem t\u00fcrkischen Hamam in Betracht ziehen. Es ist die perfekte M\u00f6glichkeit, um Ihre Erfolge zu feiern, Ihren K\u00f6rper und Geist zu erneuern und sich auf Ihr n\u00e4chstes Kletterabenteuer vorzubereiten. Erleben Sie die uralte Kunst der Entspannung, und lassen Sie die Sorgen der Welt dahinschmelzen, w\u00e4hrend Sie sich in die Ruhe des t\u00fcrkischen Hamams begeben. Es ist eine Reise, die Sie nicht so schnell vergessen werden, ein Eintauchen in Tradition und Erneuerung &#8211; genau das, was jeder Kletterer braucht, um immer neue H\u00f6hen zu erreichen.<\/p>\n<\/div>\n<\/div>\n<\/div>\n<div class=\"flex justify-between empty:hidden gizmo:justify-start gizmo:gap-3 lg:block\">\n<div class=\"text-gray-400 flex self-end lg:self-center justify-center gizmo:lg:justify-start mt-2 gizmo:mt-0 visible lg:gap-1 lg:absolute lg:top-0 lg:translate-x-full lg:right-0 lg:mt-0 lg:pl-2 gap-2 md:gap-3\">\n<p>&nbsp;<\/p>\n<div class=\"flex gap-1 gizmo:gap-3\"><\/div>\n<\/div>\n<\/div>\n<\/div>\n<\/div>\n<\/div>\n<\/div>\n<\/div>\n<div class=\"h-32 md:h-48 flex-shrink-0\"><\/div>\n<p>&nbsp;<\/p>\n<\/div>\n<\/div>\n<\/div>\n<\/div>\n<div class=\"w-full pt-2 border-t md:border-t-0 dark:border-white\/20 md:border-transparent md:dark:border-transparent md:pl-2 md:w-[calc(100%-.5rem)] absolute bottom-0 left-0 md:bg-vert-light-gradient bg-white dark:bg-gray-800 md:!bg-transparent dark:md:bg-vert-dark-gradient\">\n<form class=\"stretch mx-2 flex flex-row gap-3 last:mb-2 md:mx-4 md:last:mb-6 lg:mx-auto lg:max-w-2xl xl:max-w-3xl\">\n<div class=\"relative flex h-full flex-1 items-stretch md:flex-col\">\n<div>\n<div class=\"h-full flex ml-1 md:w-full md:m-auto md:mb-4 gap-0 md:gap-2 justify-center\"><\/div>\n<\/div>\n<\/div>\n<\/form>\n<\/div>\n","protected":false},"excerpt":{"rendered":"<p>Entspannung wiederentdecken: Ein t\u00fcrkischer Hamam-Retreat nach dem Klettern Nach Tagen anspruchsvoller Klettereien und aufregender Aufstiege kommt der Moment, an dem sich K\u00f6rper und Geist nach Erholung sehnen. Es ist die ideale Zeit, um eine einzigartige Entspannungsreise anzutreten &#8211; einen Besuch<\/p>\n","protected":false},"author":2,"featured_media":1539,"parent":1572,"menu_order":0,"comment_status":"closed","ping_status":"closed","template":"","meta":{"footnotes":""},"class_list":["post-1566","page","type-page","status-publish","has-post-thumbnail","hentry"],"yoast_head":"<!-- This site is optimized with the Yoast SEO plugin v27.4 - https:\/\/yoast.com\/product\/yoast-seo-wordpress\/ -->\n<title>T\u00fcrkisches Hamam-Retreat in Antalya: Eine Oase der Entspannung f\u00fcr Bergsteiger<\/title>\n<meta name=\"description\" content=\"Tanken Sie nach anstrengenden Klettertouren K\u00f6rper und Geist in einem t\u00fcrkischen Hamam in Antalya auf. Tauchen Sie ein in Tradition, Verw\u00f6hnung und Gelassenheit. Aysel, Ihr erfahrener Reiseleiter, wird es Ihnen erm\u00f6glichen.\" \/>\n<meta name=\"robots\" content=\"index, follow, max-snippet:-1, max-image-preview:large, max-video-preview:-1\" \/>\n<link rel=\"canonical\" href=\"https:\/\/peakguesthouses.com\/de\/resttage\/tuerkisches-hamam\/\" \/>\n<meta property=\"og:locale\" content=\"de_DE\" \/>\n<meta property=\"og:type\" content=\"article\" \/>\n<meta property=\"og:title\" content=\"T\u00fcrkisches Hamam-Retreat in Antalya: Eine Oase der Entspannung f\u00fcr Bergsteiger\" \/>\n<meta property=\"og:description\" content=\"Tanken Sie nach anstrengenden Klettertouren K\u00f6rper und Geist in einem t\u00fcrkischen Hamam in Antalya auf. Tauchen Sie ein in Tradition, Verw\u00f6hnung und Gelassenheit. Aysel, Ihr erfahrener Reiseleiter, wird es Ihnen erm\u00f6glichen.\" \/>\n<meta property=\"og:url\" content=\"https:\/\/peakguesthouses.com\/de\/resttage\/tuerkisches-hamam\/\" \/>\n<meta property=\"og:site_name\" content=\"Peakguesthouses\" \/>\n<meta property=\"article:publisher\" content=\"https:\/\/www.facebook.com\/antalyaclimbing.geyikbayiri\" \/>\n<meta property=\"article:modified_time\" content=\"2024-03-21T08:42:55+00:00\" \/>\n<meta property=\"og:image\" content=\"https:\/\/i0.wp.com\/peakguesthouses.com\/wp-content\/uploads\/2023\/10\/hamam.jpg?fit=2000%2C1333&ssl=1\" \/>\n\t<meta property=\"og:image:width\" content=\"2000\" \/>\n\t<meta property=\"og:image:height\" content=\"1333\" \/>\n\t<meta property=\"og:image:type\" content=\"image\/jpeg\" \/>\n<meta name=\"twitter:label1\" content=\"Gesch\u00e4tzte Lesezeit\" \/>\n\t<meta name=\"twitter:data1\" content=\"2\u00a0Minuten\" \/>\n<script type=\"application\/ld+json\" class=\"yoast-schema-graph\">{\"@context\":\"https:\\\/\\\/schema.org\",\"@graph\":[{\"@type\":\"WebPage\",\"@id\":\"https:\\\/\\\/peakguesthouses.com\\\/de\\\/resttage\\\/tuerkisches-hamam\\\/\",\"url\":\"https:\\\/\\\/peakguesthouses.com\\\/de\\\/resttage\\\/tuerkisches-hamam\\\/\",\"name\":\"T\u00fcrkisches Hamam-Retreat in Antalya: Eine Oase der Entspannung f\u00fcr Bergsteiger\",\"isPartOf\":{\"@id\":\"https:\\\/\\\/www.peakguesthouses.com\\\/de\\\/#website\"},\"primaryImageOfPage\":{\"@id\":\"https:\\\/\\\/peakguesthouses.com\\\/de\\\/resttage\\\/tuerkisches-hamam\\\/#primaryimage\"},\"image\":{\"@id\":\"https:\\\/\\\/peakguesthouses.com\\\/de\\\/resttage\\\/tuerkisches-hamam\\\/#primaryimage\"},\"thumbnailUrl\":\"https:\\\/\\\/i0.wp.com\\\/peakguesthouses.com\\\/wp-content\\\/uploads\\\/2023\\\/10\\\/hamam.jpg?fit=2000%2C1333&ssl=1\",\"datePublished\":\"2014-07-31T07:24:16+00:00\",\"dateModified\":\"2024-03-21T08:42:55+00:00\",\"description\":\"Tanken Sie nach anstrengenden Klettertouren K\u00f6rper und Geist in einem t\u00fcrkischen Hamam in Antalya auf. Tauchen Sie ein in Tradition, Verw\u00f6hnung und Gelassenheit. Aysel, Ihr erfahrener Reiseleiter, wird es Ihnen erm\u00f6glichen.\",\"breadcrumb\":{\"@id\":\"https:\\\/\\\/peakguesthouses.com\\\/de\\\/resttage\\\/tuerkisches-hamam\\\/#breadcrumb\"},\"inLanguage\":\"de\",\"potentialAction\":[{\"@type\":\"ReadAction\",\"target\":[\"https:\\\/\\\/peakguesthouses.com\\\/de\\\/resttage\\\/tuerkisches-hamam\\\/\"]}]},{\"@type\":\"ImageObject\",\"inLanguage\":\"de\",\"@id\":\"https:\\\/\\\/peakguesthouses.com\\\/de\\\/resttage\\\/tuerkisches-hamam\\\/#primaryimage\",\"url\":\"https:\\\/\\\/i0.wp.com\\\/peakguesthouses.com\\\/wp-content\\\/uploads\\\/2023\\\/10\\\/hamam.jpg?fit=2000%2C1333&ssl=1\",\"contentUrl\":\"https:\\\/\\\/i0.wp.com\\\/peakguesthouses.com\\\/wp-content\\\/uploads\\\/2023\\\/10\\\/hamam.jpg?fit=2000%2C1333&ssl=1\",\"width\":2000,\"height\":1333,\"caption\":\"Hamam spa in hotel resort for relaxing\"},{\"@type\":\"BreadcrumbList\",\"@id\":\"https:\\\/\\\/peakguesthouses.com\\\/de\\\/resttage\\\/tuerkisches-hamam\\\/#breadcrumb\",\"itemListElement\":[{\"@type\":\"ListItem\",\"position\":1,\"name\":\"Home\",\"item\":\"https:\\\/\\\/peakguesthouses.com\\\/de\\\/\"},{\"@type\":\"ListItem\",\"position\":2,\"name\":\"Resttage\",\"item\":\"https:\\\/\\\/peakguesthouses.com\\\/de\\\/resttage\\\/\"},{\"@type\":\"ListItem\",\"position\":3,\"name\":\"T\u00fcrkisches Hamam\"}]},{\"@type\":\"WebSite\",\"@id\":\"https:\\\/\\\/www.peakguesthouses.com\\\/de\\\/#website\",\"url\":\"https:\\\/\\\/www.peakguesthouses.com\\\/de\\\/\",\"name\":\"Peakguesthouses\",\"description\":\"Geyikbayiri, Turkey, Rock Climbing and more...\",\"potentialAction\":[{\"@type\":\"SearchAction\",\"target\":{\"@type\":\"EntryPoint\",\"urlTemplate\":\"https:\\\/\\\/www.peakguesthouses.com\\\/de\\\/?s={search_term_string}\"},\"query-input\":{\"@type\":\"PropertyValueSpecification\",\"valueRequired\":true,\"valueName\":\"search_term_string\"}}],\"inLanguage\":\"de\"}]}<\/script>\n<!-- \/ Yoast SEO plugin. -->","yoast_head_json":{"title":"T\u00fcrkisches Hamam-Retreat in Antalya: Eine Oase der Entspannung f\u00fcr Bergsteiger","description":"Tanken Sie nach anstrengenden Klettertouren K\u00f6rper und Geist in einem t\u00fcrkischen Hamam in Antalya auf. Tauchen Sie ein in Tradition, Verw\u00f6hnung und Gelassenheit. Aysel, Ihr erfahrener Reiseleiter, wird es Ihnen erm\u00f6glichen.","robots":{"index":"index","follow":"follow","max-snippet":"max-snippet:-1","max-image-preview":"max-image-preview:large","max-video-preview":"max-video-preview:-1"},"canonical":"https:\/\/peakguesthouses.com\/de\/resttage\/tuerkisches-hamam\/","og_locale":"de_DE","og_type":"article","og_title":"T\u00fcrkisches Hamam-Retreat in Antalya: Eine Oase der Entspannung f\u00fcr Bergsteiger","og_description":"Tanken Sie nach anstrengenden Klettertouren K\u00f6rper und Geist in einem t\u00fcrkischen Hamam in Antalya auf. Tauchen Sie ein in Tradition, Verw\u00f6hnung und Gelassenheit. Aysel, Ihr erfahrener Reiseleiter, wird es Ihnen erm\u00f6glichen.","og_url":"https:\/\/peakguesthouses.com\/de\/resttage\/tuerkisches-hamam\/","og_site_name":"Peakguesthouses","article_publisher":"https:\/\/www.facebook.com\/antalyaclimbing.geyikbayiri","article_modified_time":"2024-03-21T08:42:55+00:00","og_image":[{"width":2000,"height":1333,"url":"https:\/\/i0.wp.com\/peakguesthouses.com\/wp-content\/uploads\/2023\/10\/hamam.jpg?fit=2000%2C1333&ssl=1","type":"image\/jpeg"}],"twitter_misc":{"Gesch\u00e4tzte Lesezeit":"2\u00a0Minuten"},"schema":{"@context":"https:\/\/schema.org","@graph":[{"@type":"WebPage","@id":"https:\/\/peakguesthouses.com\/de\/resttage\/tuerkisches-hamam\/","url":"https:\/\/peakguesthouses.com\/de\/resttage\/tuerkisches-hamam\/","name":"T\u00fcrkisches Hamam-Retreat in Antalya: Eine Oase der Entspannung f\u00fcr Bergsteiger","isPartOf":{"@id":"https:\/\/www.peakguesthouses.com\/de\/#website"},"primaryImageOfPage":{"@id":"https:\/\/peakguesthouses.com\/de\/resttage\/tuerkisches-hamam\/#primaryimage"},"image":{"@id":"https:\/\/peakguesthouses.com\/de\/resttage\/tuerkisches-hamam\/#primaryimage"},"thumbnailUrl":"https:\/\/i0.wp.com\/peakguesthouses.com\/wp-content\/uploads\/2023\/10\/hamam.jpg?fit=2000%2C1333&ssl=1","datePublished":"2014-07-31T07:24:16+00:00","dateModified":"2024-03-21T08:42:55+00:00","description":"Tanken Sie nach anstrengenden Klettertouren K\u00f6rper und Geist in einem t\u00fcrkischen Hamam in Antalya auf. Tauchen Sie ein in Tradition, Verw\u00f6hnung und Gelassenheit. Aysel, Ihr erfahrener Reiseleiter, wird es Ihnen erm\u00f6glichen.","breadcrumb":{"@id":"https:\/\/peakguesthouses.com\/de\/resttage\/tuerkisches-hamam\/#breadcrumb"},"inLanguage":"de","potentialAction":[{"@type":"ReadAction","target":["https:\/\/peakguesthouses.com\/de\/resttage\/tuerkisches-hamam\/"]}]},{"@type":"ImageObject","inLanguage":"de","@id":"https:\/\/peakguesthouses.com\/de\/resttage\/tuerkisches-hamam\/#primaryimage","url":"https:\/\/i0.wp.com\/peakguesthouses.com\/wp-content\/uploads\/2023\/10\/hamam.jpg?fit=2000%2C1333&ssl=1","contentUrl":"https:\/\/i0.wp.com\/peakguesthouses.com\/wp-content\/uploads\/2023\/10\/hamam.jpg?fit=2000%2C1333&ssl=1","width":2000,"height":1333,"caption":"Hamam spa in hotel resort for relaxing"},{"@type":"BreadcrumbList","@id":"https:\/\/peakguesthouses.com\/de\/resttage\/tuerkisches-hamam\/#breadcrumb","itemListElement":[{"@type":"ListItem","position":1,"name":"Home","item":"https:\/\/peakguesthouses.com\/de\/"},{"@type":"ListItem","position":2,"name":"Resttage","item":"https:\/\/peakguesthouses.com\/de\/resttage\/"},{"@type":"ListItem","position":3,"name":"T\u00fcrkisches Hamam"}]},{"@type":"WebSite","@id":"https:\/\/www.peakguesthouses.com\/de\/#website","url":"https:\/\/www.peakguesthouses.com\/de\/","name":"Peakguesthouses","description":"Geyikbayiri, Turkey, Rock Climbing and more...","potentialAction":[{"@type":"SearchAction","target":{"@type":"EntryPoint","urlTemplate":"https:\/\/www.peakguesthouses.com\/de\/?s={search_term_string}"},"query-input":{"@type":"PropertyValueSpecification","valueRequired":true,"valueName":"search_term_string"}}],"inLanguage":"de"}]}},"jetpack_sharing_enabled":true,"_links":{"self":[{"href":"https:\/\/peakguesthouses.com\/de\/wp-json\/wp\/v2\/pages\/1566","targetHints":{"allow":["GET"]}}],"collection":[{"href":"https:\/\/peakguesthouses.com\/de\/wp-json\/wp\/v2\/pages"}],"about":[{"href":"https:\/\/peakguesthouses.com\/de\/wp-json\/wp\/v2\/types\/page"}],"author":[{"embeddable":true,"href":"https:\/\/peakguesthouses.com\/de\/wp-json\/wp\/v2\/users\/2"}],"replies":[{"embeddable":true,"href":"https:\/\/peakguesthouses.com\/de\/wp-json\/wp\/v2\/comments?post=1566"}],"version-history":[{"count":1,"href":"https:\/\/peakguesthouses.com\/de\/wp-json\/wp\/v2\/pages\/1566\/revisions"}],"predecessor-version":[{"id":1574,"href":"https:\/\/peakguesthouses.com\/de\/wp-json\/wp\/v2\/pages\/1566\/revisions\/1574"}],"up":[{"embeddable":true,"href":"https:\/\/peakguesthouses.com\/de\/wp-json\/wp\/v2\/pages\/1572"}],"wp:featuredmedia":[{"embeddable":true,"href":"https:\/\/peakguesthouses.com\/de\/wp-json\/wp\/v2\/media\/1539"}],"wp:attachment":[{"href":"https:\/\/peakguesthouses.com\/de\/wp-json\/wp\/v2\/media?parent=1566"}],"curies":[{"name":"wp","href":"https:\/\/api.w.org\/{rel}","templated":true}]}}