{"id":1563,"date":"2014-07-31T10:23:28","date_gmt":"2014-07-31T07:23:28","guid":{"rendered":"https:\/\/peakguesthouses.com\/lokaler-tuerkischer-basar\/"},"modified":"2024-03-21T11:42:55","modified_gmt":"2024-03-21T08:42:55","slug":"lokaler-tuerkischer-basar","status":"publish","type":"page","link":"https:\/\/peakguesthouses.com\/de\/resttage\/lokaler-tuerkischer-basar\/","title":{"rendered":"Lokaler t\u00fcrkischer Basar"},"content":{"rendered":"<p class=\"p1\"><strong>Der Sonntagsmarkt von Cakirlar: Ein kulinarisches und kulturelles Fest<\/strong><\/p>\n<p>Der Sonntagsmarkt liegt nur 7 km vom Dorf Cakirlar entfernt und ist ein lebendiges Fest des anatolischen Lebens. Hier finden Sie alles:<\/p>\n<ul>\n<li>Frisches, lokal angebautes Obst und Gem\u00fcse.<\/li>\n<li>Brutzelnde G\u00f6zleme, ein beliebtes t\u00fcrkisches Geb\u00e4ck.<\/li>\n<li>Eine Auswahl an frisch gebackenem Brot.<\/li>\n<li>Aromatische Gew\u00fcrze und Trockenfr\u00fcchte.<\/li>\n<li>Eine Chance, mit warmherzigen Einheimischen in Kontakt zu kommen.<\/li>\n<\/ul>\n<div class=\"tiled-gallery type-rectangular tiled-gallery-unresized\" data-original-width=\"720\" data-carousel-extra='{&quot;blog_id&quot;:1,&quot;permalink&quot;:&quot;https:\\\/\\\/peakguesthouses.com\\\/de\\\/resttage\\\/lokaler-tuerkischer-basar\\\/&quot;,&quot;likes_blog_id&quot;:117353292}' itemscope itemtype=\"http:\/\/schema.org\/ImageGallery\" > <div class=\"gallery-row\" style=\"width: 720px; height: 285px;\" data-original-width=\"720\" data-original-height=\"285\" > <div class=\"gallery-group images-1\" style=\"width: 720px; height: 285px;\" data-original-width=\"720\" data-original-height=\"285\" > <div class=\"tiled-gallery-item tiled-gallery-item-large\" itemprop=\"associatedMedia\" itemscope itemtype=\"http:\/\/schema.org\/ImageObject\"> <a href=\"https:\/\/peakguesthouses.com\/de\/peak_guesthouses_122-2\/\" border=\"0\" itemprop=\"url\"> <meta itemprop=\"width\" content=\"716\"> <meta itemprop=\"height\" content=\"281\"> <img class=\"\" data-attachment-id=\"1406\" data-orig-file=\"https:\/\/peakguesthouses.com\/wp-content\/uploads\/2014\/07\/Peak_Guesthouses_122.jpg\" data-orig-size=\"5952,2332\" data-comments-opened=\"\" data-image-meta=\"{&quot;aperture&quot;:&quot;2.4&quot;,&quot;credit&quot;:&quot;&quot;,&quot;camera&quot;:&quot;iPhone 5&quot;,&quot;caption&quot;:&quot;&quot;,&quot;created_timestamp&quot;:&quot;1356867634&quot;,&quot;copyright&quot;:&quot;&quot;,&quot;focal_length&quot;:&quot;4.13&quot;,&quot;iso&quot;:&quot;200&quot;,&quot;shutter_speed&quot;:&quot;0.00143884892086&quot;,&quot;title&quot;:&quot;&quot;}\" data-image-title=\"Peak_Guesthouses_122\" data-image-description=\"\" data-medium-file=\"https:\/\/i0.wp.com\/peakguesthouses.com\/wp-content\/uploads\/2014\/07\/Peak_Guesthouses_122.jpg?fit=300%2C117&#038;ssl=1\" data-large-file=\"https:\/\/i0.wp.com\/peakguesthouses.com\/wp-content\/uploads\/2014\/07\/Peak_Guesthouses_122.jpg?fit=720%2C282&#038;ssl=1\" src=\"https:\/\/i0.wp.com\/peakguesthouses.com\/wp-content\/uploads\/2014\/07\/Peak_Guesthouses_122.jpg?w=716&#038;h=281&#038;ssl=1\" srcset=\"https:\/\/i0.wp.com\/peakguesthouses.com\/wp-content\/uploads\/2014\/07\/Peak_Guesthouses_122.jpg?w=5952&amp;ssl=1 5952w, https:\/\/i0.wp.com\/peakguesthouses.com\/wp-content\/uploads\/2014\/07\/Peak_Guesthouses_122.jpg?resize=300%2C117&amp;ssl=1 300w, https:\/\/i0.wp.com\/peakguesthouses.com\/wp-content\/uploads\/2014\/07\/Peak_Guesthouses_122.jpg?resize=1024%2C401&amp;ssl=1 1024w, https:\/\/i0.wp.com\/peakguesthouses.com\/wp-content\/uploads\/2014\/07\/Peak_Guesthouses_122.jpg?w=1440&amp;ssl=1 1440w, https:\/\/i0.wp.com\/peakguesthouses.com\/wp-content\/uploads\/2014\/07\/Peak_Guesthouses_122.jpg?w=2160&amp;ssl=1 2160w\" width=\"716\" height=\"281\" loading=\"lazy\" data-original-width=\"716\" data-original-height=\"281\" itemprop=\"http:\/\/schema.org\/image\" title=\"Peak_Guesthouses_122\" alt=\"Peak_Guesthouses_122\" style=\"width: 716px; height: 281px;\" \/> <\/a> <\/div> <\/div> <!-- close group --> <\/div> <!-- close row --> <div class=\"gallery-row\" style=\"width: 720px; height: 247px;\" data-original-width=\"720\" data-original-height=\"247\" > <div class=\"gallery-group images-1\" style=\"width: 360px; height: 247px;\" data-original-width=\"360\" data-original-height=\"247\" > <div class=\"tiled-gallery-item tiled-gallery-item-large\" itemprop=\"associatedMedia\" itemscope itemtype=\"http:\/\/schema.org\/ImageObject\"> <a href=\"https:\/\/peakguesthouses.com\/de\/peak_guesthouses_087-2\/\" border=\"0\" itemprop=\"url\"> <meta itemprop=\"width\" content=\"356\"> <meta itemprop=\"height\" content=\"243\"> <img class=\"\" data-attachment-id=\"1297\" data-orig-file=\"https:\/\/peakguesthouses.com\/wp-content\/uploads\/2014\/07\/Peak_Guesthouses_087.jpg\" data-orig-size=\"1100,750\" data-comments-opened=\"\" data-image-meta=\"{&quot;aperture&quot;:&quot;0&quot;,&quot;credit&quot;:&quot;&quot;,&quot;camera&quot;:&quot;&quot;,&quot;caption&quot;:&quot;&quot;,&quot;created_timestamp&quot;:&quot;0&quot;,&quot;copyright&quot;:&quot;&quot;,&quot;focal_length&quot;:&quot;0&quot;,&quot;iso&quot;:&quot;0&quot;,&quot;shutter_speed&quot;:&quot;0&quot;,&quot;title&quot;:&quot;&quot;,&quot;orientation&quot;:&quot;0&quot;}\" data-image-title=\"Peak_Guesthouses_087\" data-image-description=\"\" data-medium-file=\"https:\/\/i0.wp.com\/peakguesthouses.com\/wp-content\/uploads\/2014\/07\/Peak_Guesthouses_087.jpg?fit=300%2C205&#038;ssl=1\" data-large-file=\"https:\/\/i0.wp.com\/peakguesthouses.com\/wp-content\/uploads\/2014\/07\/Peak_Guesthouses_087.jpg?fit=720%2C491&#038;ssl=1\" src=\"https:\/\/i0.wp.com\/peakguesthouses.com\/wp-content\/uploads\/2014\/07\/Peak_Guesthouses_087.jpg?w=356&#038;h=243&#038;ssl=1\" srcset=\"https:\/\/i0.wp.com\/peakguesthouses.com\/wp-content\/uploads\/2014\/07\/Peak_Guesthouses_087.jpg?w=1100&amp;ssl=1 1100w, https:\/\/i0.wp.com\/peakguesthouses.com\/wp-content\/uploads\/2014\/07\/Peak_Guesthouses_087.jpg?resize=300%2C205&amp;ssl=1 300w, https:\/\/i0.wp.com\/peakguesthouses.com\/wp-content\/uploads\/2014\/07\/Peak_Guesthouses_087.jpg?resize=768%2C524&amp;ssl=1 768w, https:\/\/i0.wp.com\/peakguesthouses.com\/wp-content\/uploads\/2014\/07\/Peak_Guesthouses_087.jpg?resize=1024%2C698&amp;ssl=1 1024w\" width=\"356\" height=\"243\" loading=\"lazy\" data-original-width=\"356\" data-original-height=\"243\" itemprop=\"http:\/\/schema.org\/image\" title=\"Peak_Guesthouses_087\" alt=\"Peak_Guesthouses_087\" style=\"width: 356px; height: 243px;\" \/> <\/a> <\/div> <\/div> <!-- close group --> <div class=\"gallery-group images-1\" style=\"width: 360px; height: 247px;\" data-original-width=\"360\" data-original-height=\"247\" > <div class=\"tiled-gallery-item tiled-gallery-item-large\" itemprop=\"associatedMedia\" itemscope itemtype=\"http:\/\/schema.org\/ImageObject\"> <a href=\"https:\/\/peakguesthouses.com\/de\/peak_guesthouses_093-2\/\" border=\"0\" itemprop=\"url\"> <meta itemprop=\"width\" content=\"356\"> <meta itemprop=\"height\" content=\"243\"> <img class=\"\" data-attachment-id=\"1303\" data-orig-file=\"https:\/\/peakguesthouses.com\/wp-content\/uploads\/2014\/07\/Peak_Guesthouses_093.jpg\" data-orig-size=\"1100,750\" data-comments-opened=\"\" data-image-meta=\"{&quot;aperture&quot;:&quot;0&quot;,&quot;credit&quot;:&quot;&quot;,&quot;camera&quot;:&quot;&quot;,&quot;caption&quot;:&quot;&quot;,&quot;created_timestamp&quot;:&quot;0&quot;,&quot;copyright&quot;:&quot;&quot;,&quot;focal_length&quot;:&quot;0&quot;,&quot;iso&quot;:&quot;0&quot;,&quot;shutter_speed&quot;:&quot;0&quot;,&quot;title&quot;:&quot;&quot;,&quot;orientation&quot;:&quot;0&quot;}\" data-image-title=\"Peak_Guesthouses_093\" data-image-description=\"\" data-medium-file=\"https:\/\/i0.wp.com\/peakguesthouses.com\/wp-content\/uploads\/2014\/07\/Peak_Guesthouses_093.jpg?fit=300%2C205&#038;ssl=1\" data-large-file=\"https:\/\/i0.wp.com\/peakguesthouses.com\/wp-content\/uploads\/2014\/07\/Peak_Guesthouses_093.jpg?fit=720%2C491&#038;ssl=1\" src=\"https:\/\/i0.wp.com\/peakguesthouses.com\/wp-content\/uploads\/2014\/07\/Peak_Guesthouses_093.jpg?w=356&#038;h=243&#038;ssl=1\" srcset=\"https:\/\/i0.wp.com\/peakguesthouses.com\/wp-content\/uploads\/2014\/07\/Peak_Guesthouses_093.jpg?w=1100&amp;ssl=1 1100w, https:\/\/i0.wp.com\/peakguesthouses.com\/wp-content\/uploads\/2014\/07\/Peak_Guesthouses_093.jpg?resize=300%2C205&amp;ssl=1 300w, https:\/\/i0.wp.com\/peakguesthouses.com\/wp-content\/uploads\/2014\/07\/Peak_Guesthouses_093.jpg?resize=768%2C524&amp;ssl=1 768w, https:\/\/i0.wp.com\/peakguesthouses.com\/wp-content\/uploads\/2014\/07\/Peak_Guesthouses_093.jpg?resize=1024%2C698&amp;ssl=1 1024w\" width=\"356\" height=\"243\" loading=\"lazy\" data-original-width=\"356\" data-original-height=\"243\" itemprop=\"http:\/\/schema.org\/image\" title=\"Peak_Guesthouses_093\" alt=\"Peak_Guesthouses_093\" style=\"width: 356px; height: 243px;\" \/> <\/a> <\/div> <\/div> <!-- close group --> <\/div> <!-- close row --> <\/div>\n","protected":false},"excerpt":{"rendered":"<p>Der Sonntagsmarkt von Cakirlar: Ein kulinarisches und kulturelles Fest Der Sonntagsmarkt liegt nur 7 km vom Dorf Cakirlar entfernt und ist ein lebendiges Fest des anatolischen Lebens. Hier finden Sie alles: Frisches, lokal angebautes Obst und Gem\u00fcse. Brutzelnde G\u00f6zleme, ein<\/p>\n","protected":false},"author":2,"featured_media":1297,"parent":1572,"menu_order":0,"comment_status":"closed","ping_status":"closed","template":"","meta":{"footnotes":""},"class_list":["post-1563","page","type-page","status-publish","has-post-thumbnail","hentry"],"yoast_head":"<!-- This site is optimized with the Yoast SEO plugin v27.4 - https:\/\/yoast.com\/product\/yoast-seo-wordpress\/ -->\n<title>Cakirlars lebendiger Sonntagsmarkt: Frische Fr\u00fcchte, G\u00f6zleme und mehr<\/title>\n<meta name=\"description\" content=\"Entdecken Sie den Charme des Sonntagsmarktes von Cakirlar, nur 7 km vom Dorf entfernt. Diese w\u00f6chentliche Tradition bietet frisches Obst, brutzelndes G\u00f6zleme, handwerklich hergestelltes Brot und eine Gelegenheit, mit Einheimischen ins Gespr\u00e4ch zu kommen. Entdecken Sie jeden Sonntag das Herz des anatolischen Lebens.\" \/>\n<meta name=\"robots\" content=\"index, follow, max-snippet:-1, max-image-preview:large, max-video-preview:-1\" \/>\n<link rel=\"canonical\" href=\"https:\/\/peakguesthouses.com\/de\/resttage\/lokaler-tuerkischer-basar\/\" \/>\n<meta property=\"og:locale\" content=\"de_DE\" \/>\n<meta property=\"og:type\" content=\"article\" \/>\n<meta property=\"og:title\" content=\"Cakirlars lebendiger Sonntagsmarkt: Frische Fr\u00fcchte, G\u00f6zleme und mehr\" \/>\n<meta property=\"og:description\" content=\"Entdecken Sie den Charme des Sonntagsmarktes von Cakirlar, nur 7 km vom Dorf entfernt. Diese w\u00f6chentliche Tradition bietet frisches Obst, brutzelndes G\u00f6zleme, handwerklich hergestelltes Brot und eine Gelegenheit, mit Einheimischen ins Gespr\u00e4ch zu kommen. Entdecken Sie jeden Sonntag das Herz des anatolischen Lebens.\" \/>\n<meta property=\"og:url\" content=\"https:\/\/peakguesthouses.com\/de\/resttage\/lokaler-tuerkischer-basar\/\" \/>\n<meta property=\"og:site_name\" content=\"Peakguesthouses\" \/>\n<meta property=\"article:publisher\" content=\"https:\/\/www.facebook.com\/antalyaclimbing.geyikbayiri\" \/>\n<meta property=\"article:modified_time\" content=\"2024-03-21T08:42:55+00:00\" \/>\n<meta property=\"og:image\" content=\"https:\/\/i0.wp.com\/peakguesthouses.com\/wp-content\/uploads\/2014\/07\/Peak_Guesthouses_087.jpg?fit=1100%2C750&ssl=1\" \/>\n\t<meta property=\"og:image:width\" content=\"1100\" \/>\n\t<meta property=\"og:image:height\" content=\"750\" \/>\n\t<meta property=\"og:image:type\" content=\"image\/jpeg\" \/>\n<script type=\"application\/ld+json\" class=\"yoast-schema-graph\">{\"@context\":\"https:\\\/\\\/schema.org\",\"@graph\":[{\"@type\":\"WebPage\",\"@id\":\"https:\\\/\\\/peakguesthouses.com\\\/de\\\/resttage\\\/lokaler-tuerkischer-basar\\\/\",\"url\":\"https:\\\/\\\/peakguesthouses.com\\\/de\\\/resttage\\\/lokaler-tuerkischer-basar\\\/\",\"name\":\"Cakirlars lebendiger Sonntagsmarkt: Frische Fr\u00fcchte, G\u00f6zleme und mehr\",\"isPartOf\":{\"@id\":\"https:\\\/\\\/www.peakguesthouses.com\\\/de\\\/#website\"},\"primaryImageOfPage\":{\"@id\":\"https:\\\/\\\/peakguesthouses.com\\\/de\\\/resttage\\\/lokaler-tuerkischer-basar\\\/#primaryimage\"},\"image\":{\"@id\":\"https:\\\/\\\/peakguesthouses.com\\\/de\\\/resttage\\\/lokaler-tuerkischer-basar\\\/#primaryimage\"},\"thumbnailUrl\":\"https:\\\/\\\/i0.wp.com\\\/peakguesthouses.com\\\/wp-content\\\/uploads\\\/2014\\\/07\\\/Peak_Guesthouses_087.jpg?fit=1100%2C750&ssl=1\",\"datePublished\":\"2014-07-31T07:23:28+00:00\",\"dateModified\":\"2024-03-21T08:42:55+00:00\",\"description\":\"Entdecken Sie den Charme des Sonntagsmarktes von Cakirlar, nur 7 km vom Dorf entfernt. Diese w\u00f6chentliche Tradition bietet frisches Obst, brutzelndes G\u00f6zleme, handwerklich hergestelltes Brot und eine Gelegenheit, mit Einheimischen ins Gespr\u00e4ch zu kommen. Entdecken Sie jeden Sonntag das Herz des anatolischen Lebens.\",\"breadcrumb\":{\"@id\":\"https:\\\/\\\/peakguesthouses.com\\\/de\\\/resttage\\\/lokaler-tuerkischer-basar\\\/#breadcrumb\"},\"inLanguage\":\"de\",\"potentialAction\":[{\"@type\":\"ReadAction\",\"target\":[\"https:\\\/\\\/peakguesthouses.com\\\/de\\\/resttage\\\/lokaler-tuerkischer-basar\\\/\"]}]},{\"@type\":\"ImageObject\",\"inLanguage\":\"de\",\"@id\":\"https:\\\/\\\/peakguesthouses.com\\\/de\\\/resttage\\\/lokaler-tuerkischer-basar\\\/#primaryimage\",\"url\":\"https:\\\/\\\/i0.wp.com\\\/peakguesthouses.com\\\/wp-content\\\/uploads\\\/2014\\\/07\\\/Peak_Guesthouses_087.jpg?fit=1100%2C750&ssl=1\",\"contentUrl\":\"https:\\\/\\\/i0.wp.com\\\/peakguesthouses.com\\\/wp-content\\\/uploads\\\/2014\\\/07\\\/Peak_Guesthouses_087.jpg?fit=1100%2C750&ssl=1\",\"width\":1100,\"height\":750},{\"@type\":\"BreadcrumbList\",\"@id\":\"https:\\\/\\\/peakguesthouses.com\\\/de\\\/resttage\\\/lokaler-tuerkischer-basar\\\/#breadcrumb\",\"itemListElement\":[{\"@type\":\"ListItem\",\"position\":1,\"name\":\"Home\",\"item\":\"https:\\\/\\\/peakguesthouses.com\\\/de\\\/\"},{\"@type\":\"ListItem\",\"position\":2,\"name\":\"Resttage\",\"item\":\"https:\\\/\\\/peakguesthouses.com\\\/de\\\/resttage\\\/\"},{\"@type\":\"ListItem\",\"position\":3,\"name\":\"Lokaler t\u00fcrkischer Basar\"}]},{\"@type\":\"WebSite\",\"@id\":\"https:\\\/\\\/www.peakguesthouses.com\\\/de\\\/#website\",\"url\":\"https:\\\/\\\/www.peakguesthouses.com\\\/de\\\/\",\"name\":\"Peakguesthouses\",\"description\":\"Geyikbayiri, Turkey, Rock Climbing and more...\",\"potentialAction\":[{\"@type\":\"SearchAction\",\"target\":{\"@type\":\"EntryPoint\",\"urlTemplate\":\"https:\\\/\\\/www.peakguesthouses.com\\\/de\\\/?s={search_term_string}\"},\"query-input\":{\"@type\":\"PropertyValueSpecification\",\"valueRequired\":true,\"valueName\":\"search_term_string\"}}],\"inLanguage\":\"de\"}]}<\/script>\n<!-- \/ Yoast SEO plugin. -->","yoast_head_json":{"title":"Cakirlars lebendiger Sonntagsmarkt: Frische Fr\u00fcchte, G\u00f6zleme und mehr","description":"Entdecken Sie den Charme des Sonntagsmarktes von Cakirlar, nur 7 km vom Dorf entfernt. Diese w\u00f6chentliche Tradition bietet frisches Obst, brutzelndes G\u00f6zleme, handwerklich hergestelltes Brot und eine Gelegenheit, mit Einheimischen ins Gespr\u00e4ch zu kommen. Entdecken Sie jeden Sonntag das Herz des anatolischen Lebens.","robots":{"index":"index","follow":"follow","max-snippet":"max-snippet:-1","max-image-preview":"max-image-preview:large","max-video-preview":"max-video-preview:-1"},"canonical":"https:\/\/peakguesthouses.com\/de\/resttage\/lokaler-tuerkischer-basar\/","og_locale":"de_DE","og_type":"article","og_title":"Cakirlars lebendiger Sonntagsmarkt: Frische Fr\u00fcchte, G\u00f6zleme und mehr","og_description":"Entdecken Sie den Charme des Sonntagsmarktes von Cakirlar, nur 7 km vom Dorf entfernt. Diese w\u00f6chentliche Tradition bietet frisches Obst, brutzelndes G\u00f6zleme, handwerklich hergestelltes Brot und eine Gelegenheit, mit Einheimischen ins Gespr\u00e4ch zu kommen. Entdecken Sie jeden Sonntag das Herz des anatolischen Lebens.","og_url":"https:\/\/peakguesthouses.com\/de\/resttage\/lokaler-tuerkischer-basar\/","og_site_name":"Peakguesthouses","article_publisher":"https:\/\/www.facebook.com\/antalyaclimbing.geyikbayiri","article_modified_time":"2024-03-21T08:42:55+00:00","og_image":[{"width":1100,"height":750,"url":"https:\/\/i0.wp.com\/peakguesthouses.com\/wp-content\/uploads\/2014\/07\/Peak_Guesthouses_087.jpg?fit=1100%2C750&ssl=1","type":"image\/jpeg"}],"schema":{"@context":"https:\/\/schema.org","@graph":[{"@type":"WebPage","@id":"https:\/\/peakguesthouses.com\/de\/resttage\/lokaler-tuerkischer-basar\/","url":"https:\/\/peakguesthouses.com\/de\/resttage\/lokaler-tuerkischer-basar\/","name":"Cakirlars lebendiger Sonntagsmarkt: Frische Fr\u00fcchte, G\u00f6zleme und mehr","isPartOf":{"@id":"https:\/\/www.peakguesthouses.com\/de\/#website"},"primaryImageOfPage":{"@id":"https:\/\/peakguesthouses.com\/de\/resttage\/lokaler-tuerkischer-basar\/#primaryimage"},"image":{"@id":"https:\/\/peakguesthouses.com\/de\/resttage\/lokaler-tuerkischer-basar\/#primaryimage"},"thumbnailUrl":"https:\/\/i0.wp.com\/peakguesthouses.com\/wp-content\/uploads\/2014\/07\/Peak_Guesthouses_087.jpg?fit=1100%2C750&ssl=1","datePublished":"2014-07-31T07:23:28+00:00","dateModified":"2024-03-21T08:42:55+00:00","description":"Entdecken Sie den Charme des Sonntagsmarktes von Cakirlar, nur 7 km vom Dorf entfernt. Diese w\u00f6chentliche Tradition bietet frisches Obst, brutzelndes G\u00f6zleme, handwerklich hergestelltes Brot und eine Gelegenheit, mit Einheimischen ins Gespr\u00e4ch zu kommen. Entdecken Sie jeden Sonntag das Herz des anatolischen Lebens.","breadcrumb":{"@id":"https:\/\/peakguesthouses.com\/de\/resttage\/lokaler-tuerkischer-basar\/#breadcrumb"},"inLanguage":"de","potentialAction":[{"@type":"ReadAction","target":["https:\/\/peakguesthouses.com\/de\/resttage\/lokaler-tuerkischer-basar\/"]}]},{"@type":"ImageObject","inLanguage":"de","@id":"https:\/\/peakguesthouses.com\/de\/resttage\/lokaler-tuerkischer-basar\/#primaryimage","url":"https:\/\/i0.wp.com\/peakguesthouses.com\/wp-content\/uploads\/2014\/07\/Peak_Guesthouses_087.jpg?fit=1100%2C750&ssl=1","contentUrl":"https:\/\/i0.wp.com\/peakguesthouses.com\/wp-content\/uploads\/2014\/07\/Peak_Guesthouses_087.jpg?fit=1100%2C750&ssl=1","width":1100,"height":750},{"@type":"BreadcrumbList","@id":"https:\/\/peakguesthouses.com\/de\/resttage\/lokaler-tuerkischer-basar\/#breadcrumb","itemListElement":[{"@type":"ListItem","position":1,"name":"Home","item":"https:\/\/peakguesthouses.com\/de\/"},{"@type":"ListItem","position":2,"name":"Resttage","item":"https:\/\/peakguesthouses.com\/de\/resttage\/"},{"@type":"ListItem","position":3,"name":"Lokaler t\u00fcrkischer Basar"}]},{"@type":"WebSite","@id":"https:\/\/www.peakguesthouses.com\/de\/#website","url":"https:\/\/www.peakguesthouses.com\/de\/","name":"Peakguesthouses","description":"Geyikbayiri, Turkey, Rock Climbing and more...","potentialAction":[{"@type":"SearchAction","target":{"@type":"EntryPoint","urlTemplate":"https:\/\/www.peakguesthouses.com\/de\/?s={search_term_string}"},"query-input":{"@type":"PropertyValueSpecification","valueRequired":true,"valueName":"search_term_string"}}],"inLanguage":"de"}]}},"jetpack_sharing_enabled":true,"_links":{"self":[{"href":"https:\/\/peakguesthouses.com\/de\/wp-json\/wp\/v2\/pages\/1563","targetHints":{"allow":["GET"]}}],"collection":[{"href":"https:\/\/peakguesthouses.com\/de\/wp-json\/wp\/v2\/pages"}],"about":[{"href":"https:\/\/peakguesthouses.com\/de\/wp-json\/wp\/v2\/types\/page"}],"author":[{"embeddable":true,"href":"https:\/\/peakguesthouses.com\/de\/wp-json\/wp\/v2\/users\/2"}],"replies":[{"embeddable":true,"href":"https:\/\/peakguesthouses.com\/de\/wp-json\/wp\/v2\/comments?post=1563"}],"version-history":[{"count":1,"href":"https:\/\/peakguesthouses.com\/de\/wp-json\/wp\/v2\/pages\/1563\/revisions"}],"predecessor-version":[{"id":1573,"href":"https:\/\/peakguesthouses.com\/de\/wp-json\/wp\/v2\/pages\/1563\/revisions\/1573"}],"up":[{"embeddable":true,"href":"https:\/\/peakguesthouses.com\/de\/wp-json\/wp\/v2\/pages\/1572"}],"wp:featuredmedia":[{"embeddable":true,"href":"https:\/\/peakguesthouses.com\/de\/wp-json\/wp\/v2\/media\/1297"}],"wp:attachment":[{"href":"https:\/\/peakguesthouses.com\/de\/wp-json\/wp\/v2\/media?parent=1563"}],"curies":[{"name":"wp","href":"https:\/\/api.w.org\/{rel}","templated":true}]}}