{"id":1561,"date":"2014-07-29T22:22:45","date_gmt":"2014-07-29T19:22:45","guid":{"rendered":"https:\/\/peakguesthouses.com\/bungalows\/antik-iv-2-3-personen\/"},"modified":"2014-07-29T22:22:45","modified_gmt":"2014-07-29T19:22:45","slug":"antik-iv-2-3-personen","status":"publish","type":"page","link":"https:\/\/peakguesthouses.com\/de\/bungalows\/antik-iv-2-3-personen\/","title":{"rendered":"Antik IV &#8211; 2-3 Personen"},"content":{"rendered":"<div class=\"symple-pricing-table \"> <div class=\"symple-pricing symple-one-half symple-column-first \"><div class=\"symple-pricing-header\"><h5>Antik IV<\/h5><div class=\"symple-pricing-cost\">50.\u2013 \u20ac<\/div><div class=\"symple-pricing-per\">per day<\/div><\/div><div class=\"symple-pricing-content\">\n<ul>\n<li>2-3 Personen<\/li>\n<li>3x Einzelbett<\/li>\n<li>alle Betten in einem Zimmer<\/li>\n<li>Toilette und Dusche<\/li>\n<li>Inklusive aller Bettwaren<\/li>\n<li>Strom<\/li>\n<\/ul>\n<\/div><\/div> <\/div><div class=\"symple-clear-floats\"><\/div>\n<p>&nbsp;<\/p>\n<div class=\"tiled-gallery type-rectangular tiled-gallery-unresized\" data-original-width=\"720\" data-carousel-extra='{&quot;blog_id&quot;:1,&quot;permalink&quot;:&quot;https:\\\/\\\/peakguesthouses.com\\\/de\\\/bungalows\\\/antik-iv-2-3-personen\\\/&quot;,&quot;likes_blog_id&quot;:117353292}' itemscope itemtype=\"http:\/\/schema.org\/ImageGallery\" > <div class=\"gallery-row\" style=\"width: 720px; height: 143px;\" data-original-width=\"720\" data-original-height=\"143\" > <div class=\"gallery-group images-1\" style=\"width: 207px; height: 143px;\" data-original-width=\"207\" data-original-height=\"143\" > <div class=\"tiled-gallery-item tiled-gallery-item-small\" itemprop=\"associatedMedia\" itemscope itemtype=\"http:\/\/schema.org\/ImageObject\"> <a href=\"https:\/\/peakguesthouses.com\/de\/antik_iv_04-2\/\" border=\"0\" itemprop=\"url\"> <meta itemprop=\"width\" content=\"203\"> <meta itemprop=\"height\" content=\"139\"> <img class=\"\" data-attachment-id=\"1425\" data-orig-file=\"https:\/\/peakguesthouses.com\/wp-content\/uploads\/2014\/07\/Antik_IV_04.jpg\" data-orig-size=\"1100,750\" data-comments-opened=\"\" data-image-meta=\"{&quot;aperture&quot;:&quot;4.5&quot;,&quot;credit&quot;:&quot;&quot;,&quot;camera&quot;:&quot;Canon DIGITAL IXUS 80 IS&quot;,&quot;caption&quot;:&quot;&quot;,&quot;created_timestamp&quot;:&quot;1347605062&quot;,&quot;copyright&quot;:&quot;&quot;,&quot;focal_length&quot;:&quot;14.303&quot;,&quot;iso&quot;:&quot;160&quot;,&quot;shutter_speed&quot;:&quot;0.008&quot;,&quot;title&quot;:&quot;&quot;}\" data-image-title=\"Antik_IV_04\" data-image-description=\"\" data-medium-file=\"https:\/\/i0.wp.com\/peakguesthouses.com\/wp-content\/uploads\/2014\/07\/Antik_IV_04.jpg?fit=300%2C204&#038;ssl=1\" data-large-file=\"https:\/\/i0.wp.com\/peakguesthouses.com\/wp-content\/uploads\/2014\/07\/Antik_IV_04.jpg?fit=720%2C491&#038;ssl=1\" src=\"https:\/\/i0.wp.com\/peakguesthouses.com\/wp-content\/uploads\/2014\/07\/Antik_IV_04.jpg?w=203&#038;h=139&#038;ssl=1\" srcset=\"https:\/\/i0.wp.com\/peakguesthouses.com\/wp-content\/uploads\/2014\/07\/Antik_IV_04.jpg?w=1100&amp;ssl=1 1100w, https:\/\/i0.wp.com\/peakguesthouses.com\/wp-content\/uploads\/2014\/07\/Antik_IV_04.jpg?resize=300%2C204&amp;ssl=1 300w, https:\/\/i0.wp.com\/peakguesthouses.com\/wp-content\/uploads\/2014\/07\/Antik_IV_04.jpg?resize=1024%2C698&amp;ssl=1 1024w\" width=\"203\" height=\"139\" loading=\"lazy\" data-original-width=\"203\" data-original-height=\"139\" itemprop=\"http:\/\/schema.org\/image\" title=\"Antik_IV_04\" alt=\"Antik_IV_04\" style=\"width: 203px; height: 139px;\" \/> <\/a> <\/div> <\/div> <!-- close group --> <div class=\"gallery-group images-1\" style=\"width: 99px; height: 143px;\" data-original-width=\"99\" data-original-height=\"143\" > <div class=\"tiled-gallery-item tiled-gallery-item-small\" itemprop=\"associatedMedia\" itemscope itemtype=\"http:\/\/schema.org\/ImageObject\"> <a href=\"https:\/\/peakguesthouses.com\/de\/antik_iv_03-2\/\" border=\"0\" itemprop=\"url\"> <meta itemprop=\"width\" content=\"95\"> <meta itemprop=\"height\" content=\"139\"> <img class=\"\" data-attachment-id=\"1424\" data-orig-file=\"https:\/\/peakguesthouses.com\/wp-content\/uploads\/2014\/07\/Antik_IV_03.jpg\" data-orig-size=\"750,1100\" data-comments-opened=\"\" data-image-meta=\"{&quot;aperture&quot;:&quot;11&quot;,&quot;credit&quot;:&quot;&quot;,&quot;camera&quot;:&quot;Canon EOS 700D&quot;,&quot;caption&quot;:&quot;&quot;,&quot;created_timestamp&quot;:&quot;1388479209&quot;,&quot;copyright&quot;:&quot;&quot;,&quot;focal_length&quot;:&quot;26&quot;,&quot;iso&quot;:&quot;100&quot;,&quot;shutter_speed&quot;:&quot;0.0125&quot;,&quot;title&quot;:&quot;&quot;}\" data-image-title=\"Antik_IV_03\" data-image-description=\"\" data-medium-file=\"https:\/\/i0.wp.com\/peakguesthouses.com\/wp-content\/uploads\/2014\/07\/Antik_IV_03.jpg?fit=204%2C300&#038;ssl=1\" data-large-file=\"https:\/\/i0.wp.com\/peakguesthouses.com\/wp-content\/uploads\/2014\/07\/Antik_IV_03.jpg?fit=698%2C1024&#038;ssl=1\" src=\"https:\/\/i0.wp.com\/peakguesthouses.com\/wp-content\/uploads\/2014\/07\/Antik_IV_03.jpg?w=95&#038;h=139&#038;ssl=1\" srcset=\"https:\/\/i0.wp.com\/peakguesthouses.com\/wp-content\/uploads\/2014\/07\/Antik_IV_03.jpg?w=750&amp;ssl=1 750w, https:\/\/i0.wp.com\/peakguesthouses.com\/wp-content\/uploads\/2014\/07\/Antik_IV_03.jpg?resize=204%2C300&amp;ssl=1 204w, https:\/\/i0.wp.com\/peakguesthouses.com\/wp-content\/uploads\/2014\/07\/Antik_IV_03.jpg?resize=698%2C1024&amp;ssl=1 698w\" width=\"95\" height=\"139\" loading=\"lazy\" data-original-width=\"95\" data-original-height=\"139\" itemprop=\"http:\/\/schema.org\/image\" title=\"Antik_IV_03\" alt=\"Antik_IV_03\" style=\"width: 95px; height: 139px;\" \/> <\/a> <\/div> <\/div> <!-- close group --> <div class=\"gallery-group images-1\" style=\"width: 207px; height: 143px;\" data-original-width=\"207\" data-original-height=\"143\" > <div class=\"tiled-gallery-item tiled-gallery-item-small\" itemprop=\"associatedMedia\" itemscope itemtype=\"http:\/\/schema.org\/ImageObject\"> <a href=\"https:\/\/peakguesthouses.com\/de\/antik_iv_02-2\/\" border=\"0\" itemprop=\"url\"> <meta itemprop=\"width\" content=\"203\"> <meta itemprop=\"height\" content=\"139\"> <img class=\"\" data-attachment-id=\"1423\" data-orig-file=\"https:\/\/peakguesthouses.com\/wp-content\/uploads\/2014\/07\/Antik_IV_02.jpg\" data-orig-size=\"1100,750\" data-comments-opened=\"\" data-image-meta=\"{&quot;aperture&quot;:&quot;5&quot;,&quot;credit&quot;:&quot;&quot;,&quot;camera&quot;:&quot;Canon EOS 700D&quot;,&quot;caption&quot;:&quot;&quot;,&quot;created_timestamp&quot;:&quot;1388218228&quot;,&quot;copyright&quot;:&quot;&quot;,&quot;focal_length&quot;:&quot;29&quot;,&quot;iso&quot;:&quot;400&quot;,&quot;shutter_speed&quot;:&quot;0.025&quot;,&quot;title&quot;:&quot;&quot;}\" data-image-title=\"Antik_IV_02\" data-image-description=\"\" data-medium-file=\"https:\/\/i0.wp.com\/peakguesthouses.com\/wp-content\/uploads\/2014\/07\/Antik_IV_02.jpg?fit=300%2C204&#038;ssl=1\" data-large-file=\"https:\/\/i0.wp.com\/peakguesthouses.com\/wp-content\/uploads\/2014\/07\/Antik_IV_02.jpg?fit=720%2C491&#038;ssl=1\" src=\"https:\/\/i0.wp.com\/peakguesthouses.com\/wp-content\/uploads\/2014\/07\/Antik_IV_02.jpg?w=203&#038;h=139&#038;ssl=1\" srcset=\"https:\/\/i0.wp.com\/peakguesthouses.com\/wp-content\/uploads\/2014\/07\/Antik_IV_02.jpg?w=1100&amp;ssl=1 1100w, https:\/\/i0.wp.com\/peakguesthouses.com\/wp-content\/uploads\/2014\/07\/Antik_IV_02.jpg?resize=300%2C204&amp;ssl=1 300w, https:\/\/i0.wp.com\/peakguesthouses.com\/wp-content\/uploads\/2014\/07\/Antik_IV_02.jpg?resize=1024%2C698&amp;ssl=1 1024w\" width=\"203\" height=\"139\" loading=\"lazy\" data-original-width=\"203\" data-original-height=\"139\" itemprop=\"http:\/\/schema.org\/image\" title=\"Antik_IV_02\" alt=\"Antik_IV_02\" style=\"width: 203px; height: 139px;\" \/> <\/a> <\/div> <\/div> <!-- close group --> <div class=\"gallery-group images-1\" style=\"width: 207px; height: 143px;\" data-original-width=\"207\" data-original-height=\"143\" > <div class=\"tiled-gallery-item tiled-gallery-item-small\" itemprop=\"associatedMedia\" itemscope itemtype=\"http:\/\/schema.org\/ImageObject\"> <a href=\"https:\/\/peakguesthouses.com\/de\/antik_iv_01-2\/\" border=\"0\" itemprop=\"url\"> <meta itemprop=\"width\" content=\"203\"> <meta itemprop=\"height\" content=\"139\"> <img class=\"\" data-attachment-id=\"1422\" data-orig-file=\"https:\/\/peakguesthouses.com\/wp-content\/uploads\/2014\/07\/Antik_IV_01.jpg\" data-orig-size=\"1100,750\" data-comments-opened=\"\" data-image-meta=\"{&quot;aperture&quot;:&quot;11&quot;,&quot;credit&quot;:&quot;&quot;,&quot;camera&quot;:&quot;NIKON D5100&quot;,&quot;caption&quot;:&quot;&quot;,&quot;created_timestamp&quot;:&quot;1332572953&quot;,&quot;copyright&quot;:&quot;&quot;,&quot;focal_length&quot;:&quot;24&quot;,&quot;iso&quot;:&quot;140&quot;,&quot;shutter_speed&quot;:&quot;0.008&quot;,&quot;title&quot;:&quot;&quot;}\" data-image-title=\"Antik_IV_01\" data-image-description=\"\" data-medium-file=\"https:\/\/i0.wp.com\/peakguesthouses.com\/wp-content\/uploads\/2014\/07\/Antik_IV_01.jpg?fit=300%2C204&#038;ssl=1\" data-large-file=\"https:\/\/i0.wp.com\/peakguesthouses.com\/wp-content\/uploads\/2014\/07\/Antik_IV_01.jpg?fit=720%2C491&#038;ssl=1\" src=\"https:\/\/i0.wp.com\/peakguesthouses.com\/wp-content\/uploads\/2014\/07\/Antik_IV_01.jpg?w=203&#038;h=139&#038;ssl=1\" srcset=\"https:\/\/i0.wp.com\/peakguesthouses.com\/wp-content\/uploads\/2014\/07\/Antik_IV_01.jpg?w=1100&amp;ssl=1 1100w, https:\/\/i0.wp.com\/peakguesthouses.com\/wp-content\/uploads\/2014\/07\/Antik_IV_01.jpg?resize=300%2C204&amp;ssl=1 300w, https:\/\/i0.wp.com\/peakguesthouses.com\/wp-content\/uploads\/2014\/07\/Antik_IV_01.jpg?resize=1024%2C698&amp;ssl=1 1024w\" width=\"203\" height=\"139\" loading=\"lazy\" data-original-width=\"203\" data-original-height=\"139\" itemprop=\"http:\/\/schema.org\/image\" title=\"Antik_IV_01\" alt=\"Antik_IV_01\" style=\"width: 203px; height: 139px;\" \/> <\/a> <\/div> <\/div> <!-- close group --> <\/div> <!-- close row --> <\/div>\n<p>&nbsp;<\/p>\n","protected":false},"excerpt":{"rendered":"<p>&nbsp; &nbsp;<\/p>\n","protected":false},"author":2,"featured_media":1423,"parent":1552,"menu_order":0,"comment_status":"closed","ping_status":"closed","template":"","meta":{"footnotes":""},"class_list":["post-1561","page","type-page","status-publish","has-post-thumbnail","hentry"],"yoast_head":"<!-- This site is optimized with the Yoast SEO plugin v27.4 - https:\/\/yoast.com\/product\/yoast-seo-wordpress\/ -->\n<title>Bungalow Wohnen in Geyikbayiri, Antalya<\/title>\n<meta name=\"description\" content=\"Treten Sie ein in den rustikalen Charme Ihres privaten Bungalows, wo das Wesentliche an Komfort auf die Einfachheit der Natur trifft. Gem\u00fctliche Betten und saubere Bettw\u00e4sche laden zum Entspannen ein, w\u00e4hrend moderne Annehmlichkeiten f\u00fcr einen angenehmen Aufenthalt sorgen. Sie haben Ihren eigenen abgelegenen Platz auf der Veranda, um sich zu entspannen, die Ruhe zu genie\u00dfen und die Einsamkeit der t\u00fcrkischen Landschaft zu erleben.\" \/>\n<meta name=\"robots\" content=\"index, follow, max-snippet:-1, max-image-preview:large, max-video-preview:-1\" \/>\n<link rel=\"canonical\" href=\"https:\/\/peakguesthouses.com\/de\/bungalows\/antik-iv-2-3-personen\/\" \/>\n<meta property=\"og:locale\" content=\"de_DE\" \/>\n<meta property=\"og:type\" content=\"article\" \/>\n<meta property=\"og:title\" content=\"Bungalow Wohnen in Geyikbayiri, Antalya\" \/>\n<meta property=\"og:description\" content=\"Treten Sie ein in den rustikalen Charme Ihres privaten Bungalows, wo das Wesentliche an Komfort auf die Einfachheit der Natur trifft. Gem\u00fctliche Betten und saubere Bettw\u00e4sche laden zum Entspannen ein, w\u00e4hrend moderne Annehmlichkeiten f\u00fcr einen angenehmen Aufenthalt sorgen. Sie haben Ihren eigenen abgelegenen Platz auf der Veranda, um sich zu entspannen, die Ruhe zu genie\u00dfen und die Einsamkeit der t\u00fcrkischen Landschaft zu erleben.\" \/>\n<meta property=\"og:url\" content=\"https:\/\/peakguesthouses.com\/de\/bungalows\/antik-iv-2-3-personen\/\" \/>\n<meta property=\"og:site_name\" content=\"Peakguesthouses\" \/>\n<meta property=\"article:publisher\" content=\"https:\/\/www.facebook.com\/antalyaclimbing.geyikbayiri\" \/>\n<meta property=\"og:image\" content=\"https:\/\/i0.wp.com\/peakguesthouses.com\/wp-content\/uploads\/2014\/07\/Antik_IV_02.jpg?fit=1100%2C750&ssl=1\" \/>\n\t<meta property=\"og:image:width\" content=\"1100\" \/>\n\t<meta property=\"og:image:height\" content=\"750\" \/>\n\t<meta property=\"og:image:type\" content=\"image\/jpeg\" \/>\n<script type=\"application\/ld+json\" class=\"yoast-schema-graph\">{\"@context\":\"https:\\\/\\\/schema.org\",\"@graph\":[{\"@type\":\"WebPage\",\"@id\":\"https:\\\/\\\/peakguesthouses.com\\\/de\\\/bungalows\\\/antik-iv-2-3-personen\\\/\",\"url\":\"https:\\\/\\\/peakguesthouses.com\\\/de\\\/bungalows\\\/antik-iv-2-3-personen\\\/\",\"name\":\"Bungalow Wohnen in Geyikbayiri, Antalya\",\"isPartOf\":{\"@id\":\"https:\\\/\\\/www.peakguesthouses.com\\\/de\\\/#website\"},\"primaryImageOfPage\":{\"@id\":\"https:\\\/\\\/peakguesthouses.com\\\/de\\\/bungalows\\\/antik-iv-2-3-personen\\\/#primaryimage\"},\"image\":{\"@id\":\"https:\\\/\\\/peakguesthouses.com\\\/de\\\/bungalows\\\/antik-iv-2-3-personen\\\/#primaryimage\"},\"thumbnailUrl\":\"https:\\\/\\\/i0.wp.com\\\/peakguesthouses.com\\\/wp-content\\\/uploads\\\/2014\\\/07\\\/Antik_IV_02.jpg?fit=1100%2C750&ssl=1\",\"datePublished\":\"2014-07-29T19:22:45+00:00\",\"description\":\"Treten Sie ein in den rustikalen Charme Ihres privaten Bungalows, wo das Wesentliche an Komfort auf die Einfachheit der Natur trifft. Gem\u00fctliche Betten und saubere Bettw\u00e4sche laden zum Entspannen ein, w\u00e4hrend moderne Annehmlichkeiten f\u00fcr einen angenehmen Aufenthalt sorgen. Sie haben Ihren eigenen abgelegenen Platz auf der Veranda, um sich zu entspannen, die Ruhe zu genie\u00dfen und die Einsamkeit der t\u00fcrkischen Landschaft zu erleben.\",\"breadcrumb\":{\"@id\":\"https:\\\/\\\/peakguesthouses.com\\\/de\\\/bungalows\\\/antik-iv-2-3-personen\\\/#breadcrumb\"},\"inLanguage\":\"de\",\"potentialAction\":[{\"@type\":\"ReadAction\",\"target\":[\"https:\\\/\\\/peakguesthouses.com\\\/de\\\/bungalows\\\/antik-iv-2-3-personen\\\/\"]}]},{\"@type\":\"ImageObject\",\"inLanguage\":\"de\",\"@id\":\"https:\\\/\\\/peakguesthouses.com\\\/de\\\/bungalows\\\/antik-iv-2-3-personen\\\/#primaryimage\",\"url\":\"https:\\\/\\\/i0.wp.com\\\/peakguesthouses.com\\\/wp-content\\\/uploads\\\/2014\\\/07\\\/Antik_IV_02.jpg?fit=1100%2C750&ssl=1\",\"contentUrl\":\"https:\\\/\\\/i0.wp.com\\\/peakguesthouses.com\\\/wp-content\\\/uploads\\\/2014\\\/07\\\/Antik_IV_02.jpg?fit=1100%2C750&ssl=1\",\"width\":1100,\"height\":750},{\"@type\":\"BreadcrumbList\",\"@id\":\"https:\\\/\\\/peakguesthouses.com\\\/de\\\/bungalows\\\/antik-iv-2-3-personen\\\/#breadcrumb\",\"itemListElement\":[{\"@type\":\"ListItem\",\"position\":1,\"name\":\"Home\",\"item\":\"https:\\\/\\\/peakguesthouses.com\\\/de\\\/\"},{\"@type\":\"ListItem\",\"position\":2,\"name\":\"Bungalows\",\"item\":\"https:\\\/\\\/peakguesthouses.com\\\/de\\\/bungalows\\\/\"},{\"@type\":\"ListItem\",\"position\":3,\"name\":\"Antik IV &#8211; 2-3 Personen\"}]},{\"@type\":\"WebSite\",\"@id\":\"https:\\\/\\\/www.peakguesthouses.com\\\/de\\\/#website\",\"url\":\"https:\\\/\\\/www.peakguesthouses.com\\\/de\\\/\",\"name\":\"Peakguesthouses\",\"description\":\"Geyikbayiri, Turkey, Rock Climbing and more...\",\"potentialAction\":[{\"@type\":\"SearchAction\",\"target\":{\"@type\":\"EntryPoint\",\"urlTemplate\":\"https:\\\/\\\/www.peakguesthouses.com\\\/de\\\/?s={search_term_string}\"},\"query-input\":{\"@type\":\"PropertyValueSpecification\",\"valueRequired\":true,\"valueName\":\"search_term_string\"}}],\"inLanguage\":\"de\"}]}<\/script>\n<!-- \/ Yoast SEO plugin. -->","yoast_head_json":{"title":"Bungalow Wohnen in Geyikbayiri, Antalya","description":"Treten Sie ein in den rustikalen Charme Ihres privaten Bungalows, wo das Wesentliche an Komfort auf die Einfachheit der Natur trifft. Gem\u00fctliche Betten und saubere Bettw\u00e4sche laden zum Entspannen ein, w\u00e4hrend moderne Annehmlichkeiten f\u00fcr einen angenehmen Aufenthalt sorgen. Sie haben Ihren eigenen abgelegenen Platz auf der Veranda, um sich zu entspannen, die Ruhe zu genie\u00dfen und die Einsamkeit der t\u00fcrkischen Landschaft zu erleben.","robots":{"index":"index","follow":"follow","max-snippet":"max-snippet:-1","max-image-preview":"max-image-preview:large","max-video-preview":"max-video-preview:-1"},"canonical":"https:\/\/peakguesthouses.com\/de\/bungalows\/antik-iv-2-3-personen\/","og_locale":"de_DE","og_type":"article","og_title":"Bungalow Wohnen in Geyikbayiri, Antalya","og_description":"Treten Sie ein in den rustikalen Charme Ihres privaten Bungalows, wo das Wesentliche an Komfort auf die Einfachheit der Natur trifft. Gem\u00fctliche Betten und saubere Bettw\u00e4sche laden zum Entspannen ein, w\u00e4hrend moderne Annehmlichkeiten f\u00fcr einen angenehmen Aufenthalt sorgen. Sie haben Ihren eigenen abgelegenen Platz auf der Veranda, um sich zu entspannen, die Ruhe zu genie\u00dfen und die Einsamkeit der t\u00fcrkischen Landschaft zu erleben.","og_url":"https:\/\/peakguesthouses.com\/de\/bungalows\/antik-iv-2-3-personen\/","og_site_name":"Peakguesthouses","article_publisher":"https:\/\/www.facebook.com\/antalyaclimbing.geyikbayiri","og_image":[{"width":1100,"height":750,"url":"https:\/\/i0.wp.com\/peakguesthouses.com\/wp-content\/uploads\/2014\/07\/Antik_IV_02.jpg?fit=1100%2C750&ssl=1","type":"image\/jpeg"}],"schema":{"@context":"https:\/\/schema.org","@graph":[{"@type":"WebPage","@id":"https:\/\/peakguesthouses.com\/de\/bungalows\/antik-iv-2-3-personen\/","url":"https:\/\/peakguesthouses.com\/de\/bungalows\/antik-iv-2-3-personen\/","name":"Bungalow Wohnen in Geyikbayiri, Antalya","isPartOf":{"@id":"https:\/\/www.peakguesthouses.com\/de\/#website"},"primaryImageOfPage":{"@id":"https:\/\/peakguesthouses.com\/de\/bungalows\/antik-iv-2-3-personen\/#primaryimage"},"image":{"@id":"https:\/\/peakguesthouses.com\/de\/bungalows\/antik-iv-2-3-personen\/#primaryimage"},"thumbnailUrl":"https:\/\/i0.wp.com\/peakguesthouses.com\/wp-content\/uploads\/2014\/07\/Antik_IV_02.jpg?fit=1100%2C750&ssl=1","datePublished":"2014-07-29T19:22:45+00:00","description":"Treten Sie ein in den rustikalen Charme Ihres privaten Bungalows, wo das Wesentliche an Komfort auf die Einfachheit der Natur trifft. Gem\u00fctliche Betten und saubere Bettw\u00e4sche laden zum Entspannen ein, w\u00e4hrend moderne Annehmlichkeiten f\u00fcr einen angenehmen Aufenthalt sorgen. Sie haben Ihren eigenen abgelegenen Platz auf der Veranda, um sich zu entspannen, die Ruhe zu genie\u00dfen und die Einsamkeit der t\u00fcrkischen Landschaft zu erleben.","breadcrumb":{"@id":"https:\/\/peakguesthouses.com\/de\/bungalows\/antik-iv-2-3-personen\/#breadcrumb"},"inLanguage":"de","potentialAction":[{"@type":"ReadAction","target":["https:\/\/peakguesthouses.com\/de\/bungalows\/antik-iv-2-3-personen\/"]}]},{"@type":"ImageObject","inLanguage":"de","@id":"https:\/\/peakguesthouses.com\/de\/bungalows\/antik-iv-2-3-personen\/#primaryimage","url":"https:\/\/i0.wp.com\/peakguesthouses.com\/wp-content\/uploads\/2014\/07\/Antik_IV_02.jpg?fit=1100%2C750&ssl=1","contentUrl":"https:\/\/i0.wp.com\/peakguesthouses.com\/wp-content\/uploads\/2014\/07\/Antik_IV_02.jpg?fit=1100%2C750&ssl=1","width":1100,"height":750},{"@type":"BreadcrumbList","@id":"https:\/\/peakguesthouses.com\/de\/bungalows\/antik-iv-2-3-personen\/#breadcrumb","itemListElement":[{"@type":"ListItem","position":1,"name":"Home","item":"https:\/\/peakguesthouses.com\/de\/"},{"@type":"ListItem","position":2,"name":"Bungalows","item":"https:\/\/peakguesthouses.com\/de\/bungalows\/"},{"@type":"ListItem","position":3,"name":"Antik IV &#8211; 2-3 Personen"}]},{"@type":"WebSite","@id":"https:\/\/www.peakguesthouses.com\/de\/#website","url":"https:\/\/www.peakguesthouses.com\/de\/","name":"Peakguesthouses","description":"Geyikbayiri, Turkey, Rock Climbing and more...","potentialAction":[{"@type":"SearchAction","target":{"@type":"EntryPoint","urlTemplate":"https:\/\/www.peakguesthouses.com\/de\/?s={search_term_string}"},"query-input":{"@type":"PropertyValueSpecification","valueRequired":true,"valueName":"search_term_string"}}],"inLanguage":"de"}]}},"jetpack_sharing_enabled":true,"_links":{"self":[{"href":"https:\/\/peakguesthouses.com\/de\/wp-json\/wp\/v2\/pages\/1561","targetHints":{"allow":["GET"]}}],"collection":[{"href":"https:\/\/peakguesthouses.com\/de\/wp-json\/wp\/v2\/pages"}],"about":[{"href":"https:\/\/peakguesthouses.com\/de\/wp-json\/wp\/v2\/types\/page"}],"author":[{"embeddable":true,"href":"https:\/\/peakguesthouses.com\/de\/wp-json\/wp\/v2\/users\/2"}],"replies":[{"embeddable":true,"href":"https:\/\/peakguesthouses.com\/de\/wp-json\/wp\/v2\/comments?post=1561"}],"version-history":[{"count":0,"href":"https:\/\/peakguesthouses.com\/de\/wp-json\/wp\/v2\/pages\/1561\/revisions"}],"up":[{"embeddable":true,"href":"https:\/\/peakguesthouses.com\/de\/wp-json\/wp\/v2\/pages\/1552"}],"wp:featuredmedia":[{"embeddable":true,"href":"https:\/\/peakguesthouses.com\/de\/wp-json\/wp\/v2\/media\/1423"}],"wp:attachment":[{"href":"https:\/\/peakguesthouses.com\/de\/wp-json\/wp\/v2\/media?parent=1561"}],"curies":[{"name":"wp","href":"https:\/\/api.w.org\/{rel}","templated":true}]}}