{"id":1546,"date":"2014-07-28T23:31:41","date_gmt":"2014-07-28T20:31:41","guid":{"rendered":"https:\/\/peakguesthouses.com\/zeltplaetze\/"},"modified":"2025-11-04T15:54:57","modified_gmt":"2025-11-04T12:54:57","slug":"zeltplaetze","status":"publish","type":"page","link":"https:\/\/peakguesthouses.com\/de\/zeltplaetze\/","title":{"rendered":"Zeltpl\u00e4tze"},"content":{"rendered":"<p>Es gibt ein paar sch\u00f6ne Zeltpl\u00e4tze. Fragen Sie uns nach weiteren Informationen und Verf\u00fcgbarkeit.<\/p>\n<div class=\"symple-pricing-table \"> <div class=\"symple-pricing symple-one-half symple-column-first \"><div class=\"symple-pricing-header\"><h5>Tent Space<\/h5><div class=\"symple-pricing-cost\">10.\u2013 \u20ac<\/div><div class=\"symple-pricing-per\">per day\/per person<\/div><\/div><div class=\"symple-pricing-content\">\n<ul>\n<li>\n<p class=\"p1\">Sanit\u00e4ranlagen in der N\u00e4he der Orte<\/p>\n<\/li>\n<\/ul>\n<\/div><\/div> <\/div><div class=\"symple-clear-floats\"><\/div>\n<p>&nbsp;<\/p>\n<div class=\"tiled-gallery type-rectangular tiled-gallery-unresized\" data-original-width=\"720\" data-carousel-extra='{&quot;blog_id&quot;:1,&quot;permalink&quot;:&quot;https:\\\/\\\/peakguesthouses.com\\\/de\\\/zeltplaetze\\\/&quot;,&quot;likes_blog_id&quot;:117353292}' itemscope itemtype=\"http:\/\/schema.org\/ImageGallery\" > <div class=\"gallery-row\" style=\"width: 720px; height: 143px;\" data-original-width=\"720\" data-original-height=\"143\" > <div class=\"gallery-group images-1\" style=\"width: 207px; height: 143px;\" data-original-width=\"207\" data-original-height=\"143\" > <div class=\"tiled-gallery-item tiled-gallery-item-small\" itemprop=\"associatedMedia\" itemscope itemtype=\"http:\/\/schema.org\/ImageObject\"> <a href=\"https:\/\/peakguesthouses.com\/de\/tents_04-2\/\" border=\"0\" itemprop=\"url\"> <meta itemprop=\"width\" content=\"203\"> <meta itemprop=\"height\" content=\"139\"> <img class=\"\" data-attachment-id=\"1491\" data-orig-file=\"https:\/\/peakguesthouses.com\/wp-content\/uploads\/2014\/07\/Tents_04.jpg\" data-orig-size=\"1100,750\" data-comments-opened=\"\" data-image-meta=\"{&quot;aperture&quot;:&quot;16&quot;,&quot;credit&quot;:&quot;DAVID SOBOCAN&quot;,&quot;camera&quot;:&quot;Canon EOS 60D&quot;,&quot;caption&quot;:&quot;&quot;,&quot;created_timestamp&quot;:&quot;1386068097&quot;,&quot;copyright&quot;:&quot;2013&quot;,&quot;focal_length&quot;:&quot;25&quot;,&quot;iso&quot;:&quot;100&quot;,&quot;shutter_speed&quot;:&quot;0.01&quot;,&quot;title&quot;:&quot;&quot;}\" data-image-title=\"Tents_04\" data-image-description=\"\" data-medium-file=\"https:\/\/i0.wp.com\/peakguesthouses.com\/wp-content\/uploads\/2014\/07\/Tents_04.jpg?fit=300%2C204&#038;ssl=1\" data-large-file=\"https:\/\/i0.wp.com\/peakguesthouses.com\/wp-content\/uploads\/2014\/07\/Tents_04.jpg?fit=720%2C491&#038;ssl=1\" src=\"https:\/\/i0.wp.com\/peakguesthouses.com\/wp-content\/uploads\/2014\/07\/Tents_04.jpg?w=203&#038;h=139&#038;ssl=1\" srcset=\"https:\/\/i0.wp.com\/peakguesthouses.com\/wp-content\/uploads\/2014\/07\/Tents_04.jpg?w=1100&amp;ssl=1 1100w, https:\/\/i0.wp.com\/peakguesthouses.com\/wp-content\/uploads\/2014\/07\/Tents_04.jpg?resize=300%2C204&amp;ssl=1 300w, https:\/\/i0.wp.com\/peakguesthouses.com\/wp-content\/uploads\/2014\/07\/Tents_04.jpg?resize=1024%2C698&amp;ssl=1 1024w\" width=\"203\" height=\"139\" loading=\"lazy\" data-original-width=\"203\" data-original-height=\"139\" itemprop=\"http:\/\/schema.org\/image\" title=\"Tents_04\" alt=\"Tents_04\" style=\"width: 203px; height: 139px;\" \/> <\/a> <\/div> <\/div> <!-- close group --> <div class=\"gallery-group images-1\" style=\"width: 207px; height: 143px;\" data-original-width=\"207\" data-original-height=\"143\" > <div class=\"tiled-gallery-item tiled-gallery-item-small\" itemprop=\"associatedMedia\" itemscope itemtype=\"http:\/\/schema.org\/ImageObject\"> <a href=\"https:\/\/peakguesthouses.com\/de\/tents_03-2\/\" border=\"0\" itemprop=\"url\"> <meta itemprop=\"width\" content=\"203\"> <meta itemprop=\"height\" content=\"139\"> <img class=\"\" data-attachment-id=\"1490\" data-orig-file=\"https:\/\/peakguesthouses.com\/wp-content\/uploads\/2014\/07\/Tents_03.jpg\" data-orig-size=\"1100,750\" data-comments-opened=\"\" data-image-meta=\"{&quot;aperture&quot;:&quot;2.8&quot;,&quot;credit&quot;:&quot;&quot;,&quot;camera&quot;:&quot;Canon DIGITAL IXUS 80 IS&quot;,&quot;caption&quot;:&quot;&quot;,&quot;created_timestamp&quot;:&quot;1397744776&quot;,&quot;copyright&quot;:&quot;&quot;,&quot;focal_length&quot;:&quot;6.2&quot;,&quot;iso&quot;:&quot;80&quot;,&quot;shutter_speed&quot;:&quot;0.004&quot;,&quot;title&quot;:&quot;&quot;}\" data-image-title=\"Tents_03\" data-image-description=\"\" data-medium-file=\"https:\/\/i0.wp.com\/peakguesthouses.com\/wp-content\/uploads\/2014\/07\/Tents_03.jpg?fit=300%2C204&#038;ssl=1\" data-large-file=\"https:\/\/i0.wp.com\/peakguesthouses.com\/wp-content\/uploads\/2014\/07\/Tents_03.jpg?fit=720%2C491&#038;ssl=1\" src=\"https:\/\/i0.wp.com\/peakguesthouses.com\/wp-content\/uploads\/2014\/07\/Tents_03.jpg?w=203&#038;h=139&#038;ssl=1\" srcset=\"https:\/\/i0.wp.com\/peakguesthouses.com\/wp-content\/uploads\/2014\/07\/Tents_03.jpg?w=1100&amp;ssl=1 1100w, https:\/\/i0.wp.com\/peakguesthouses.com\/wp-content\/uploads\/2014\/07\/Tents_03.jpg?resize=300%2C204&amp;ssl=1 300w, https:\/\/i0.wp.com\/peakguesthouses.com\/wp-content\/uploads\/2014\/07\/Tents_03.jpg?resize=1024%2C698&amp;ssl=1 1024w\" width=\"203\" height=\"139\" loading=\"lazy\" data-original-width=\"203\" data-original-height=\"139\" itemprop=\"http:\/\/schema.org\/image\" title=\"Tents_03\" alt=\"Tents_03\" style=\"width: 203px; height: 139px;\" \/> <\/a> <\/div> <\/div> <!-- close group --> <div class=\"gallery-group images-1\" style=\"width: 99px; height: 143px;\" data-original-width=\"99\" data-original-height=\"143\" > <div class=\"tiled-gallery-item tiled-gallery-item-small\" itemprop=\"associatedMedia\" itemscope itemtype=\"http:\/\/schema.org\/ImageObject\"> <a href=\"https:\/\/peakguesthouses.com\/de\/tents_02-2\/\" border=\"0\" itemprop=\"url\"> <meta itemprop=\"width\" content=\"95\"> <meta itemprop=\"height\" content=\"139\"> <img class=\"\" data-attachment-id=\"1489\" data-orig-file=\"https:\/\/peakguesthouses.com\/wp-content\/uploads\/2014\/07\/Tents_02.jpg\" data-orig-size=\"750,1100\" data-comments-opened=\"\" data-image-meta=\"{&quot;aperture&quot;:&quot;2.8&quot;,&quot;credit&quot;:&quot;&quot;,&quot;camera&quot;:&quot;Canon DIGITAL IXUS 80 IS&quot;,&quot;caption&quot;:&quot;&quot;,&quot;created_timestamp&quot;:&quot;1395915785&quot;,&quot;copyright&quot;:&quot;&quot;,&quot;focal_length&quot;:&quot;6.2&quot;,&quot;iso&quot;:&quot;80&quot;,&quot;shutter_speed&quot;:&quot;0.0015625&quot;,&quot;title&quot;:&quot;&quot;}\" data-image-title=\"Tents_02\" data-image-description=\"\" data-medium-file=\"https:\/\/i0.wp.com\/peakguesthouses.com\/wp-content\/uploads\/2014\/07\/Tents_02.jpg?fit=204%2C300&#038;ssl=1\" data-large-file=\"https:\/\/i0.wp.com\/peakguesthouses.com\/wp-content\/uploads\/2014\/07\/Tents_02.jpg?fit=698%2C1024&#038;ssl=1\" src=\"https:\/\/i0.wp.com\/peakguesthouses.com\/wp-content\/uploads\/2014\/07\/Tents_02.jpg?w=95&#038;h=139&#038;ssl=1\" srcset=\"https:\/\/i0.wp.com\/peakguesthouses.com\/wp-content\/uploads\/2014\/07\/Tents_02.jpg?w=750&amp;ssl=1 750w, https:\/\/i0.wp.com\/peakguesthouses.com\/wp-content\/uploads\/2014\/07\/Tents_02.jpg?resize=204%2C300&amp;ssl=1 204w, https:\/\/i0.wp.com\/peakguesthouses.com\/wp-content\/uploads\/2014\/07\/Tents_02.jpg?resize=698%2C1024&amp;ssl=1 698w\" width=\"95\" height=\"139\" loading=\"lazy\" data-original-width=\"95\" data-original-height=\"139\" itemprop=\"http:\/\/schema.org\/image\" title=\"Tents_02\" alt=\"Tents_02\" style=\"width: 95px; height: 139px;\" \/> <\/a> <\/div> <\/div> <!-- close group --> <div class=\"gallery-group images-1\" style=\"width: 207px; height: 143px;\" data-original-width=\"207\" data-original-height=\"143\" > <div class=\"tiled-gallery-item tiled-gallery-item-small\" itemprop=\"associatedMedia\" itemscope itemtype=\"http:\/\/schema.org\/ImageObject\"> <a href=\"https:\/\/peakguesthouses.com\/de\/tents_01-2\/\" border=\"0\" itemprop=\"url\"> <meta itemprop=\"width\" content=\"203\"> <meta itemprop=\"height\" content=\"139\"> <img class=\"\" data-attachment-id=\"1488\" data-orig-file=\"https:\/\/peakguesthouses.com\/wp-content\/uploads\/2014\/07\/Tents_01.jpg\" data-orig-size=\"1100,750\" data-comments-opened=\"\" data-image-meta=\"{&quot;aperture&quot;:&quot;8&quot;,&quot;credit&quot;:&quot;&quot;,&quot;camera&quot;:&quot;Canon DIGITAL IXUS 80 IS&quot;,&quot;caption&quot;:&quot;&quot;,&quot;created_timestamp&quot;:&quot;1395915599&quot;,&quot;copyright&quot;:&quot;&quot;,&quot;focal_length&quot;:&quot;6.2&quot;,&quot;iso&quot;:&quot;80&quot;,&quot;shutter_speed&quot;:&quot;0.008&quot;,&quot;title&quot;:&quot;&quot;}\" data-image-title=\"Tents_01\" data-image-description=\"\" data-medium-file=\"https:\/\/i0.wp.com\/peakguesthouses.com\/wp-content\/uploads\/2014\/07\/Tents_01.jpg?fit=300%2C204&#038;ssl=1\" data-large-file=\"https:\/\/i0.wp.com\/peakguesthouses.com\/wp-content\/uploads\/2014\/07\/Tents_01.jpg?fit=720%2C491&#038;ssl=1\" src=\"https:\/\/i0.wp.com\/peakguesthouses.com\/wp-content\/uploads\/2014\/07\/Tents_01.jpg?w=203&#038;h=139&#038;ssl=1\" srcset=\"https:\/\/i0.wp.com\/peakguesthouses.com\/wp-content\/uploads\/2014\/07\/Tents_01.jpg?w=1100&amp;ssl=1 1100w, https:\/\/i0.wp.com\/peakguesthouses.com\/wp-content\/uploads\/2014\/07\/Tents_01.jpg?resize=300%2C204&amp;ssl=1 300w, https:\/\/i0.wp.com\/peakguesthouses.com\/wp-content\/uploads\/2014\/07\/Tents_01.jpg?resize=1024%2C698&amp;ssl=1 1024w\" width=\"203\" height=\"139\" loading=\"lazy\" data-original-width=\"203\" data-original-height=\"139\" itemprop=\"http:\/\/schema.org\/image\" title=\"Tents_01\" alt=\"Tents_01\" style=\"width: 203px; height: 139px;\" \/> <\/a> <\/div> <\/div> <!-- close group --> <\/div> <!-- close row --> <\/div>\n","protected":false},"excerpt":{"rendered":"<p>Es gibt ein paar sch\u00f6ne Zeltpl\u00e4tze. Fragen Sie uns nach weiteren Informationen und Verf\u00fcgbarkeit. &nbsp;<\/p>\n","protected":false},"author":2,"featured_media":1488,"parent":0,"menu_order":0,"comment_status":"closed","ping_status":"closed","template":"","meta":{"footnotes":""},"class_list":["post-1546","page","type-page","status-publish","has-post-thumbnail","hentry"],"yoast_head":"<!-- This site is optimized with the Yoast SEO plugin v27.4 - https:\/\/yoast.com\/product\/yoast-seo-wordpress\/ -->\n<title>Schlafen in einem Zelt geyikbayiri, Antalya, T\u00fcrkei<\/title>\n<meta name=\"description\" content=\"Schlafen im Zelt nach dem Klettern in Geyikbayiri, Antalya, T\u00fcrkei\" \/>\n<meta name=\"robots\" content=\"index, follow, max-snippet:-1, max-image-preview:large, max-video-preview:-1\" \/>\n<link rel=\"canonical\" href=\"https:\/\/peakguesthouses.com\/de\/zeltplaetze\/\" \/>\n<meta property=\"og:locale\" content=\"de_DE\" \/>\n<meta property=\"og:type\" content=\"article\" \/>\n<meta property=\"og:title\" content=\"Schlafen in einem Zelt geyikbayiri, Antalya, T\u00fcrkei\" \/>\n<meta property=\"og:description\" content=\"Schlafen im Zelt nach dem Klettern in Geyikbayiri, Antalya, T\u00fcrkei\" \/>\n<meta property=\"og:url\" content=\"https:\/\/peakguesthouses.com\/de\/zeltplaetze\/\" \/>\n<meta property=\"og:site_name\" content=\"Peakguesthouses\" \/>\n<meta property=\"article:publisher\" content=\"https:\/\/www.facebook.com\/antalyaclimbing.geyikbayiri\" \/>\n<meta property=\"article:modified_time\" content=\"2025-11-04T12:54:57+00:00\" \/>\n<meta property=\"og:image\" content=\"https:\/\/i0.wp.com\/peakguesthouses.com\/wp-content\/uploads\/2014\/07\/Tents_01.jpg?fit=1100%2C750&ssl=1\" \/>\n\t<meta property=\"og:image:width\" content=\"1100\" \/>\n\t<meta property=\"og:image:height\" content=\"750\" \/>\n\t<meta property=\"og:image:type\" content=\"image\/jpeg\" \/>\n<script type=\"application\/ld+json\" class=\"yoast-schema-graph\">{\"@context\":\"https:\\\/\\\/schema.org\",\"@graph\":[{\"@type\":\"WebPage\",\"@id\":\"https:\\\/\\\/peakguesthouses.com\\\/de\\\/zeltplaetze\\\/\",\"url\":\"https:\\\/\\\/peakguesthouses.com\\\/de\\\/zeltplaetze\\\/\",\"name\":\"Schlafen in einem Zelt geyikbayiri, Antalya, T\u00fcrkei\",\"isPartOf\":{\"@id\":\"https:\\\/\\\/www.peakguesthouses.com\\\/de\\\/#website\"},\"primaryImageOfPage\":{\"@id\":\"https:\\\/\\\/peakguesthouses.com\\\/de\\\/zeltplaetze\\\/#primaryimage\"},\"image\":{\"@id\":\"https:\\\/\\\/peakguesthouses.com\\\/de\\\/zeltplaetze\\\/#primaryimage\"},\"thumbnailUrl\":\"https:\\\/\\\/i0.wp.com\\\/peakguesthouses.com\\\/wp-content\\\/uploads\\\/2014\\\/07\\\/Tents_01.jpg?fit=1100%2C750&ssl=1\",\"datePublished\":\"2014-07-28T20:31:41+00:00\",\"dateModified\":\"2025-11-04T12:54:57+00:00\",\"description\":\"Schlafen im Zelt nach dem Klettern in Geyikbayiri, Antalya, T\u00fcrkei\",\"breadcrumb\":{\"@id\":\"https:\\\/\\\/peakguesthouses.com\\\/de\\\/zeltplaetze\\\/#breadcrumb\"},\"inLanguage\":\"de\",\"potentialAction\":[{\"@type\":\"ReadAction\",\"target\":[\"https:\\\/\\\/peakguesthouses.com\\\/de\\\/zeltplaetze\\\/\"]}]},{\"@type\":\"ImageObject\",\"inLanguage\":\"de\",\"@id\":\"https:\\\/\\\/peakguesthouses.com\\\/de\\\/zeltplaetze\\\/#primaryimage\",\"url\":\"https:\\\/\\\/i0.wp.com\\\/peakguesthouses.com\\\/wp-content\\\/uploads\\\/2014\\\/07\\\/Tents_01.jpg?fit=1100%2C750&ssl=1\",\"contentUrl\":\"https:\\\/\\\/i0.wp.com\\\/peakguesthouses.com\\\/wp-content\\\/uploads\\\/2014\\\/07\\\/Tents_01.jpg?fit=1100%2C750&ssl=1\",\"width\":1100,\"height\":750},{\"@type\":\"BreadcrumbList\",\"@id\":\"https:\\\/\\\/peakguesthouses.com\\\/de\\\/zeltplaetze\\\/#breadcrumb\",\"itemListElement\":[{\"@type\":\"ListItem\",\"position\":1,\"name\":\"Home\",\"item\":\"https:\\\/\\\/peakguesthouses.com\\\/de\\\/\"},{\"@type\":\"ListItem\",\"position\":2,\"name\":\"Zeltpl\u00e4tze\"}]},{\"@type\":\"WebSite\",\"@id\":\"https:\\\/\\\/www.peakguesthouses.com\\\/de\\\/#website\",\"url\":\"https:\\\/\\\/www.peakguesthouses.com\\\/de\\\/\",\"name\":\"Peakguesthouses\",\"description\":\"Geyikbayiri, Turkey, Rock Climbing and more...\",\"potentialAction\":[{\"@type\":\"SearchAction\",\"target\":{\"@type\":\"EntryPoint\",\"urlTemplate\":\"https:\\\/\\\/www.peakguesthouses.com\\\/de\\\/?s={search_term_string}\"},\"query-input\":{\"@type\":\"PropertyValueSpecification\",\"valueRequired\":true,\"valueName\":\"search_term_string\"}}],\"inLanguage\":\"de\"}]}<\/script>\n<!-- \/ Yoast SEO plugin. -->","yoast_head_json":{"title":"Schlafen in einem Zelt geyikbayiri, Antalya, T\u00fcrkei","description":"Schlafen im Zelt nach dem Klettern in Geyikbayiri, Antalya, T\u00fcrkei","robots":{"index":"index","follow":"follow","max-snippet":"max-snippet:-1","max-image-preview":"max-image-preview:large","max-video-preview":"max-video-preview:-1"},"canonical":"https:\/\/peakguesthouses.com\/de\/zeltplaetze\/","og_locale":"de_DE","og_type":"article","og_title":"Schlafen in einem Zelt geyikbayiri, Antalya, T\u00fcrkei","og_description":"Schlafen im Zelt nach dem Klettern in Geyikbayiri, Antalya, T\u00fcrkei","og_url":"https:\/\/peakguesthouses.com\/de\/zeltplaetze\/","og_site_name":"Peakguesthouses","article_publisher":"https:\/\/www.facebook.com\/antalyaclimbing.geyikbayiri","article_modified_time":"2025-11-04T12:54:57+00:00","og_image":[{"width":1100,"height":750,"url":"https:\/\/i0.wp.com\/peakguesthouses.com\/wp-content\/uploads\/2014\/07\/Tents_01.jpg?fit=1100%2C750&ssl=1","type":"image\/jpeg"}],"schema":{"@context":"https:\/\/schema.org","@graph":[{"@type":"WebPage","@id":"https:\/\/peakguesthouses.com\/de\/zeltplaetze\/","url":"https:\/\/peakguesthouses.com\/de\/zeltplaetze\/","name":"Schlafen in einem Zelt geyikbayiri, Antalya, T\u00fcrkei","isPartOf":{"@id":"https:\/\/www.peakguesthouses.com\/de\/#website"},"primaryImageOfPage":{"@id":"https:\/\/peakguesthouses.com\/de\/zeltplaetze\/#primaryimage"},"image":{"@id":"https:\/\/peakguesthouses.com\/de\/zeltplaetze\/#primaryimage"},"thumbnailUrl":"https:\/\/i0.wp.com\/peakguesthouses.com\/wp-content\/uploads\/2014\/07\/Tents_01.jpg?fit=1100%2C750&ssl=1","datePublished":"2014-07-28T20:31:41+00:00","dateModified":"2025-11-04T12:54:57+00:00","description":"Schlafen im Zelt nach dem Klettern in Geyikbayiri, Antalya, T\u00fcrkei","breadcrumb":{"@id":"https:\/\/peakguesthouses.com\/de\/zeltplaetze\/#breadcrumb"},"inLanguage":"de","potentialAction":[{"@type":"ReadAction","target":["https:\/\/peakguesthouses.com\/de\/zeltplaetze\/"]}]},{"@type":"ImageObject","inLanguage":"de","@id":"https:\/\/peakguesthouses.com\/de\/zeltplaetze\/#primaryimage","url":"https:\/\/i0.wp.com\/peakguesthouses.com\/wp-content\/uploads\/2014\/07\/Tents_01.jpg?fit=1100%2C750&ssl=1","contentUrl":"https:\/\/i0.wp.com\/peakguesthouses.com\/wp-content\/uploads\/2014\/07\/Tents_01.jpg?fit=1100%2C750&ssl=1","width":1100,"height":750},{"@type":"BreadcrumbList","@id":"https:\/\/peakguesthouses.com\/de\/zeltplaetze\/#breadcrumb","itemListElement":[{"@type":"ListItem","position":1,"name":"Home","item":"https:\/\/peakguesthouses.com\/de\/"},{"@type":"ListItem","position":2,"name":"Zeltpl\u00e4tze"}]},{"@type":"WebSite","@id":"https:\/\/www.peakguesthouses.com\/de\/#website","url":"https:\/\/www.peakguesthouses.com\/de\/","name":"Peakguesthouses","description":"Geyikbayiri, Turkey, Rock Climbing and more...","potentialAction":[{"@type":"SearchAction","target":{"@type":"EntryPoint","urlTemplate":"https:\/\/www.peakguesthouses.com\/de\/?s={search_term_string}"},"query-input":{"@type":"PropertyValueSpecification","valueRequired":true,"valueName":"search_term_string"}}],"inLanguage":"de"}]}},"jetpack_sharing_enabled":true,"_links":{"self":[{"href":"https:\/\/peakguesthouses.com\/de\/wp-json\/wp\/v2\/pages\/1546","targetHints":{"allow":["GET"]}}],"collection":[{"href":"https:\/\/peakguesthouses.com\/de\/wp-json\/wp\/v2\/pages"}],"about":[{"href":"https:\/\/peakguesthouses.com\/de\/wp-json\/wp\/v2\/types\/page"}],"author":[{"embeddable":true,"href":"https:\/\/peakguesthouses.com\/de\/wp-json\/wp\/v2\/users\/2"}],"replies":[{"embeddable":true,"href":"https:\/\/peakguesthouses.com\/de\/wp-json\/wp\/v2\/comments?post=1546"}],"version-history":[{"count":2,"href":"https:\/\/peakguesthouses.com\/de\/wp-json\/wp\/v2\/pages\/1546\/revisions"}],"predecessor-version":[{"id":1640,"href":"https:\/\/peakguesthouses.com\/de\/wp-json\/wp\/v2\/pages\/1546\/revisions\/1640"}],"wp:featuredmedia":[{"embeddable":true,"href":"https:\/\/peakguesthouses.com\/de\/wp-json\/wp\/v2\/media\/1488"}],"wp:attachment":[{"href":"https:\/\/peakguesthouses.com\/de\/wp-json\/wp\/v2\/media?parent=1546"}],"curies":[{"name":"wp","href":"https:\/\/api.w.org\/{rel}","templated":true}]}}