{"id":1543,"date":"2014-07-28T18:15:14","date_gmt":"2014-07-28T15:15:14","guid":{"rendered":"https:\/\/peakguesthouses.com\/startseite\/"},"modified":"2024-03-21T11:47:14","modified_gmt":"2024-03-21T08:47:14","slug":"startseite","status":"publish","type":"page","link":"https:\/\/peakguesthouses.com\/de\/","title":{"rendered":"Startseite"},"content":{"rendered":"","protected":false},"excerpt":{"rendered":"","protected":false},"author":2,"featured_media":1224,"parent":0,"menu_order":0,"comment_status":"closed","ping_status":"closed","template":"page-templates\/business-five.php","meta":{"footnotes":""},"class_list":["post-1543","page","type-page","status-publish","has-post-thumbnail","hentry"],"yoast_head":"<!-- This site is optimized with the Yoast SEO plugin v27.5 - https:\/\/yoast.com\/product\/yoast-seo-wordpress\/ -->\n<title>Klettern, Bungalow geyikbayiri, Antalya, T\u00fcrkei<\/title>\n<meta name=\"description\" content=\"Entfliehen Sie in das atemberaubende Camp der Peak Guesthouses in Geyikbayiri, T\u00fcrkei, und tauchen Sie ein in die authentische t\u00fcrkische Kultur. \u00dcbernachten Sie in gem\u00fctlichen Bungalows oder campen Sie unter dem Sternenhimmel und genie\u00dfen Sie die traditionelle t\u00fcrkische K\u00fcche im einladenden Restaurant. Mit einem atemberaubenden Blick auf die Berge und den Wald ist dieser ruhige R\u00fcckzugsort eine Oase f\u00fcr Naturliebhaber und Kletterer. Erkunden Sie die Weltklasse-Klettergebiete in der N\u00e4he, die f\u00fcr Kletterer aller Stufen geeignet sind. Entdecken Sie den ultimativen Kletterurlaub im Peak Guesthouses Camp, wo Abenteuer und Entspannung auf Sie warten. Buchen Sie jetzt Ihren Aufenthalt!\" \/>\n<meta name=\"robots\" content=\"index, follow, max-snippet:-1, max-image-preview:large, max-video-preview:-1\" \/>\n<link rel=\"canonical\" href=\"https:\/\/peakguesthouses.com\/de\/\" \/>\n<meta property=\"og:locale\" content=\"de_DE\" \/>\n<meta property=\"og:type\" content=\"article\" \/>\n<meta property=\"og:title\" content=\"Klettern, Bungalow geyikbayiri, Antalya, T\u00fcrkei\" \/>\n<meta property=\"og:description\" content=\"Entfliehen Sie in das atemberaubende Camp der Peak Guesthouses in Geyikbayiri, T\u00fcrkei, und tauchen Sie ein in die authentische t\u00fcrkische Kultur. \u00dcbernachten Sie in gem\u00fctlichen Bungalows oder campen Sie unter dem Sternenhimmel und genie\u00dfen Sie die traditionelle t\u00fcrkische K\u00fcche im einladenden Restaurant. Mit einem atemberaubenden Blick auf die Berge und den Wald ist dieser ruhige R\u00fcckzugsort eine Oase f\u00fcr Naturliebhaber und Kletterer. Erkunden Sie die Weltklasse-Klettergebiete in der N\u00e4he, die f\u00fcr Kletterer aller Stufen geeignet sind. Entdecken Sie den ultimativen Kletterurlaub im Peak Guesthouses Camp, wo Abenteuer und Entspannung auf Sie warten. Buchen Sie jetzt Ihren Aufenthalt!\" \/>\n<meta property=\"og:url\" content=\"https:\/\/peakguesthouses.com\/de\/\" \/>\n<meta property=\"og:site_name\" content=\"Peakguesthouses\" \/>\n<meta property=\"article:publisher\" content=\"https:\/\/www.facebook.com\/antalyaclimbing.geyikbayiri\" \/>\n<meta property=\"article:modified_time\" content=\"2024-03-21T08:47:14+00:00\" \/>\n<meta property=\"og:image\" content=\"https:\/\/i0.wp.com\/peakguesthouses.com\/wp-content\/uploads\/2014\/07\/Peak_Guesthouses_014.jpg?fit=1100%2C750&ssl=1\" \/>\n\t<meta property=\"og:image:width\" content=\"1100\" \/>\n\t<meta property=\"og:image:height\" content=\"750\" \/>\n\t<meta property=\"og:image:type\" content=\"image\/jpeg\" \/>\n<script type=\"application\/ld+json\" class=\"yoast-schema-graph\">{\"@context\":\"https:\\\/\\\/schema.org\",\"@graph\":[{\"@type\":\"WebPage\",\"@id\":\"https:\\\/\\\/peakguesthouses.com\\\/de\\\/\",\"url\":\"https:\\\/\\\/peakguesthouses.com\\\/de\\\/\",\"name\":\"Klettern, Bungalow geyikbayiri, Antalya, T\u00fcrkei\",\"isPartOf\":{\"@id\":\"https:\\\/\\\/www.peakguesthouses.com\\\/de\\\/#website\"},\"primaryImageOfPage\":{\"@id\":\"https:\\\/\\\/peakguesthouses.com\\\/de\\\/#primaryimage\"},\"image\":{\"@id\":\"https:\\\/\\\/peakguesthouses.com\\\/de\\\/#primaryimage\"},\"thumbnailUrl\":\"https:\\\/\\\/i0.wp.com\\\/peakguesthouses.com\\\/wp-content\\\/uploads\\\/2014\\\/07\\\/Peak_Guesthouses_014.jpg?fit=1100%2C750&ssl=1\",\"datePublished\":\"2014-07-28T15:15:14+00:00\",\"dateModified\":\"2024-03-21T08:47:14+00:00\",\"description\":\"Entfliehen Sie in das atemberaubende Camp der Peak Guesthouses in Geyikbayiri, T\u00fcrkei, und tauchen Sie ein in die authentische t\u00fcrkische Kultur. \u00dcbernachten Sie in gem\u00fctlichen Bungalows oder campen Sie unter dem Sternenhimmel und genie\u00dfen Sie die traditionelle t\u00fcrkische K\u00fcche im einladenden Restaurant. Mit einem atemberaubenden Blick auf die Berge und den Wald ist dieser ruhige R\u00fcckzugsort eine Oase f\u00fcr Naturliebhaber und Kletterer. Erkunden Sie die Weltklasse-Klettergebiete in der N\u00e4he, die f\u00fcr Kletterer aller Stufen geeignet sind. Entdecken Sie den ultimativen Kletterurlaub im Peak Guesthouses Camp, wo Abenteuer und Entspannung auf Sie warten. Buchen Sie jetzt Ihren Aufenthalt!\",\"breadcrumb\":{\"@id\":\"https:\\\/\\\/peakguesthouses.com\\\/de\\\/#breadcrumb\"},\"inLanguage\":\"de\",\"potentialAction\":[{\"@type\":\"ReadAction\",\"target\":[\"https:\\\/\\\/peakguesthouses.com\\\/de\\\/\"]}]},{\"@type\":\"ImageObject\",\"inLanguage\":\"de\",\"@id\":\"https:\\\/\\\/peakguesthouses.com\\\/de\\\/#primaryimage\",\"url\":\"https:\\\/\\\/i0.wp.com\\\/peakguesthouses.com\\\/wp-content\\\/uploads\\\/2014\\\/07\\\/Peak_Guesthouses_014.jpg?fit=1100%2C750&ssl=1\",\"contentUrl\":\"https:\\\/\\\/i0.wp.com\\\/peakguesthouses.com\\\/wp-content\\\/uploads\\\/2014\\\/07\\\/Peak_Guesthouses_014.jpg?fit=1100%2C750&ssl=1\",\"width\":1100,\"height\":750},{\"@type\":\"BreadcrumbList\",\"@id\":\"https:\\\/\\\/peakguesthouses.com\\\/de\\\/#breadcrumb\",\"itemListElement\":[{\"@type\":\"ListItem\",\"position\":1,\"name\":\"Home\",\"item\":\"https:\\\/\\\/peakguesthouses.com\\\/de\\\/\"},{\"@type\":\"ListItem\",\"position\":2,\"name\":\"Startseite\"}]},{\"@type\":\"WebSite\",\"@id\":\"https:\\\/\\\/www.peakguesthouses.com\\\/de\\\/#website\",\"url\":\"https:\\\/\\\/www.peakguesthouses.com\\\/de\\\/\",\"name\":\"Peakguesthouses\",\"description\":\"Geyikbayiri, Turkey, Rock Climbing and more...\",\"potentialAction\":[{\"@type\":\"SearchAction\",\"target\":{\"@type\":\"EntryPoint\",\"urlTemplate\":\"https:\\\/\\\/www.peakguesthouses.com\\\/de\\\/?s={search_term_string}\"},\"query-input\":{\"@type\":\"PropertyValueSpecification\",\"valueRequired\":true,\"valueName\":\"search_term_string\"}}],\"inLanguage\":\"de\"}]}<\/script>\n<!-- \/ Yoast SEO plugin. -->","yoast_head_json":{"title":"Klettern, Bungalow geyikbayiri, Antalya, T\u00fcrkei","description":"Entfliehen Sie in das atemberaubende Camp der Peak Guesthouses in Geyikbayiri, T\u00fcrkei, und tauchen Sie ein in die authentische t\u00fcrkische Kultur. \u00dcbernachten Sie in gem\u00fctlichen Bungalows oder campen Sie unter dem Sternenhimmel und genie\u00dfen Sie die traditionelle t\u00fcrkische K\u00fcche im einladenden Restaurant. Mit einem atemberaubenden Blick auf die Berge und den Wald ist dieser ruhige R\u00fcckzugsort eine Oase f\u00fcr Naturliebhaber und Kletterer. Erkunden Sie die Weltklasse-Klettergebiete in der N\u00e4he, die f\u00fcr Kletterer aller Stufen geeignet sind. Entdecken Sie den ultimativen Kletterurlaub im Peak Guesthouses Camp, wo Abenteuer und Entspannung auf Sie warten. Buchen Sie jetzt Ihren Aufenthalt!","robots":{"index":"index","follow":"follow","max-snippet":"max-snippet:-1","max-image-preview":"max-image-preview:large","max-video-preview":"max-video-preview:-1"},"canonical":"https:\/\/peakguesthouses.com\/de\/","og_locale":"de_DE","og_type":"article","og_title":"Klettern, Bungalow geyikbayiri, Antalya, T\u00fcrkei","og_description":"Entfliehen Sie in das atemberaubende Camp der Peak Guesthouses in Geyikbayiri, T\u00fcrkei, und tauchen Sie ein in die authentische t\u00fcrkische Kultur. \u00dcbernachten Sie in gem\u00fctlichen Bungalows oder campen Sie unter dem Sternenhimmel und genie\u00dfen Sie die traditionelle t\u00fcrkische K\u00fcche im einladenden Restaurant. Mit einem atemberaubenden Blick auf die Berge und den Wald ist dieser ruhige R\u00fcckzugsort eine Oase f\u00fcr Naturliebhaber und Kletterer. Erkunden Sie die Weltklasse-Klettergebiete in der N\u00e4he, die f\u00fcr Kletterer aller Stufen geeignet sind. Entdecken Sie den ultimativen Kletterurlaub im Peak Guesthouses Camp, wo Abenteuer und Entspannung auf Sie warten. Buchen Sie jetzt Ihren Aufenthalt!","og_url":"https:\/\/peakguesthouses.com\/de\/","og_site_name":"Peakguesthouses","article_publisher":"https:\/\/www.facebook.com\/antalyaclimbing.geyikbayiri","article_modified_time":"2024-03-21T08:47:14+00:00","og_image":[{"width":1100,"height":750,"url":"https:\/\/i0.wp.com\/peakguesthouses.com\/wp-content\/uploads\/2014\/07\/Peak_Guesthouses_014.jpg?fit=1100%2C750&ssl=1","type":"image\/jpeg"}],"schema":{"@context":"https:\/\/schema.org","@graph":[{"@type":"WebPage","@id":"https:\/\/peakguesthouses.com\/de\/","url":"https:\/\/peakguesthouses.com\/de\/","name":"Klettern, Bungalow geyikbayiri, Antalya, T\u00fcrkei","isPartOf":{"@id":"https:\/\/www.peakguesthouses.com\/de\/#website"},"primaryImageOfPage":{"@id":"https:\/\/peakguesthouses.com\/de\/#primaryimage"},"image":{"@id":"https:\/\/peakguesthouses.com\/de\/#primaryimage"},"thumbnailUrl":"https:\/\/i0.wp.com\/peakguesthouses.com\/wp-content\/uploads\/2014\/07\/Peak_Guesthouses_014.jpg?fit=1100%2C750&ssl=1","datePublished":"2014-07-28T15:15:14+00:00","dateModified":"2024-03-21T08:47:14+00:00","description":"Entfliehen Sie in das atemberaubende Camp der Peak Guesthouses in Geyikbayiri, T\u00fcrkei, und tauchen Sie ein in die authentische t\u00fcrkische Kultur. \u00dcbernachten Sie in gem\u00fctlichen Bungalows oder campen Sie unter dem Sternenhimmel und genie\u00dfen Sie die traditionelle t\u00fcrkische K\u00fcche im einladenden Restaurant. Mit einem atemberaubenden Blick auf die Berge und den Wald ist dieser ruhige R\u00fcckzugsort eine Oase f\u00fcr Naturliebhaber und Kletterer. Erkunden Sie die Weltklasse-Klettergebiete in der N\u00e4he, die f\u00fcr Kletterer aller Stufen geeignet sind. Entdecken Sie den ultimativen Kletterurlaub im Peak Guesthouses Camp, wo Abenteuer und Entspannung auf Sie warten. Buchen Sie jetzt Ihren Aufenthalt!","breadcrumb":{"@id":"https:\/\/peakguesthouses.com\/de\/#breadcrumb"},"inLanguage":"de","potentialAction":[{"@type":"ReadAction","target":["https:\/\/peakguesthouses.com\/de\/"]}]},{"@type":"ImageObject","inLanguage":"de","@id":"https:\/\/peakguesthouses.com\/de\/#primaryimage","url":"https:\/\/i0.wp.com\/peakguesthouses.com\/wp-content\/uploads\/2014\/07\/Peak_Guesthouses_014.jpg?fit=1100%2C750&ssl=1","contentUrl":"https:\/\/i0.wp.com\/peakguesthouses.com\/wp-content\/uploads\/2014\/07\/Peak_Guesthouses_014.jpg?fit=1100%2C750&ssl=1","width":1100,"height":750},{"@type":"BreadcrumbList","@id":"https:\/\/peakguesthouses.com\/de\/#breadcrumb","itemListElement":[{"@type":"ListItem","position":1,"name":"Home","item":"https:\/\/peakguesthouses.com\/de\/"},{"@type":"ListItem","position":2,"name":"Startseite"}]},{"@type":"WebSite","@id":"https:\/\/www.peakguesthouses.com\/de\/#website","url":"https:\/\/www.peakguesthouses.com\/de\/","name":"Peakguesthouses","description":"Geyikbayiri, Turkey, Rock Climbing and more...","potentialAction":[{"@type":"SearchAction","target":{"@type":"EntryPoint","urlTemplate":"https:\/\/www.peakguesthouses.com\/de\/?s={search_term_string}"},"query-input":{"@type":"PropertyValueSpecification","valueRequired":true,"valueName":"search_term_string"}}],"inLanguage":"de"}]}},"jetpack_sharing_enabled":true,"_links":{"self":[{"href":"https:\/\/peakguesthouses.com\/de\/wp-json\/wp\/v2\/pages\/1543","targetHints":{"allow":["GET"]}}],"collection":[{"href":"https:\/\/peakguesthouses.com\/de\/wp-json\/wp\/v2\/pages"}],"about":[{"href":"https:\/\/peakguesthouses.com\/de\/wp-json\/wp\/v2\/types\/page"}],"author":[{"embeddable":true,"href":"https:\/\/peakguesthouses.com\/de\/wp-json\/wp\/v2\/users\/2"}],"replies":[{"embeddable":true,"href":"https:\/\/peakguesthouses.com\/de\/wp-json\/wp\/v2\/comments?post=1543"}],"version-history":[{"count":1,"href":"https:\/\/peakguesthouses.com\/de\/wp-json\/wp\/v2\/pages\/1543\/revisions"}],"predecessor-version":[{"id":1579,"href":"https:\/\/peakguesthouses.com\/de\/wp-json\/wp\/v2\/pages\/1543\/revisions\/1579"}],"wp:featuredmedia":[{"embeddable":true,"href":"https:\/\/peakguesthouses.com\/de\/wp-json\/wp\/v2\/media\/1224"}],"wp:attachment":[{"href":"https:\/\/peakguesthouses.com\/de\/wp-json\/wp\/v2\/media?parent=1543"}],"curies":[{"name":"wp","href":"https:\/\/api.w.org\/{rel}","templated":true}]}}